{"id":856,"date":"2019-05-27T15:22:22","date_gmt":"2019-05-27T12:22:22","guid":{"rendered":"https:\/\/sovittelu.fi\/pohjoissavo\/?page_id=856"},"modified":"2024-01-02T12:07:27","modified_gmt":"2024-01-02T09:07:27","slug":"pohjois-savon-sovittelutoimisto","status":"publish","type":"page","link":"https:\/\/sovittelu.fi\/pohjoissavo\/sovittelutoimisto\/pohjois-savon-sovittelutoimisto\/","title":{"rendered":"Pohjois-Savon sovittelutoimisto"},"content":{"rendered":"<p>[et_pb_section fb_built=&#8221;1&#8243; _builder_version=&#8221;4.16&#8243; min_height=&#8221;316px&#8221; custom_padding=&#8221;||31px|||&#8221; global_colors_info=&#8221;{}&#8221;][et_pb_row _builder_version=&#8221;4.16&#8243; background_size=&#8221;initial&#8221; background_position=&#8221;top_left&#8221; background_repeat=&#8221;repeat&#8221; global_colors_info=&#8221;{}&#8221;][et_pb_column type=&#8221;4_4&#8243; _builder_version=&#8221;4.16&#8243; custom_padding=&#8221;|||&#8221; global_colors_info=&#8221;{}&#8221; custom_padding__hover=&#8221;|||&#8221;][et_pb_text _builder_version=&#8221;4.23&#8243; z_index_tablet=&#8221;500&#8243; text_text_shadow_horizontal_length_tablet=&#8221;0px&#8221; text_text_shadow_vertical_length_tablet=&#8221;0px&#8221; text_text_shadow_blur_strength_tablet=&#8221;1px&#8221; link_text_shadow_horizontal_length_tablet=&#8221;0px&#8221; link_text_shadow_vertical_length_tablet=&#8221;0px&#8221; link_text_shadow_blur_strength_tablet=&#8221;1px&#8221; ul_text_shadow_horizontal_length_tablet=&#8221;0px&#8221; ul_text_shadow_vertical_length_tablet=&#8221;0px&#8221; ul_text_shadow_blur_strength_tablet=&#8221;1px&#8221; ol_text_shadow_horizontal_length_tablet=&#8221;0px&#8221; ol_text_shadow_vertical_length_tablet=&#8221;0px&#8221; ol_text_shadow_blur_strength_tablet=&#8221;1px&#8221; quote_text_shadow_horizontal_length_tablet=&#8221;0px&#8221; quote_text_shadow_vertical_length_tablet=&#8221;0px&#8221; quote_text_shadow_blur_strength_tablet=&#8221;1px&#8221; header_text_shadow_horizontal_length_tablet=&#8221;0px&#8221; header_text_shadow_vertical_length_tablet=&#8221;0px&#8221; header_text_shadow_blur_strength_tablet=&#8221;1px&#8221; header_2_text_shadow_horizontal_length_tablet=&#8221;0px&#8221; header_2_text_shadow_vertical_length_tablet=&#8221;0px&#8221; header_2_text_shadow_blur_strength_tablet=&#8221;1px&#8221; header_3_text_shadow_horizontal_length_tablet=&#8221;0px&#8221; header_3_text_shadow_vertical_length_tablet=&#8221;0px&#8221; header_3_text_shadow_blur_strength_tablet=&#8221;1px&#8221; header_4_text_shadow_horizontal_length_tablet=&#8221;0px&#8221; header_4_text_shadow_vertical_length_tablet=&#8221;0px&#8221; header_4_text_shadow_blur_strength_tablet=&#8221;1px&#8221; header_5_text_shadow_horizontal_length_tablet=&#8221;0px&#8221; header_5_text_shadow_vertical_length_tablet=&#8221;0px&#8221; header_5_text_shadow_blur_strength_tablet=&#8221;1px&#8221; header_6_text_shadow_horizontal_length_tablet=&#8221;0px&#8221; header_6_text_shadow_vertical_length_tablet=&#8221;0px&#8221; header_6_text_shadow_blur_strength_tablet=&#8221;1px&#8221; box_shadow_horizontal_tablet=&#8221;0px&#8221; box_shadow_vertical_tablet=&#8221;0px&#8221; box_shadow_blur_tablet=&#8221;40px&#8221; box_shadow_spread_tablet=&#8221;0px&#8221; global_colors_info=&#8221;{}&#8221;]<\/p>\n<h1>Pohjois-Savon sovittelutoimisto<\/h1>\n<p><span style=\"font-size: 12pt\">Pohjois-Savon alueella sovittelutoiminnan j\u00e4rjest\u00e4misest\u00e4 vastaa Pohjois-Savon sovittelutoimisto. <strong>Kuopion<\/strong> sovittelutoimisto<br \/>sijaitsee keskustassa <\/span><span style=\"font-size: 12pt\">torin laidalla Sektorin tavaratalossa ja <strong>Iisalmen<\/strong> aluetoimisto l\u00f6ytyy Naistentalon tiloista. <\/span><\/p>\n<p><span style=\"font-size: 12pt\">Pohjois-Savon sovittelutoimistoa hallinnoi Kuopion kaupunki. Sovittelutoiminan yleinen johto, ohjaus ja valvonta kuuluvat<br \/>sosiaali- ja terveysministeri\u00f6lle. Valtakunnallisesti sovittelupalvelun koordinoinnista, kehitt\u00e4misest\u00e4 ja tilastoinnista vastaa<br \/>Terveyden- ja hyvinvoinnin laitos, THL.<br \/><\/span><\/p>\n<p><span style=\"font-size: 12pt\"> Sovittelutoimistosta saa tarvittaessa neuvoja asian k\u00e4sittelyyn liittyviin kysymyksiin.<\/span><\/p>\n<p>[\/et_pb_text][\/et_pb_column][\/et_pb_row][\/et_pb_section][et_pb_section fb_built=&#8221;1&#8243; module_id=&#8221;yhteystiedot&#8221; _builder_version=&#8221;4.23&#8243; background_color=&#8221;#f9f9f9&#8243; z_index_tablet=&#8221;500&#8243; box_shadow_horizontal_tablet=&#8221;0px&#8221; box_shadow_vertical_tablet=&#8221;0px&#8221; box_shadow_blur_tablet=&#8221;40px&#8221; box_shadow_spread_tablet=&#8221;0px&#8221; global_module=&#8221;870&#8243; global_colors_info=&#8221;{}&#8221;][et_pb_row column_structure=&#8221;1_2,1_2&#8243; use_custom_gutter=&#8221;on&#8221; gutter_width=&#8221;2&#8243; _builder_version=&#8221;4.16&#8243; max_width=&#8221;2560px&#8221; z_index_tablet=&#8221;500&#8243; box_shadow_horizontal_tablet=&#8221;0px&#8221; box_shadow_vertical_tablet=&#8221;0px&#8221; box_shadow_blur_tablet=&#8221;40px&#8221; box_shadow_spread_tablet=&#8221;0px&#8221; global_colors_info=&#8221;{}&#8221;][et_pb_column type=&#8221;1_2&#8243; _builder_version=&#8221;4.16&#8243; global_colors_info=&#8221;{}&#8221; custom_padding__hover=&#8221;|||&#8221;][et_pb_image src=&#8221;https:\/\/sovittelu.fi\/pohjoissavo\/wp-content\/uploads\/sites\/5\/2019\/05\/supliikki1-1-scaled.jpg&#8221; align=&#8221;right&#8221; align_tablet=&#8221;center&#8221; align_phone=&#8221;&#8221; align_last_edited=&#8221;on|desktop&#8221; _builder_version=&#8221;4.23&#8243; background_color=&#8221;rgba(0,0,0,0)&#8221; transform_origin=&#8221;54%|30%&#8221; width=&#8221;430px&#8221; custom_padding=&#8221;10px|10px|0px|10px||&#8221; z_index_tablet=&#8221;500&#8243; border_radii=&#8221;on|7px|7px|7px|7px&#8221; border_width_all=&#8221;10px&#8221; border_color_all=&#8221;#e2e2e2&#8243; box_shadow_horizontal_tablet=&#8221;0px&#8221; box_shadow_vertical_tablet=&#8221;0px&#8221; box_shadow_blur_tablet=&#8221;40px&#8221; box_shadow_spread_tablet=&#8221;0px&#8221; global_colors_info=&#8221;{}&#8221;][\/et_pb_image][et_pb_image src=&#8221;https:\/\/sovittelu.fi\/pohjoissavo\/wp-content\/uploads\/sites\/5\/2019\/05\/Iisalmentsto-scaled.jpg&#8221; align=&#8221;right&#8221; align_tablet=&#8221;center&#8221; align_phone=&#8221;&#8221; align_last_edited=&#8221;on|desktop&#8221; _builder_version=&#8221;4.23&#8243; background_color=&#8221;rgba(0,0,0,0)&#8221; width=&#8221;430px&#8221; custom_padding=&#8221;10px|10px|0px|10px||&#8221; z_index_tablet=&#8221;500&#8243; border_radii=&#8221;on|7px|7px|7px|7px&#8221; border_width_all=&#8221;10px&#8221; border_color_all=&#8221;#e2e2e2&#8243; box_shadow_horizontal_tablet=&#8221;0px&#8221; box_shadow_vertical_tablet=&#8221;0px&#8221; box_shadow_blur_tablet=&#8221;40px&#8221; box_shadow_spread_tablet=&#8221;0px&#8221; global_colors_info=&#8221;{}&#8221;][\/et_pb_image][\/et_pb_column][et_pb_column type=&#8221;1_2&#8243; _builder_version=&#8221;4.16&#8243; global_colors_info=&#8221;{}&#8221;][et_pb_text admin_label=&#8221;Osoite&#8221; _builder_version=&#8221;4.23&#8243; text_font=&#8221;|700|||||||&#8221; text_text_color=&#8221;#000000&#8243; min_height=&#8221;593px&#8221; link_option_url=&#8221;heikki.ryynanen1@kuopio.fi&#8221; link_option_url_new_window=&#8221;on&#8221; hover_enabled=&#8221;0&#8243; z_index_tablet=&#8221;500&#8243; text_text_shadow_horizontal_length_tablet=&#8221;0px&#8221; text_text_shadow_vertical_length_tablet=&#8221;0px&#8221; text_text_shadow_blur_strength_tablet=&#8221;1px&#8221; link_text_shadow_horizontal_length_tablet=&#8221;0px&#8221; link_text_shadow_vertical_length_tablet=&#8221;0px&#8221; link_text_shadow_blur_strength_tablet=&#8221;1px&#8221; ul_text_shadow_horizontal_length_tablet=&#8221;0px&#8221; ul_text_shadow_vertical_length_tablet=&#8221;0px&#8221; ul_text_shadow_blur_strength_tablet=&#8221;1px&#8221; ol_text_shadow_horizontal_length_tablet=&#8221;0px&#8221; ol_text_shadow_vertical_length_tablet=&#8221;0px&#8221; ol_text_shadow_blur_strength_tablet=&#8221;1px&#8221; quote_text_shadow_horizontal_length_tablet=&#8221;0px&#8221; quote_text_shadow_vertical_length_tablet=&#8221;0px&#8221; quote_text_shadow_blur_strength_tablet=&#8221;1px&#8221; header_text_shadow_horizontal_length_tablet=&#8221;0px&#8221; header_text_shadow_vertical_length_tablet=&#8221;0px&#8221; header_text_shadow_blur_strength_tablet=&#8221;1px&#8221; header_2_text_shadow_horizontal_length_tablet=&#8221;0px&#8221; header_2_text_shadow_vertical_length_tablet=&#8221;0px&#8221; header_2_text_shadow_blur_strength_tablet=&#8221;1px&#8221; header_3_text_shadow_horizontal_length_tablet=&#8221;0px&#8221; header_3_text_shadow_vertical_length_tablet=&#8221;0px&#8221; header_3_text_shadow_blur_strength_tablet=&#8221;1px&#8221; header_4_text_shadow_horizontal_length_tablet=&#8221;0px&#8221; header_4_text_shadow_vertical_length_tablet=&#8221;0px&#8221; header_4_text_shadow_blur_strength_tablet=&#8221;1px&#8221; header_5_text_shadow_horizontal_length_tablet=&#8221;0px&#8221; header_5_text_shadow_vertical_length_tablet=&#8221;0px&#8221; header_5_text_shadow_blur_strength_tablet=&#8221;1px&#8221; header_6_text_shadow_horizontal_length_tablet=&#8221;0px&#8221; header_6_text_shadow_vertical_length_tablet=&#8221;0px&#8221; header_6_text_shadow_blur_strength_tablet=&#8221;1px&#8221; box_shadow_horizontal_tablet=&#8221;0px&#8221; box_shadow_vertical_tablet=&#8221;0px&#8221; box_shadow_blur_tablet=&#8221;40px&#8221; box_shadow_spread_tablet=&#8221;0px&#8221; global_colors_info=&#8221;{}&#8221; sticky_enabled=&#8221;0&#8243;]<\/p>\n<h3><strong>YHTEYSTIEDOT<br \/><\/strong><\/h3>\n<p><strong>KUOPIO:<br \/>Puijonkatu 23 (Sektori 4.krs)<br \/>70100 KUOPIO<br \/><\/strong><br \/><strong>IISALMI: <\/strong><br \/><strong>Pohjolankatu 9 B\u00a0 (Naistentalo)<\/strong><br \/><strong>74100 IISALMI<\/strong><\/p>\n<p><strong>\u00a0<\/strong><\/p>\n<p>Sovittelutoimiston johtaja <strong>Mika Murtorinne<\/strong><br \/>p. 044 718 3307,\u00a0<span id=\"cloak82024\"><a href=\"mailto:mika.murtorinne@kuopio.fi\">mika.murtorinne@kuopio.fi<\/a><\/span><\/p>\n<p>Sovittelun ohjaaja <strong>Aija Utriainen<\/strong><br \/>p. 044 718 1229,\u00a0<span id=\"cloak65103\"><a href=\"mailto:aija.utriainen@kuopio.fi\">aija.utriainen@kuopio.fi<\/a><\/span><\/p>\n<p>Sovittelun ohjaaja Rebekka Kinnunen<br \/>p. 044 718 1230, <a href=\"mailto:heikki.ryynanen1@kuopio.fi\">rebekka.kinnunen@kuopio.fi<\/a><span id=\"cloak48618\"><\/span><\/p>\n<p>Toimistosihteeri <strong>Maija Miettinen<\/strong><br \/>p. 044 718 1228,\u00a0<span id=\"cloak94037\"><a href=\"mailto:maija.sinikka.miettinen@kuopio.fi\">maija.sinikka.miettinen@kuopio.fi<\/a><\/span><\/p>\n<p>Toimiston yleinen s\u00e4hk\u00f6posti: sovittelu@kuopio.fi<\/p>\n<p>&nbsp;<\/p>\n<p>[\/et_pb_text][\/et_pb_column][\/et_pb_row][\/et_pb_section][et_pb_section fb_built=&#8221;1&#8243; fullwidth=&#8221;on&#8221; _builder_version=&#8221;3.23.3&#8243; z_index_tablet=&#8221;500&#8243; box_shadow_horizontal_tablet=&#8221;0px&#8221; box_shadow_vertical_tablet=&#8221;0px&#8221; box_shadow_blur_tablet=&#8221;40px&#8221; box_shadow_spread_tablet=&#8221;0px&#8221; global_module=&#8221;871&#8243; global_colors_info=&#8221;{}&#8221;][et_pb_fullwidth_map address=&#8221;Puijonkatu 23a, 70100 Kuopio, Suomi&#8221; address_lat=&#8221;62.8929278&#8243; address_lng=&#8221;27.6801496&#8243; _builder_version=&#8221;4.16&#8243; z_index_tablet=&#8221;500&#8243; global_colors_info=&#8221;{}&#8221;][et_pb_map_pin title=&#8221;Pohjois-Karjalan sovittelutoimisto&#8221; pin_address=&#8221;15, Siltakatu 14, 80100 Joensuu, Suomi&#8221; pin_address_lat=&#8221;62.60170979999999&#8243; pin_address_lng=&#8221;29.761081900000022&#8243; _builder_version=&#8221;3.22.5&#8243; global_colors_info=&#8221;{}&#8221;][\/et_pb_map_pin][\/et_pb_fullwidth_map][\/et_pb_section]<\/p>\n","protected":false},"excerpt":{"rendered":"<p>Pohjois-Savon sovittelutoimisto Pohjois-Savon alueella sovittelutoiminnan j\u00e4rjest\u00e4misest\u00e4 vastaa Pohjois-Savon sovittelutoimisto. Kuopion sovittelutoimistosijaitsee keskustassa torin laidalla Sektorin tavaratalossa ja Iisalmen aluetoimisto l\u00f6ytyy Naistentalon tiloista. Pohjois-Savon sovittelutoimistoa hallinnoi Kuopion kaupunki. Sovittelutoiminan yleinen johto, ohjaus ja valvonta kuuluvatsosiaali- ja terveysministeri\u00f6lle. Valtakunnallisesti sovittelupalvelun koordinoinnista, kehitt\u00e4misest\u00e4 ja tilastoinnista vastaaTerveyden- ja hyvinvoinnin laitos, THL. Sovittelutoimistosta saa tarvittaessa neuvoja asian k\u00e4sittelyyn liittyviin kysymyksiin.YHTEYSTIEDOT [&hellip;]<\/p>\n","protected":false},"author":1,"featured_media":0,"parent":24,"menu_order":0,"comment_status":"closed","ping_status":"closed","template":"","meta":{"_et_pb_use_builder":"on","_et_pb_old_content":"<p>Pohjois-Karjalan maakunnan alueella sovittelutoiminnan j\u00e4rjest\u00e4misest\u00e4 vastaa Pohjois-Karjalan sovittelutoimisto.<br \/>Toimisto sijaitsee aivan Joensuun ydinkeskustassa torin laidalla. Sovittelutoimistosta ja sovittelijoilta saa tarvittaessa neuvoja\u00a0 asian jatkok\u00e4sittelyyn ja oikeusprosessiin liittyviin kysymyksiin.<\/p><p>Pohjois-Karjalan sovittelutoimistoa hallinnoi Mannerheimin Lastensuojeluliiton J\u00e4rvi-Suomen piiri. Sovittelutoiminnan yleinen johto, ohjaus ja valvonta kuuluvat sosiaali- ja terveysministeri\u00f6lle.<\/p><p>Sovittelun maakunnallisen neuvottelukunnan teht\u00e4v\u00e4n\u00e4 on seurata sovittelun maakunnallista kehityst\u00e4, edist\u00e4\u00e4 eri sidosryhmien yhteisty\u00f6t\u00e4 ja tukea sovittelutoimiston ty\u00f6t\u00e4. Neuvottelukunnan puheenjohtajana toimii rikos- ja prosessioikeuden professori Matti Tolvanen.<\/p>","_et_gb_content_width":"","footnotes":""},"class_list":["post-856","page","type-page","status-publish","hentry"],"yoast_head":"<!-- This site is optimized with the Yoast SEO plugin v27.3 - https:\/\/yoast.com\/product\/yoast-seo-wordpress\/ -->\n<title>Pohjois-Savon sovittelutoimisto - Pohjois-Savon sovittelutoimisto<\/title>\n<meta name=\"robots\" content=\"index, follow, max-snippet:-1, max-image-preview:large, max-video-preview:-1\" \/>\n<link rel=\"canonical\" href=\"https:\/\/sovittelu.fi\/pohjoissavo\/sovittelutoimisto\/pohjois-savon-sovittelutoimisto\/\" \/>\n<meta property=\"og:locale\" content=\"fi_FI\" \/>\n<meta property=\"og:type\" content=\"article\" \/>\n<meta property=\"og:title\" content=\"Pohjois-Savon sovittelutoimisto - Pohjois-Savon sovittelutoimisto\" \/>\n<meta property=\"og:description\" content=\"Pohjois-Savon sovittelutoimisto Pohjois-Savon alueella sovittelutoiminnan j\u00e4rjest\u00e4misest\u00e4 vastaa Pohjois-Savon sovittelutoimisto. Kuopion sovittelutoimistosijaitsee keskustassa torin laidalla Sektorin tavaratalossa ja Iisalmen aluetoimisto l\u00f6ytyy Naistentalon tiloista. Pohjois-Savon sovittelutoimistoa hallinnoi Kuopion kaupunki. Sovittelutoiminan yleinen johto, ohjaus ja valvonta kuuluvatsosiaali- ja terveysministeri\u00f6lle. Valtakunnallisesti sovittelupalvelun koordinoinnista, kehitt\u00e4misest\u00e4 ja tilastoinnista vastaaTerveyden- ja hyvinvoinnin laitos, THL. Sovittelutoimistosta saa tarvittaessa neuvoja asian k\u00e4sittelyyn liittyviin kysymyksiin.YHTEYSTIEDOT [&hellip;]\" \/>\n<meta property=\"og:url\" content=\"https:\/\/sovittelu.fi\/pohjoissavo\/sovittelutoimisto\/pohjois-savon-sovittelutoimisto\/\" \/>\n<meta property=\"og:site_name\" content=\"Pohjois-Savon sovittelutoimisto\" \/>\n<meta property=\"article:modified_time\" content=\"2024-01-02T09:07:27+00:00\" \/>\n<meta name=\"twitter:card\" content=\"summary_large_image\" \/>\n<meta name=\"twitter:label1\" content=\"Arvioitu lukuaika\" \/>\n\t<meta name=\"twitter:data1\" content=\"3 minuuttia\" \/>\n<script type=\"application\/ld+json\" class=\"yoast-schema-graph\">{\"@context\":\"https:\\\/\\\/schema.org\",\"@graph\":[{\"@type\":\"WebPage\",\"@id\":\"https:\\\/\\\/sovittelu.fi\\\/pohjoissavo\\\/sovittelutoimisto\\\/pohjois-savon-sovittelutoimisto\\\/\",\"url\":\"https:\\\/\\\/sovittelu.fi\\\/pohjoissavo\\\/sovittelutoimisto\\\/pohjois-savon-sovittelutoimisto\\\/\",\"name\":\"Pohjois-Savon sovittelutoimisto - Pohjois-Savon sovittelutoimisto\",\"isPartOf\":{\"@id\":\"https:\\\/\\\/sovittelu.fi\\\/pohjoissavo\\\/#website\"},\"datePublished\":\"2019-05-27T12:22:22+00:00\",\"dateModified\":\"2024-01-02T09:07:27+00:00\",\"breadcrumb\":{\"@id\":\"https:\\\/\\\/sovittelu.fi\\\/pohjoissavo\\\/sovittelutoimisto\\\/pohjois-savon-sovittelutoimisto\\\/#breadcrumb\"},\"inLanguage\":\"fi\",\"potentialAction\":[{\"@type\":\"ReadAction\",\"target\":[\"https:\\\/\\\/sovittelu.fi\\\/pohjoissavo\\\/sovittelutoimisto\\\/pohjois-savon-sovittelutoimisto\\\/\"]}]},{\"@type\":\"BreadcrumbList\",\"@id\":\"https:\\\/\\\/sovittelu.fi\\\/pohjoissavo\\\/sovittelutoimisto\\\/pohjois-savon-sovittelutoimisto\\\/#breadcrumb\",\"itemListElement\":[{\"@type\":\"ListItem\",\"position\":1,\"name\":\"Home\",\"item\":\"https:\\\/\\\/sovittelu.fi\\\/pohjoissavo\\\/\"},{\"@type\":\"ListItem\",\"position\":2,\"name\":\"Pohjois-Savon sovittelutoimisto\",\"item\":\"https:\\\/\\\/sovittelu.fi\\\/pohjoissavo\\\/\"},{\"@type\":\"ListItem\",\"position\":3,\"name\":\"Pohjois-Savon sovittelutoimisto\"}]},{\"@type\":\"WebSite\",\"@id\":\"https:\\\/\\\/sovittelu.fi\\\/pohjoissavo\\\/#website\",\"url\":\"https:\\\/\\\/sovittelu.fi\\\/pohjoissavo\\\/\",\"name\":\"Pohjois-Savon sovittelutoimisto\",\"description\":\"Etel\u00e4-Savon ja Varkauden alueen sovittelutoimisto, Pohjois-Karjalan sovittelutoimisto, Pohjois-Savon sovittelutoimisto\",\"potentialAction\":[{\"@type\":\"SearchAction\",\"target\":{\"@type\":\"EntryPoint\",\"urlTemplate\":\"https:\\\/\\\/sovittelu.fi\\\/pohjoissavo\\\/?s={search_term_string}\"},\"query-input\":{\"@type\":\"PropertyValueSpecification\",\"valueRequired\":true,\"valueName\":\"search_term_string\"}}],\"inLanguage\":\"fi\"}]}<\/script>\n<!-- \/ Yoast SEO plugin. -->","yoast_head_json":{"title":"Pohjois-Savon sovittelutoimisto - Pohjois-Savon sovittelutoimisto","robots":{"index":"index","follow":"follow","max-snippet":"max-snippet:-1","max-image-preview":"max-image-preview:large","max-video-preview":"max-video-preview:-1"},"canonical":"https:\/\/sovittelu.fi\/pohjoissavo\/sovittelutoimisto\/pohjois-savon-sovittelutoimisto\/","og_locale":"fi_FI","og_type":"article","og_title":"Pohjois-Savon sovittelutoimisto - Pohjois-Savon sovittelutoimisto","og_description":"Pohjois-Savon sovittelutoimisto Pohjois-Savon alueella sovittelutoiminnan j\u00e4rjest\u00e4misest\u00e4 vastaa Pohjois-Savon sovittelutoimisto. Kuopion sovittelutoimistosijaitsee keskustassa torin laidalla Sektorin tavaratalossa ja Iisalmen aluetoimisto l\u00f6ytyy Naistentalon tiloista. Pohjois-Savon sovittelutoimistoa hallinnoi Kuopion kaupunki. Sovittelutoiminan yleinen johto, ohjaus ja valvonta kuuluvatsosiaali- ja terveysministeri\u00f6lle. Valtakunnallisesti sovittelupalvelun koordinoinnista, kehitt\u00e4misest\u00e4 ja tilastoinnista vastaaTerveyden- ja hyvinvoinnin laitos, THL. Sovittelutoimistosta saa tarvittaessa neuvoja asian k\u00e4sittelyyn liittyviin kysymyksiin.YHTEYSTIEDOT [&hellip;]","og_url":"https:\/\/sovittelu.fi\/pohjoissavo\/sovittelutoimisto\/pohjois-savon-sovittelutoimisto\/","og_site_name":"Pohjois-Savon sovittelutoimisto","article_modified_time":"2024-01-02T09:07:27+00:00","twitter_card":"summary_large_image","twitter_misc":{"Arvioitu lukuaika":"3 minuuttia"},"schema":{"@context":"https:\/\/schema.org","@graph":[{"@type":"WebPage","@id":"https:\/\/sovittelu.fi\/pohjoissavo\/sovittelutoimisto\/pohjois-savon-sovittelutoimisto\/","url":"https:\/\/sovittelu.fi\/pohjoissavo\/sovittelutoimisto\/pohjois-savon-sovittelutoimisto\/","name":"Pohjois-Savon sovittelutoimisto - Pohjois-Savon sovittelutoimisto","isPartOf":{"@id":"https:\/\/sovittelu.fi\/pohjoissavo\/#website"},"datePublished":"2019-05-27T12:22:22+00:00","dateModified":"2024-01-02T09:07:27+00:00","breadcrumb":{"@id":"https:\/\/sovittelu.fi\/pohjoissavo\/sovittelutoimisto\/pohjois-savon-sovittelutoimisto\/#breadcrumb"},"inLanguage":"fi","potentialAction":[{"@type":"ReadAction","target":["https:\/\/sovittelu.fi\/pohjoissavo\/sovittelutoimisto\/pohjois-savon-sovittelutoimisto\/"]}]},{"@type":"BreadcrumbList","@id":"https:\/\/sovittelu.fi\/pohjoissavo\/sovittelutoimisto\/pohjois-savon-sovittelutoimisto\/#breadcrumb","itemListElement":[{"@type":"ListItem","position":1,"name":"Home","item":"https:\/\/sovittelu.fi\/pohjoissavo\/"},{"@type":"ListItem","position":2,"name":"Pohjois-Savon sovittelutoimisto","item":"https:\/\/sovittelu.fi\/pohjoissavo\/"},{"@type":"ListItem","position":3,"name":"Pohjois-Savon sovittelutoimisto"}]},{"@type":"WebSite","@id":"https:\/\/sovittelu.fi\/pohjoissavo\/#website","url":"https:\/\/sovittelu.fi\/pohjoissavo\/","name":"Pohjois-Savon sovittelutoimisto","description":"Etel\u00e4-Savon ja Varkauden alueen sovittelutoimisto, Pohjois-Karjalan sovittelutoimisto, Pohjois-Savon sovittelutoimisto","potentialAction":[{"@type":"SearchAction","target":{"@type":"EntryPoint","urlTemplate":"https:\/\/sovittelu.fi\/pohjoissavo\/?s={search_term_string}"},"query-input":{"@type":"PropertyValueSpecification","valueRequired":true,"valueName":"search_term_string"}}],"inLanguage":"fi"}]}},"_links":{"self":[{"href":"https:\/\/sovittelu.fi\/pohjoissavo\/wp-json\/wp\/v2\/pages\/856","targetHints":{"allow":["GET"]}}],"collection":[{"href":"https:\/\/sovittelu.fi\/pohjoissavo\/wp-json\/wp\/v2\/pages"}],"about":[{"href":"https:\/\/sovittelu.fi\/pohjoissavo\/wp-json\/wp\/v2\/types\/page"}],"author":[{"embeddable":true,"href":"https:\/\/sovittelu.fi\/pohjoissavo\/wp-json\/wp\/v2\/users\/1"}],"replies":[{"embeddable":true,"href":"https:\/\/sovittelu.fi\/pohjoissavo\/wp-json\/wp\/v2\/comments?post=856"}],"version-history":[{"count":3,"href":"https:\/\/sovittelu.fi\/pohjoissavo\/wp-json\/wp\/v2\/pages\/856\/revisions"}],"predecessor-version":[{"id":6446,"href":"https:\/\/sovittelu.fi\/pohjoissavo\/wp-json\/wp\/v2\/pages\/856\/revisions\/6446"}],"up":[{"embeddable":true,"href":"https:\/\/sovittelu.fi\/pohjoissavo\/wp-json\/wp\/v2\/pages\/24"}],"wp:attachment":[{"href":"https:\/\/sovittelu.fi\/pohjoissavo\/wp-json\/wp\/v2\/media?parent=856"}],"curies":[{"name":"wp","href":"https:\/\/api.w.org\/{rel}","templated":true}]}}