{"id":789,"date":"2019-05-11T23:13:45","date_gmt":"2019-05-11T20:13:45","guid":{"rendered":"https:\/\/sovittelu.fi\/pohjoissavo\/?page_id=789"},"modified":"2020-03-31T15:11:10","modified_gmt":"2020-03-31T12:11:10","slug":"linkit","status":"publish","type":"page","link":"https:\/\/sovittelu.fi\/pohjoissavo\/linkit\/","title":{"rendered":"Linkit"},"content":{"rendered":"<p>[et_pb_section fb_built=&#8221;1&#8243; _builder_version=&#8221;3.22&#8243;][et_pb_row column_structure=&#8221;1_2,1_4,1_4&#8243; _builder_version=&#8221;3.25&#8243; background_size=&#8221;initial&#8221; background_position=&#8221;top_left&#8221; background_repeat=&#8221;repeat&#8221;][et_pb_column type=&#8221;1_2&#8243; _builder_version=&#8221;3.0.47&#8243; custom_padding=&#8221;|||&#8221; custom_padding__hover=&#8221;|||&#8221;][et_pb_text _builder_version=&#8221;4.4.2&#8243; link_text_color=&#8221;#458fcc&#8221; link_option_url=&#8221;http:\/\/www.vaestoliitto.fi\/parisuhde\/tietoa_parisuhteesta\/parisuhdevakivalta\/&#8221; hover_enabled=&#8221;0&#8243; z_index_tablet=&#8221;500&#8243; text_text_shadow_horizontal_length_tablet=&#8221;0px&#8221; text_text_shadow_vertical_length_tablet=&#8221;0px&#8221; text_text_shadow_blur_strength_tablet=&#8221;1px&#8221; link_text_shadow_horizontal_length_tablet=&#8221;0px&#8221; link_text_shadow_vertical_length_tablet=&#8221;0px&#8221; link_text_shadow_blur_strength_tablet=&#8221;1px&#8221; ul_text_shadow_horizontal_length_tablet=&#8221;0px&#8221; ul_text_shadow_vertical_length_tablet=&#8221;0px&#8221; ul_text_shadow_blur_strength_tablet=&#8221;1px&#8221; ol_text_shadow_horizontal_length_tablet=&#8221;0px&#8221; ol_text_shadow_vertical_length_tablet=&#8221;0px&#8221; ol_text_shadow_blur_strength_tablet=&#8221;1px&#8221; quote_text_shadow_horizontal_length_tablet=&#8221;0px&#8221; quote_text_shadow_vertical_length_tablet=&#8221;0px&#8221; quote_text_shadow_blur_strength_tablet=&#8221;1px&#8221; header_text_shadow_horizontal_length_tablet=&#8221;0px&#8221; header_text_shadow_vertical_length_tablet=&#8221;0px&#8221; header_text_shadow_blur_strength_tablet=&#8221;1px&#8221; header_2_text_shadow_horizontal_length_tablet=&#8221;0px&#8221; header_2_text_shadow_vertical_length_tablet=&#8221;0px&#8221; header_2_text_shadow_blur_strength_tablet=&#8221;1px&#8221; header_3_text_shadow_horizontal_length_tablet=&#8221;0px&#8221; header_3_text_shadow_vertical_length_tablet=&#8221;0px&#8221; header_3_text_shadow_blur_strength_tablet=&#8221;1px&#8221; header_4_text_shadow_horizontal_length_tablet=&#8221;0px&#8221; header_4_text_shadow_vertical_length_tablet=&#8221;0px&#8221; header_4_text_shadow_blur_strength_tablet=&#8221;1px&#8221; header_5_text_shadow_horizontal_length_tablet=&#8221;0px&#8221; header_5_text_shadow_vertical_length_tablet=&#8221;0px&#8221; header_5_text_shadow_blur_strength_tablet=&#8221;1px&#8221; header_6_text_shadow_horizontal_length_tablet=&#8221;0px&#8221; header_6_text_shadow_vertical_length_tablet=&#8221;0px&#8221; header_6_text_shadow_blur_strength_tablet=&#8221;1px&#8221; box_shadow_horizontal_tablet=&#8221;0px&#8221; box_shadow_vertical_tablet=&#8221;0px&#8221; box_shadow_blur_tablet=&#8221;40px&#8221; box_shadow_spread_tablet=&#8221;0px&#8221;]<\/p>\n<h3><strong>Virastot ja ministeri\u00f6t<\/strong><\/h3>\n<p><span style=\"font-size: 12pt\"><a title=\"www.thl.fi\/sovittelu\" href=\"http:\/\/www.thl.fi\/sovittelu\" target=\"_blank\" rel=\"noopener noreferrer\">\u00a0 Rikos- ja riita-asioiden sovittelu (THL)<\/a><\/span><br \/> <span style=\"font-size: 12pt\"><a title=\"Sosiaali- ja terveysministeri\u00f6 \" href=\"http:\/\/www.stm.fi\/etusivu\" target=\"_blank\" rel=\"noopener noreferrer\">\u00a0 Sosiaali- ja terveysministeri\u00f6\u00a0<\/a><\/span><br \/> <span style=\"font-size: 12pt\"><a title=\"Oikeusministeri\u00f6\" href=\"http:\/\/www.om.fi\/\" target=\"_blank\" rel=\"noopener noreferrer\">\u00a0 Oikeusministeri\u00f6<\/a><\/span><br \/> <span style=\"font-size: 12pt\"><a title=\"Poliisi\" href=\"http:\/\/www.poliisi.fi\/\" target=\"_blank\" rel=\"noopener noreferrer\">\u00a0 Poliisi<\/a><\/span><br \/> <span style=\"font-size: 12pt\"><a href=\"https:\/\/oikeus.fi\/syyttaja\/fi\/index\/yhteystiedot.html\">\u00a0 Syytt\u00e4j\u00e4<\/a><\/span><br \/> <span style=\"font-size: 12pt\"><a href=\"http:\/\/oikeus.fi\/tuomioistuimet\/fi\/\">\u00a0 Tuomioistuimet ja oikeuslaitos<\/a><\/span><br \/> <span style=\"font-size: 12pt\"><a href=\"http:\/\/oikeus.fi\/oikeusapu\/fi\/index.html\">\u00a0 Oikeusapu<\/a><\/span><br \/> <span style=\"font-size: 12pt\"><a href=\"https:\/\/www.valtiokonttori.fi\/\">\u00a0 Valtiokonttori<\/a><\/span><\/p>\n<h3><strong>Lains\u00e4\u00e4d\u00e4nt\u00f6 ja ohjeet<\/strong><\/h3>\n<p><span style=\"font-size: 12pt\"><a title=\"Finlex\" href=\"http:\/\/www.finlex.fi\/fi\/\" target=\"_blank\" rel=\"noopener noreferrer\">\u00a0 Finlex<\/a><\/span><br \/> <span style=\"font-size: 12pt\"><a title=\"Henkil\u00f6vahinkoasiain neuvottelukunnan suositukset\" href=\"https:\/\/oikeusministerio.fi\/documents\/1410853\/5047355\/HEVA_suositukset_2017.pdf\/7fc57b69-133c-475b-9687-c323cd6e00c3\/HEVA_suositukset_2017.pdf.pdf\" target=\"_blank\" rel=\"noopener noreferrer\">\u00a0 Henkil\u00f6vahinkoasiain neuvottelukunnan suositukset<\/a><\/span><\/p>\n<h3><strong>Tieto- ja tukipalvelut<\/strong><\/h3>\n<p><a title=\"Rikosuhrip\u00e4ivystys (RIKU)\" href=\"http:\/\/www.riku.fi\/fi\/etusivu\/\" target=\"_blank\" rel=\"noopener noreferrer\"><span style=\"font-size: 12pt\">\u00a0 Rikosuhrip\u00e4ivystys (RIKU)<\/span><\/a><br \/>\u00a0 <span style=\"font-size: 12pt\"><a href=\"https:\/\/tukinet.net\/\">Tukinet<\/a><\/span><br \/> <span style=\"font-size: 12pt\"><a href=\"https:\/\/nuortenlinkki.fi\/\">\u00a0 Nuortenlinkki<\/a><\/span><br \/> <span style=\"font-size: 12pt\"><a href=\"https:\/\/www.nuortennetti.fi\/apua-ja-tukea\/lasten-ja-nuorten-puhelin\/\">\u00a0 Lasten ja nuorten puhelin<\/a><\/span><br \/> <span style=\"font-size: 12pt\"><a href=\"https:\/\/www.mll.fi\/vanhemmille\/toiminta-lapsiperheille\/vanhempainpuhelin\/\">\u00a0 Vanhempainpuhelin<\/a><\/span><br \/> <span style=\"font-size: 12pt\"><a href=\"https:\/\/nettiturvakoti.fi\/\">\u00a0 Turvakoti<\/a><\/span><br \/> <span style=\"font-size: 12pt\"><a href=\"https:\/\/www.nollalinja.fi\/?gclid=EAIaIQobChMIs9WBi8GF6AIVCIbVCh0ZhA2SEAAYASAAEgLrqPD_BwEsta\/parisuhdevakivalta\/h3Ch2pDwoaEAAYASAAEgJ1FPD_BwElta\/\">\u00a0 Nollalinja<br \/> <\/a><\/span><span style=\"font-size: 12pt\"><a href=\"http:\/\/www.vaestoliitto.fi\/parisuhde\/tietoa_parisuhteesta\/parisuhdevakivalta\/\">\u00a0 V\u00e4est\u00f6liiton parisuhdev\u00e4kivalta -sivusto<\/a><\/span><\/p>\n<h3><strong>Muut sovittelutoimijat<\/strong><\/h3>\n<p><span style=\"font-size: 12pt\"><a title=\"Suomen sovittelufoorumi ry \" href=\"http:\/\/www.ssf-ffm.com\/\" target=\"_blank\" rel=\"noopener noreferrer\">\u00a0 Suomen sovittelufoorumi ry\u00a0<\/a><\/span><br \/> <span style=\"font-size: 12pt\"><a title=\"Eurooppalainen sovittelufoorumi\" href=\"http:\/\/www.euforumrj.org\/\" target=\"_blank\" rel=\"noopener noreferrer\">\u00a0 European Forum for Restorative Justice<\/a><\/span><\/p>\n<p>&nbsp;<\/p>\n<p>[\/et_pb_text][\/et_pb_column][et_pb_column type=&#8221;1_4&#8243; _builder_version=&#8221;3.0.47&#8243; custom_padding=&#8221;|||&#8221; custom_padding__hover=&#8221;|||&#8221;][et_pb_image src=&#8221;https:\/\/sovittelu.fi\/pohjoissavo\/wp-content\/uploads\/sites\/5\/2019\/05\/tikapuut.jpg&#8221; force_fullwidth=&#8221;on&#8221; align_tablet=&#8221;center&#8221; align_phone=&#8221;&#8221; align_last_edited=&#8221;on|desktop&#8221; _builder_version=&#8221;3.27.4&#8243; custom_margin=&#8221;54px||||false|false&#8221; z_index_tablet=&#8221;500&#8243; border_radii=&#8221;on|15px|15px|15px|15px&#8221; border_width_all=&#8221;1px&#8221; border_color_all=&#8221;#cecece&#8221; locked=&#8221;off&#8221;][\/et_pb_image][\/et_pb_column][et_pb_column type=&#8221;1_4&#8243; _builder_version=&#8221;3.0.47&#8243; custom_padding=&#8221;|||&#8221; custom_padding__hover=&#8221;|||&#8221;][\/et_pb_column][\/et_pb_row][\/et_pb_section]<\/p>\n","protected":false},"excerpt":{"rendered":"<p>Virastot ja ministeri\u00f6t \u00a0 Rikos- ja riita-asioiden sovittelu (THL) \u00a0 Sosiaali- ja terveysministeri\u00f6\u00a0 \u00a0 Oikeusministeri\u00f6 \u00a0 Poliisi \u00a0 Syytt\u00e4j\u00e4 \u00a0 Tuomioistuimet ja oikeuslaitos \u00a0 Oikeusapu \u00a0 Valtiokonttori Lains\u00e4\u00e4d\u00e4nt\u00f6 ja ohjeet \u00a0 Finlex \u00a0 Henkil\u00f6vahinkoasiain neuvottelukunnan suositukset Tieto- ja tukipalvelut \u00a0 Rikosuhrip\u00e4ivystys (RIKU)\u00a0 Tukinet \u00a0 Nuortenlinkki \u00a0 Lasten ja nuorten puhelin \u00a0 Vanhempainpuhelin \u00a0 Turvakoti \u00a0 [&hellip;]<\/p>\n","protected":false},"author":1,"featured_media":0,"parent":0,"menu_order":0,"comment_status":"closed","ping_status":"closed","template":"","meta":{"_et_pb_use_builder":"on","_et_pb_old_content":"<p><a title=\"www.thl.fi\/sovittelu\" href=\"http:\/\/www.thl.fi\/sovittelu\" target=\"_blank\" rel=\"noopener noreferrer\">Rikos- ja riita-asioiden sovittelu (THL)<\/a><a title=\"Terveyden ja hyvinvoinnin laitos (THL)\" href=\"http:\/\/www.thl.fi\/fi_FI\/web\/fi\/etusivu\" target=\"_blank\" rel=\"noopener noreferrer\"><br \/>Terveyden ja hyvinvoinnin laitos (THL)<\/a><br \/><a title=\"Asianajajaliitto\" href=\"http:\/\/www.asianajajat.fi\/\" target=\"_blank\" rel=\"noopener noreferrer\">Asianajajaliitto<\/a><br \/><a title=\"Oikeusministeri\u00f6\" href=\"http:\/\/www.om.fi\/\" target=\"_blank\" rel=\"noopener noreferrer\">Oikeusministeri\u00f6<\/a><br \/><a title=\"Finlex\" href=\"http:\/\/www.finlex.fi\/fi\/\" target=\"_blank\" rel=\"noopener noreferrer\">Finlex<\/a><br \/><a title=\"Poliisi\" href=\"http:\/\/www.poliisi.fi\/\" target=\"_blank\" rel=\"noopener noreferrer\">Poliisi<\/a><br \/><a title=\"Sosiaali- ja terveysministeri\u00f6 \" href=\"http:\/\/www.stm.fi\/etusivu\" target=\"_blank\" rel=\"noopener noreferrer\">Sosiaali- ja terveysministeri\u00f6\u00a0<\/a><br \/><a title=\"Rikosseuraamuslaitos\" href=\"http:\/\/www.rikosseuraamus.fi\/fi\/\" target=\"_blank\" rel=\"noopener noreferrer\">Rikosseuraamuslaitos<\/a><br \/><a title=\"Suomen sovittelufoorumi ry \" href=\"http:\/\/www.ssf-ffm.com\/\" target=\"_blank\" rel=\"noopener noreferrer\">Suomen sovittelufoorumi ry\u00a0<\/a><br \/><a title=\"Eurooppalainen sovittelufoorumi\" href=\"http:\/\/www.euforumrj.org\/\" target=\"_blank\" rel=\"noopener noreferrer\">Eurooppalainen sovittelufoorumi<\/a><br \/><a title=\"Rikosuhrip\u00e4ivystys (RIKU)\" href=\"http:\/\/www.riku.fi\/fi\/etusivu\/\" target=\"_blank\" rel=\"noopener noreferrer\">Rikosuhrip\u00e4ivystys (RIKU)<\/a><br \/><a title=\"Henkil\u00f6vahinkoasiain neuvottelukunnan suositukset\" href=\"https:\/\/oikeusministerio.fi\/documents\/1410853\/5047355\/HEVA_suositukset_2017.pdf\/7fc57b69-133c-475b-9687-c323cd6e00c3\/HEVA_suositukset_2017.pdf.pdf\" target=\"_blank\" rel=\"noopener noreferrer\">Henkil\u00f6vahinkoasiain neuvottelukunnan suositukset<\/a><\/p>","_et_gb_content_width":"","footnotes":""},"class_list":["post-789","page","type-page","status-publish","hentry"],"yoast_head":"<!-- This site is optimized with the Yoast SEO plugin v27.4 - https:\/\/yoast.com\/product\/yoast-seo-wordpress\/ -->\n<title>Linkit - Pohjois-Savon sovittelutoimisto<\/title>\n<meta name=\"robots\" content=\"noindex, nofollow\" \/>\n<meta property=\"og:locale\" content=\"fi_FI\" \/>\n<meta property=\"og:type\" content=\"article\" \/>\n<meta property=\"og:title\" content=\"Linkit - Pohjois-Savon sovittelutoimisto\" \/>\n<meta property=\"og:description\" content=\"Virastot ja ministeri\u00f6t \u00a0 Rikos- ja riita-asioiden sovittelu (THL) \u00a0 Sosiaali- ja terveysministeri\u00f6\u00a0 \u00a0 Oikeusministeri\u00f6 \u00a0 Poliisi \u00a0 Syytt\u00e4j\u00e4 \u00a0 Tuomioistuimet ja oikeuslaitos \u00a0 Oikeusapu \u00a0 Valtiokonttori Lains\u00e4\u00e4d\u00e4nt\u00f6 ja ohjeet \u00a0 Finlex \u00a0 Henkil\u00f6vahinkoasiain neuvottelukunnan suositukset Tieto- ja tukipalvelut \u00a0 Rikosuhrip\u00e4ivystys (RIKU)\u00a0 Tukinet \u00a0 Nuortenlinkki \u00a0 Lasten ja nuorten puhelin \u00a0 Vanhempainpuhelin \u00a0 Turvakoti \u00a0 [&hellip;]\" \/>\n<meta property=\"og:url\" content=\"https:\/\/sovittelu.fi\/pohjoissavo\/linkit\/\" \/>\n<meta property=\"og:site_name\" content=\"Pohjois-Savon sovittelutoimisto\" \/>\n<meta property=\"article:modified_time\" content=\"2020-03-31T12:11:10+00:00\" \/>\n<meta name=\"twitter:card\" content=\"summary_large_image\" \/>\n<meta name=\"twitter:label1\" content=\"Arvioitu lukuaika\" \/>\n\t<meta name=\"twitter:data1\" content=\"2 minuuttia\" \/>\n<script type=\"application\/ld+json\" class=\"yoast-schema-graph\">{\"@context\":\"https:\\\/\\\/schema.org\",\"@graph\":[{\"@type\":\"WebPage\",\"@id\":\"https:\\\/\\\/sovittelu.fi\\\/pohjoissavo\\\/linkit\\\/\",\"url\":\"https:\\\/\\\/sovittelu.fi\\\/pohjoissavo\\\/linkit\\\/\",\"name\":\"Linkit - Pohjois-Savon sovittelutoimisto\",\"isPartOf\":{\"@id\":\"https:\\\/\\\/sovittelu.fi\\\/pohjoissavo\\\/#website\"},\"datePublished\":\"2019-05-11T20:13:45+00:00\",\"dateModified\":\"2020-03-31T12:11:10+00:00\",\"breadcrumb\":{\"@id\":\"https:\\\/\\\/sovittelu.fi\\\/pohjoissavo\\\/linkit\\\/#breadcrumb\"},\"inLanguage\":\"fi\",\"potentialAction\":[{\"@type\":\"ReadAction\",\"target\":[\"https:\\\/\\\/sovittelu.fi\\\/pohjoissavo\\\/linkit\\\/\"]}]},{\"@type\":\"BreadcrumbList\",\"@id\":\"https:\\\/\\\/sovittelu.fi\\\/pohjoissavo\\\/linkit\\\/#breadcrumb\",\"itemListElement\":[{\"@type\":\"ListItem\",\"position\":1,\"name\":\"Home\",\"item\":\"https:\\\/\\\/sovittelu.fi\\\/pohjoissavo\\\/\"},{\"@type\":\"ListItem\",\"position\":2,\"name\":\"Linkit\"}]},{\"@type\":\"WebSite\",\"@id\":\"https:\\\/\\\/sovittelu.fi\\\/pohjoissavo\\\/#website\",\"url\":\"https:\\\/\\\/sovittelu.fi\\\/pohjoissavo\\\/\",\"name\":\"Pohjois-Savon sovittelutoimisto\",\"description\":\"Etel\u00e4-Savon ja Varkauden alueen sovittelutoimisto, Pohjois-Karjalan sovittelutoimisto, Pohjois-Savon sovittelutoimisto\",\"potentialAction\":[{\"@type\":\"SearchAction\",\"target\":{\"@type\":\"EntryPoint\",\"urlTemplate\":\"https:\\\/\\\/sovittelu.fi\\\/pohjoissavo\\\/?s={search_term_string}\"},\"query-input\":{\"@type\":\"PropertyValueSpecification\",\"valueRequired\":true,\"valueName\":\"search_term_string\"}}],\"inLanguage\":\"fi\"}]}<\/script>\n<!-- \/ Yoast SEO plugin. -->","yoast_head_json":{"title":"Linkit - Pohjois-Savon sovittelutoimisto","robots":{"index":"noindex","follow":"nofollow"},"og_locale":"fi_FI","og_type":"article","og_title":"Linkit - Pohjois-Savon sovittelutoimisto","og_description":"Virastot ja ministeri\u00f6t \u00a0 Rikos- ja riita-asioiden sovittelu (THL) \u00a0 Sosiaali- ja terveysministeri\u00f6\u00a0 \u00a0 Oikeusministeri\u00f6 \u00a0 Poliisi \u00a0 Syytt\u00e4j\u00e4 \u00a0 Tuomioistuimet ja oikeuslaitos \u00a0 Oikeusapu \u00a0 Valtiokonttori Lains\u00e4\u00e4d\u00e4nt\u00f6 ja ohjeet \u00a0 Finlex \u00a0 Henkil\u00f6vahinkoasiain neuvottelukunnan suositukset Tieto- ja tukipalvelut \u00a0 Rikosuhrip\u00e4ivystys (RIKU)\u00a0 Tukinet \u00a0 Nuortenlinkki \u00a0 Lasten ja nuorten puhelin \u00a0 Vanhempainpuhelin \u00a0 Turvakoti \u00a0 [&hellip;]","og_url":"https:\/\/sovittelu.fi\/pohjoissavo\/linkit\/","og_site_name":"Pohjois-Savon sovittelutoimisto","article_modified_time":"2020-03-31T12:11:10+00:00","twitter_card":"summary_large_image","twitter_misc":{"Arvioitu lukuaika":"2 minuuttia"},"schema":{"@context":"https:\/\/schema.org","@graph":[{"@type":"WebPage","@id":"https:\/\/sovittelu.fi\/pohjoissavo\/linkit\/","url":"https:\/\/sovittelu.fi\/pohjoissavo\/linkit\/","name":"Linkit - Pohjois-Savon sovittelutoimisto","isPartOf":{"@id":"https:\/\/sovittelu.fi\/pohjoissavo\/#website"},"datePublished":"2019-05-11T20:13:45+00:00","dateModified":"2020-03-31T12:11:10+00:00","breadcrumb":{"@id":"https:\/\/sovittelu.fi\/pohjoissavo\/linkit\/#breadcrumb"},"inLanguage":"fi","potentialAction":[{"@type":"ReadAction","target":["https:\/\/sovittelu.fi\/pohjoissavo\/linkit\/"]}]},{"@type":"BreadcrumbList","@id":"https:\/\/sovittelu.fi\/pohjoissavo\/linkit\/#breadcrumb","itemListElement":[{"@type":"ListItem","position":1,"name":"Home","item":"https:\/\/sovittelu.fi\/pohjoissavo\/"},{"@type":"ListItem","position":2,"name":"Linkit"}]},{"@type":"WebSite","@id":"https:\/\/sovittelu.fi\/pohjoissavo\/#website","url":"https:\/\/sovittelu.fi\/pohjoissavo\/","name":"Pohjois-Savon sovittelutoimisto","description":"Etel\u00e4-Savon ja Varkauden alueen sovittelutoimisto, Pohjois-Karjalan sovittelutoimisto, Pohjois-Savon sovittelutoimisto","potentialAction":[{"@type":"SearchAction","target":{"@type":"EntryPoint","urlTemplate":"https:\/\/sovittelu.fi\/pohjoissavo\/?s={search_term_string}"},"query-input":{"@type":"PropertyValueSpecification","valueRequired":true,"valueName":"search_term_string"}}],"inLanguage":"fi"}]}},"_links":{"self":[{"href":"https:\/\/sovittelu.fi\/pohjoissavo\/wp-json\/wp\/v2\/pages\/789","targetHints":{"allow":["GET"]}}],"collection":[{"href":"https:\/\/sovittelu.fi\/pohjoissavo\/wp-json\/wp\/v2\/pages"}],"about":[{"href":"https:\/\/sovittelu.fi\/pohjoissavo\/wp-json\/wp\/v2\/types\/page"}],"author":[{"embeddable":true,"href":"https:\/\/sovittelu.fi\/pohjoissavo\/wp-json\/wp\/v2\/users\/1"}],"replies":[{"embeddable":true,"href":"https:\/\/sovittelu.fi\/pohjoissavo\/wp-json\/wp\/v2\/comments?post=789"}],"version-history":[{"count":0,"href":"https:\/\/sovittelu.fi\/pohjoissavo\/wp-json\/wp\/v2\/pages\/789\/revisions"}],"wp:attachment":[{"href":"https:\/\/sovittelu.fi\/pohjoissavo\/wp-json\/wp\/v2\/media?parent=789"}],"curies":[{"name":"wp","href":"https:\/\/api.w.org\/{rel}","templated":true}]}}