{"id":724,"date":"2019-05-08T20:37:52","date_gmt":"2019-05-08T17:37:52","guid":{"rendered":"https:\/\/sovittelu.fi\/pohjoissavo\/?page_id=724"},"modified":"2021-10-04T13:00:07","modified_gmt":"2021-10-04T10:00:07","slug":"peruskurssi-info","status":"publish","type":"page","link":"https:\/\/sovittelu.fi\/pohjoissavo\/peruskurssi-info\/","title":{"rendered":"Peruskurssi info"},"content":{"rendered":"<p>[et_pb_section fb_built=&#8221;1&#8243; fullwidth=&#8221;on&#8221; _builder_version=&#8221;3.22&#8243; global_colors_info=&#8221;{}&#8221;][et_pb_fullwidth_header title=&#8221;Peruskurssi info&#8221; admin_label=&#8221;Peruskurssi info&#8221; _builder_version=&#8221;4.10.7&#8243; background_color=&#8221;#458fcc&#8221; hover_enabled=&#8221;0&#8243; z_index_tablet=&#8221;500&#8243; global_colors_info=&#8221;{}&#8221; sticky_enabled=&#8221;0&#8243;][\/et_pb_fullwidth_header][\/et_pb_section][et_pb_section fb_built=&#8221;1&#8243; _builder_version=&#8221;3.22&#8243; global_colors_info=&#8221;{}&#8221;][et_pb_row column_structure=&#8221;1_2,1_2&#8243; make_equal=&#8221;on&#8221; _builder_version=&#8221;3.25&#8243; z_index_tablet=&#8221;500&#8243; border_radii=&#8221;|0px|0px|10px|10px&#8221; global_colors_info=&#8221;{}&#8221;][et_pb_column type=&#8221;1_2&#8243; _builder_version=&#8221;3.25&#8243; custom_padding=&#8221;|10px||10px&#8221; custom_css_main_element=&#8221;border-width:1px;||border-style: solid;||border-color: #e6e6e6;||border-radius:10px;&#8221; global_colors_info=&#8221;{}&#8221; custom_padding__hover=&#8221;|||&#8221;][et_pb_text admin_label=&#8221;RIKOSTEN JA RIITOJEN SOVITTELUN PERUSKURSSI&#8221; _builder_version=&#8221;3.27.4&#8243; text_font_size=&#8221;24px&#8221; background_color=&#8221;#458fcc&#8221; background_layout=&#8221;dark&#8221; custom_margin=&#8221;|-10px||-10px&#8221; custom_padding=&#8221;20px|20px|20px|20px&#8221; z_index_tablet=&#8221;500&#8243; border_radii=&#8221;|10px|10px|0px|0px&#8221; global_colors_info=&#8221;{}&#8221;]<\/p>\n<p>RIKOSTEN JA RIITOJEN SOVITTELUN PERUSKURSSI<\/p>\n<p>[\/et_pb_text][et_pb_text _builder_version=&#8221;4.10.7&#8243; hover_enabled=&#8221;0&#8243; z_index_tablet=&#8221;500&#8243; global_colors_info=&#8221;{}&#8221; sticky_enabled=&#8221;0&#8243;]<\/p>\n<h4><strong><span style=\"color: #5191cd\">Kohderyhm\u00e4<\/span><\/strong><\/h4>\n<p><span style=\"font-size: 12pt\">Rikosten ja riitojen sovitteluteht\u00e4vist\u00e4 kiinnostuneet t\u00e4ysi-ik\u00e4iset henkil\u00f6t. Kurssilaiset valitaan haastattelujen perusteella. Kurssin tavoitteena on antaa valmiudet toimia sovittelulain 1015\/2005 mukaisesti vapaaehtoisena sovittelijana rikos- ja riita-asioissa sovittelutoimiston ohjauksessa.<\/span><\/p>\n<p><span style=\"font-size: 12pt\">Sovittelijana voi sovittelulain 10 \u00a7:n mukaan toimia henkil\u00f6, joka on suorittanut sovittelutoimintaan perehdytt\u00e4v\u00e4n koulutusjakson, ja jolla muutoin on sellainen koulutus, taito ja kokemus, jota teht\u00e4v\u00e4n asianmukainen hoitaminen edellytt\u00e4\u00e4. Vapaaehtoiset sitoutuvat osallistumaan jatkokoulutuksiin ja ty\u00f6nohjaukseen.<\/span><\/p>\n<h4><strong><span style=\"color: #5191cd\">Sis\u00e4lt\u00f6 ja toteutus<\/span><\/strong><\/h4>\n<p><span style=\"font-size: 12pt\">Kurssi toteutetaan 54 tunnin mittaisena. Koulutukseen sis\u00e4ltyy oheiskirjallisuuteen tutustumista ja oheisteht\u00e4vi\u00e4. Koulutuksen aikana opiskelijalla on ohjauksellinen tuki tavoitteiden saavuttamiseksi. Koulutuksen j\u00e4lkeen k\u00e4ynnistyy perehdytys, joka sis\u00e4lt\u00e4\u00e4 observointia ja tutustumisk\u00e4yntej\u00e4.<\/span><\/p>\n<h4><strong><span style=\"color: #5191cd\">Oheiskirjallisuus<\/span><\/strong><\/h4>\n<p><span style=\"font-size: 12pt\">Sovittelulaki 1015\/2005.<\/span><br \/><span style=\"font-size: 12pt\">Aune Flinck: Rakennamme sovintoa, THL, 2013<\/span><\/p>\n<h4><strong><span style=\"color: #5191cd\">Kurssille hakeminen ja lis\u00e4tietoja<\/span><\/strong><\/h4>\n<p><span style=\"font-size: 12pt\">Kursseja j\u00e4rjestet\u00e4\u00e4n tarvittaessa.T\u00e4yt\u00e4 ohessa oleva s\u00e4hk\u00f6inen hakemus, olemme sinuun yhteydess\u00e4 hakemuksen saavuttua toimistolle.<\/span><\/p>\n<h4><strong>Lis\u00e4tietoja:<br \/><\/strong><\/h4>\n<p><strong>Sovittelutoimiston johtaja Mika Murtorinne<\/strong><br \/>p. 044 718 3307<\/p>\n<p>&nbsp;<\/p>\n<p><strong>Lis\u00e4tietoja sovittelusta:<br \/><\/strong><\/p>\n<p><span style=\"font-size: 12pt\"><a href=\"http:\/\/www.thl.fi\/sovittelu\">www.thl.fi\/sovittelu<\/a><\/span><\/p>\n<p>[\/et_pb_text][\/et_pb_column][et_pb_column type=&#8221;1_2&#8243; _builder_version=&#8221;3.25&#8243; custom_padding=&#8221;|10px||10px&#8221; custom_css_main_element=&#8221;border-width:1px;||border-style: solid;||border-color: #e6e6e6;||border-radius:10px;&#8221; global_colors_info=&#8221;{}&#8221; custom_padding__hover=&#8221;|||&#8221;][et_pb_text admin_label=&#8221;HAKEMUSLOMAKE&#8221; _builder_version=&#8221;3.27.4&#8243; text_font_size=&#8221;24px&#8221; background_color=&#8221;#458fcc&#8221; background_layout=&#8221;dark&#8221; custom_margin=&#8221;|-10px||-10px&#8221; custom_padding=&#8221;20px|20px|20px|20px&#8221; z_index_tablet=&#8221;500&#8243; border_radii=&#8221;|10px|10px|0px|0px&#8221; global_colors_info=&#8221;{}&#8221;]<\/p>\n<p>HAKEMUSLOMAKE<\/p>\n<p>[\/et_pb_text][et_pb_contact_form email=&#8221;mika.murtorinne@kuopio.fi&#8221; title=&#8221;Hae sovittelijaksi&#8221; success_message=&#8221;Hakemuksen l\u00e4hetys onnistui&#8221; submit_button_text=&#8221;L\u00e4het\u00e4 hakemus&#8221; _builder_version=&#8221;4.10.7&#8243; hover_enabled=&#8221;0&#8243; z_index_tablet=&#8221;500&#8243; global_colors_info=&#8221;{}&#8221; sticky_enabled=&#8221;0&#8243;][et_pb_contact_field field_id=&#8221;Nimi&#8221; field_title=&#8221;Nimi&#8221; _builder_version=&#8221;3.22.7&#8243; global_colors_info=&#8221;{}&#8221;][\/et_pb_contact_field][et_pb_contact_field field_id=&#8221;Syntym\u00e4aika&#8221; field_title=&#8221;Syntym\u00e4aika&#8221; _builder_version=&#8221;3.22.7&#8243; global_colors_info=&#8221;{}&#8221;][\/et_pb_contact_field][et_pb_contact_field field_id=&#8221;Osoite&#8221; field_title=&#8221;Osoite&#8221; _builder_version=&#8221;3.22.7&#8243; global_colors_info=&#8221;{}&#8221;][\/et_pb_contact_field][et_pb_contact_field field_id=&#8221;Puhelinnumero&#8221; field_title=&#8221;Puhelinnumero&#8221; _builder_version=&#8221;3.22.7&#8243; global_colors_info=&#8221;{}&#8221;][\/et_pb_contact_field][et_pb_contact_field field_id=&#8221;Email&#8221; field_title=&#8221;S\u00e4hk\u00f6postiosoite&#8221; field_type=&#8221;email&#8221; _builder_version=&#8221;3.22.7&#8243; global_colors_info=&#8221;{}&#8221;][\/et_pb_contact_field][et_pb_contact_field field_id=&#8221;Ammatillinen_tausta_ja_koulutus&#8221; field_title=&#8221;S\u00e4hk\u00f6postiviesti&#8221; field_type=&#8221;text&#8221; fullwidth_field=&#8221;on&#8221; _builder_version=&#8221;3.22.7&#8243; global_colors_info=&#8221;{}&#8221;][\/et_pb_contact_field][et_pb_contact_field field_id=&#8221;ammatti&#8221; field_title=&#8221;Ammatti_ja_ty\u00f6paikka&#8221; field_type=&#8221;text&#8221; fullwidth_field=&#8221;on&#8221; _builder_version=&#8221;3.22.7&#8243; global_colors_info=&#8221;{}&#8221;][\/et_pb_contact_field][et_pb_contact_field field_id=&#8221;KIELITAITO&#8221; field_title=&#8221;Kielitaito (arvio: tyydytt\u00e4v\u00e4, hyv\u00e4, kiitett\u00e4v\u00e4)&#8221; field_type=&#8221;text&#8221; fullwidth_field=&#8221;on&#8221; _builder_version=&#8221;3.22.7&#8243; global_colors_info=&#8221;{}&#8221;][\/et_pb_contact_field][\/et_pb_contact_form][\/et_pb_column][\/et_pb_row][\/et_pb_section]<\/p>\n","protected":false},"excerpt":{"rendered":"<p>RIKOSTEN JA RIITOJEN SOVITTELUN PERUSKURSSI Kohderyhm\u00e4 Rikosten ja riitojen sovitteluteht\u00e4vist\u00e4 kiinnostuneet t\u00e4ysi-ik\u00e4iset henkil\u00f6t. Kurssilaiset valitaan haastattelujen perusteella. Kurssin tavoitteena on antaa valmiudet toimia sovittelulain 1015\/2005 mukaisesti vapaaehtoisena sovittelijana rikos- ja riita-asioissa sovittelutoimiston ohjauksessa. Sovittelijana voi sovittelulain 10 \u00a7:n mukaan toimia henkil\u00f6, joka on suorittanut sovittelutoimintaan perehdytt\u00e4v\u00e4n koulutusjakson, ja jolla muutoin on sellainen koulutus, taito ja [&hellip;]<\/p>\n","protected":false},"author":1,"featured_media":0,"parent":0,"menu_order":0,"comment_status":"closed","ping_status":"closed","template":"","meta":{"_et_pb_use_builder":"on","_et_pb_old_content":"","_et_gb_content_width":"","footnotes":""},"class_list":["post-724","page","type-page","status-publish","hentry"],"yoast_head":"<!-- This site is optimized with the Yoast SEO plugin v27.3 - https:\/\/yoast.com\/product\/yoast-seo-wordpress\/ -->\n<title>Peruskurssi info - Pohjois-Savon sovittelutoimisto<\/title>\n<meta name=\"robots\" content=\"index, follow, max-snippet:-1, max-image-preview:large, max-video-preview:-1\" \/>\n<link rel=\"canonical\" href=\"https:\/\/sovittelu.fi\/pohjoissavo\/peruskurssi-info\/\" \/>\n<meta property=\"og:locale\" content=\"fi_FI\" \/>\n<meta property=\"og:type\" content=\"article\" \/>\n<meta property=\"og:title\" content=\"Peruskurssi info - Pohjois-Savon sovittelutoimisto\" \/>\n<meta property=\"og:description\" content=\"RIKOSTEN JA RIITOJEN SOVITTELUN PERUSKURSSI Kohderyhm\u00e4 Rikosten ja riitojen sovitteluteht\u00e4vist\u00e4 kiinnostuneet t\u00e4ysi-ik\u00e4iset henkil\u00f6t. Kurssilaiset valitaan haastattelujen perusteella. Kurssin tavoitteena on antaa valmiudet toimia sovittelulain 1015\/2005 mukaisesti vapaaehtoisena sovittelijana rikos- ja riita-asioissa sovittelutoimiston ohjauksessa. Sovittelijana voi sovittelulain 10 \u00a7:n mukaan toimia henkil\u00f6, joka on suorittanut sovittelutoimintaan perehdytt\u00e4v\u00e4n koulutusjakson, ja jolla muutoin on sellainen koulutus, taito ja [&hellip;]\" \/>\n<meta property=\"og:url\" content=\"https:\/\/sovittelu.fi\/pohjoissavo\/peruskurssi-info\/\" \/>\n<meta property=\"og:site_name\" content=\"Pohjois-Savon sovittelutoimisto\" \/>\n<meta property=\"article:modified_time\" content=\"2021-10-04T10:00:07+00:00\" \/>\n<meta name=\"twitter:card\" content=\"summary_large_image\" \/>\n<meta name=\"twitter:label1\" content=\"Arvioitu lukuaika\" \/>\n\t<meta name=\"twitter:data1\" content=\"3 minuuttia\" \/>\n<script type=\"application\/ld+json\" class=\"yoast-schema-graph\">{\"@context\":\"https:\\\/\\\/schema.org\",\"@graph\":[{\"@type\":\"WebPage\",\"@id\":\"https:\\\/\\\/sovittelu.fi\\\/pohjoissavo\\\/peruskurssi-info\\\/\",\"url\":\"https:\\\/\\\/sovittelu.fi\\\/pohjoissavo\\\/peruskurssi-info\\\/\",\"name\":\"Peruskurssi info - Pohjois-Savon sovittelutoimisto\",\"isPartOf\":{\"@id\":\"https:\\\/\\\/sovittelu.fi\\\/pohjoissavo\\\/#website\"},\"datePublished\":\"2019-05-08T17:37:52+00:00\",\"dateModified\":\"2021-10-04T10:00:07+00:00\",\"breadcrumb\":{\"@id\":\"https:\\\/\\\/sovittelu.fi\\\/pohjoissavo\\\/peruskurssi-info\\\/#breadcrumb\"},\"inLanguage\":\"fi\",\"potentialAction\":[{\"@type\":\"ReadAction\",\"target\":[\"https:\\\/\\\/sovittelu.fi\\\/pohjoissavo\\\/peruskurssi-info\\\/\"]}]},{\"@type\":\"BreadcrumbList\",\"@id\":\"https:\\\/\\\/sovittelu.fi\\\/pohjoissavo\\\/peruskurssi-info\\\/#breadcrumb\",\"itemListElement\":[{\"@type\":\"ListItem\",\"position\":1,\"name\":\"Home\",\"item\":\"https:\\\/\\\/sovittelu.fi\\\/pohjoissavo\\\/\"},{\"@type\":\"ListItem\",\"position\":2,\"name\":\"Peruskurssi info\"}]},{\"@type\":\"WebSite\",\"@id\":\"https:\\\/\\\/sovittelu.fi\\\/pohjoissavo\\\/#website\",\"url\":\"https:\\\/\\\/sovittelu.fi\\\/pohjoissavo\\\/\",\"name\":\"Pohjois-Savon sovittelutoimisto\",\"description\":\"Etel\u00e4-Savon ja Varkauden alueen sovittelutoimisto, Pohjois-Karjalan sovittelutoimisto, Pohjois-Savon sovittelutoimisto\",\"potentialAction\":[{\"@type\":\"SearchAction\",\"target\":{\"@type\":\"EntryPoint\",\"urlTemplate\":\"https:\\\/\\\/sovittelu.fi\\\/pohjoissavo\\\/?s={search_term_string}\"},\"query-input\":{\"@type\":\"PropertyValueSpecification\",\"valueRequired\":true,\"valueName\":\"search_term_string\"}}],\"inLanguage\":\"fi\"}]}<\/script>\n<!-- \/ Yoast SEO plugin. -->","yoast_head_json":{"title":"Peruskurssi info - Pohjois-Savon sovittelutoimisto","robots":{"index":"index","follow":"follow","max-snippet":"max-snippet:-1","max-image-preview":"max-image-preview:large","max-video-preview":"max-video-preview:-1"},"canonical":"https:\/\/sovittelu.fi\/pohjoissavo\/peruskurssi-info\/","og_locale":"fi_FI","og_type":"article","og_title":"Peruskurssi info - Pohjois-Savon sovittelutoimisto","og_description":"RIKOSTEN JA RIITOJEN SOVITTELUN PERUSKURSSI Kohderyhm\u00e4 Rikosten ja riitojen sovitteluteht\u00e4vist\u00e4 kiinnostuneet t\u00e4ysi-ik\u00e4iset henkil\u00f6t. Kurssilaiset valitaan haastattelujen perusteella. Kurssin tavoitteena on antaa valmiudet toimia sovittelulain 1015\/2005 mukaisesti vapaaehtoisena sovittelijana rikos- ja riita-asioissa sovittelutoimiston ohjauksessa. Sovittelijana voi sovittelulain 10 \u00a7:n mukaan toimia henkil\u00f6, joka on suorittanut sovittelutoimintaan perehdytt\u00e4v\u00e4n koulutusjakson, ja jolla muutoin on sellainen koulutus, taito ja [&hellip;]","og_url":"https:\/\/sovittelu.fi\/pohjoissavo\/peruskurssi-info\/","og_site_name":"Pohjois-Savon sovittelutoimisto","article_modified_time":"2021-10-04T10:00:07+00:00","twitter_card":"summary_large_image","twitter_misc":{"Arvioitu lukuaika":"3 minuuttia"},"schema":{"@context":"https:\/\/schema.org","@graph":[{"@type":"WebPage","@id":"https:\/\/sovittelu.fi\/pohjoissavo\/peruskurssi-info\/","url":"https:\/\/sovittelu.fi\/pohjoissavo\/peruskurssi-info\/","name":"Peruskurssi info - Pohjois-Savon sovittelutoimisto","isPartOf":{"@id":"https:\/\/sovittelu.fi\/pohjoissavo\/#website"},"datePublished":"2019-05-08T17:37:52+00:00","dateModified":"2021-10-04T10:00:07+00:00","breadcrumb":{"@id":"https:\/\/sovittelu.fi\/pohjoissavo\/peruskurssi-info\/#breadcrumb"},"inLanguage":"fi","potentialAction":[{"@type":"ReadAction","target":["https:\/\/sovittelu.fi\/pohjoissavo\/peruskurssi-info\/"]}]},{"@type":"BreadcrumbList","@id":"https:\/\/sovittelu.fi\/pohjoissavo\/peruskurssi-info\/#breadcrumb","itemListElement":[{"@type":"ListItem","position":1,"name":"Home","item":"https:\/\/sovittelu.fi\/pohjoissavo\/"},{"@type":"ListItem","position":2,"name":"Peruskurssi info"}]},{"@type":"WebSite","@id":"https:\/\/sovittelu.fi\/pohjoissavo\/#website","url":"https:\/\/sovittelu.fi\/pohjoissavo\/","name":"Pohjois-Savon sovittelutoimisto","description":"Etel\u00e4-Savon ja Varkauden alueen sovittelutoimisto, Pohjois-Karjalan sovittelutoimisto, Pohjois-Savon sovittelutoimisto","potentialAction":[{"@type":"SearchAction","target":{"@type":"EntryPoint","urlTemplate":"https:\/\/sovittelu.fi\/pohjoissavo\/?s={search_term_string}"},"query-input":{"@type":"PropertyValueSpecification","valueRequired":true,"valueName":"search_term_string"}}],"inLanguage":"fi"}]}},"_links":{"self":[{"href":"https:\/\/sovittelu.fi\/pohjoissavo\/wp-json\/wp\/v2\/pages\/724","targetHints":{"allow":["GET"]}}],"collection":[{"href":"https:\/\/sovittelu.fi\/pohjoissavo\/wp-json\/wp\/v2\/pages"}],"about":[{"href":"https:\/\/sovittelu.fi\/pohjoissavo\/wp-json\/wp\/v2\/types\/page"}],"author":[{"embeddable":true,"href":"https:\/\/sovittelu.fi\/pohjoissavo\/wp-json\/wp\/v2\/users\/1"}],"replies":[{"embeddable":true,"href":"https:\/\/sovittelu.fi\/pohjoissavo\/wp-json\/wp\/v2\/comments?post=724"}],"version-history":[{"count":0,"href":"https:\/\/sovittelu.fi\/pohjoissavo\/wp-json\/wp\/v2\/pages\/724\/revisions"}],"wp:attachment":[{"href":"https:\/\/sovittelu.fi\/pohjoissavo\/wp-json\/wp\/v2\/media?parent=724"}],"curies":[{"name":"wp","href":"https:\/\/api.w.org\/{rel}","templated":true}]}}