{"id":635,"date":"2019-05-08T10:20:59","date_gmt":"2019-05-08T07:20:59","guid":{"rendered":"https:\/\/sovittelu.fi\/pohjoissavo\/?page_id=635"},"modified":"2019-05-08T10:21:41","modified_gmt":"2019-05-08T07:21:41","slug":"sovittelusopimuksen-tayttoohje","status":"publish","type":"page","link":"https:\/\/sovittelu.fi\/pohjoissavo\/sovittelusopimuksen-tayttoohje\/","title":{"rendered":"Sovittelusopimuksen t\u00e4ytt\u00f6ohje"},"content":{"rendered":"<p><strong>Sovittelusopimus perustuu lakiin 1015\/2005, 17 \u00a7, kohta 5<\/strong><\/p>\n<p>LAKI 1015\/2005, \u00a7 4:<br \/>\n<strong>Sovittelija:<\/strong>\u00a0Teht\u00e4v\u00e4\u00e4n koulutettu henkil\u00f6, joka hoitaa yksitt\u00e4isi\u00e4 sovitteluteht\u00e4vi\u00e4 sovittelutoimiston ohjauksen ja valvonnan alaisena.<br \/>\n<strong>Sovittelunohjaaja:<\/strong>\u00a0Henkil\u00f6, jonka teht\u00e4v\u00e4n\u00e4 on ohjata ja valvoa sovittelijoiden toimintaa sek\u00e4 toimia tarvittaessa sovittelijana.<br \/>\n<strong>Sovittelutoiminnan vastuuhenkil\u00f6:<\/strong>\u00a0Henkil\u00f6, jonka teht\u00e4v\u00e4n\u00e4 on vastata sovittelutoiminnan suunnittelusta, kehitt\u00e4misest\u00e4 ja asianmukaisesta toteuttamisesta sovittelutoimiston toimialueella<br \/>\nsek\u00e4 toimia tarvittaessa my\u00f6s sovittelijana.<\/p>\n<hr \/>\n<h4>Sopijaosapuolet<\/h4>\n<p><strong>Rikos- sek\u00e4 riita-asian sopimuspohjassa kohtaan nimet:<\/strong>Kirjoitetaan rikossovittelussa sovittelun osapuolten nimet ja nimien j\u00e4lkeen sulkuihin asema sovittelussa esim. asianomistaja, ep\u00e4ilty, asianomistaja\/ja ep\u00e4ilty, riita-asian sovittelussa asianosaiset. Riita-asiassa, mik\u00e4li riidan sovittelualoitteen tehnyt katsoo aiheelliseksi, voidaan h\u00e4nen nimens\u00e4 j\u00e4lkeen kirjata viel\u00e4 maininta: sovittelu-aloitteen tekij\u00e4.<\/p>\n<h4>Muut l\u00e4sn\u00e4olijat<\/h4>\n<p>Rikosasian sopimuspohjassa kyseiseen kohtaan kirjoitetaan tulkattu kieli esim. ven\u00e4j\u00e4-suomi-ven\u00e4j\u00e4 ja suomi-ven\u00e4j\u00e4-suomi jne., tulkin nime\u00e4 ei kirjoiteta sopimukseen. T\u00e4h\u00e4n kohtaan kirjataan my\u00f6s tukihenkil\u00f6; nimi ja kenen tukihenkil\u00f6, huoltaja\/huoltajat nimi ja kenen huoltaja\/huoltajat, mahdolliset valtuutetut edustajat; nimet ja ket\u00e4 edustaa.\u00a0 Sosiaality\u00f6ntekij\u00e4n, sosiaaliohjaajan, edunvalvojan nimet voidaan my\u00f6s tarvittaessa kirjoittaa ko. kohtaan. N\u00e4iden henkil\u00f6iden osalta kirjataan\u00a0<strong>vain ko. henkil\u00f6n nimi ja ammatti-<br \/>\nnimike<\/strong>.<\/p>\n<p>Tarvittaessa soveltuvin osin kyseist\u00e4 ohjeistusta noudatetaan my\u00f6s riita-asian sopimuspohjaa t\u00e4ytett\u00e4ess\u00e4.<\/p>\n<h4>Sopimuksen kohde<\/h4>\n<p><strong>Rikosasiassa<\/strong>\u00a0kirjataan\u00a0<strong>rikosnimike\/rikosnimikkeet<\/strong>\u00a0esitutkinta-<br \/>\np\u00f6yt\u00e4kirjan mukaisesti. Mik\u00e4li rikosnimikkeess\u00e4 on ep\u00e4selvyytt\u00e4, sovittelutoimisto selvitt\u00e4\u00e4 asian ennen sovittelua, jotta sovittelussa tiedet\u00e4\u00e4n mist\u00e4 sovitellaan. Mik\u00e4li esitutkinnassa on useita rikos-<br \/>\nnimikkeit\u00e4, kirjataan vain ne rikosnimikkeet, mink\u00e4 aiheuttamia henkisi\u00e4 tai aineellisia haittoja sovitellaan.<\/p>\n<p><strong>Riita-asiassa<\/strong>\u00a0sopimuspohjan kohtaan kirjataan riidan kohde, esim. naapurien v\u00e4linen raja-aita jne. Tarvittaessa kuvataan taustahistoria neutraalisti ja mahdollisimman tarkasti, molempien kertomus huomioiden.<\/p>\n<h4>Sopimuksen sis\u00e4lt\u00f6<\/h4>\n<p><strong>Yleisi\u00e4 huomioita<\/strong><\/p>\n<p>Sopimuksen sis\u00e4lt\u00f6kohtaan on kirjattu vakiolause: Osapuolet ovat suostuneet ja osallistuvat va-paaehtoisesti sovitteluun. Osapuolet ymm\u00e4rt\u00e4v\u00e4t sovittelun ja siin\u00e4 tehtyjen ratkaisujen merkityksen. Sovittelija varmentaa, ett\u00e4 ko. lausuma ymm\u00e4rret\u00e4\u00e4n. Lis\u00e4ksi sovittelijan teht\u00e4v\u00e4n\u00e4 on koko sovitteluprosessin ajan huolehtia siit\u00e4, ett\u00e4 kummankin osapuolen osallistumisen vapaaehtoisuus s\u00e4ilyy ja ett\u00e4 osapuolet ymm\u00e4rt\u00e4v\u00e4t sovitteluprosessissa tehdyt ratkaisut ja niiden merkitykset.<\/p>\n<p>Sopimuksen sis\u00e4lt\u00f6kohtaan kirjataan ennen sovittelua pidetyt\u00a0<strong>erillistapaamiset ja niiden m\u00e4\u00e4r\u00e4, mm. l\u00e4hisuhdev\u00e4kivallan sovitteluun liittyv\u00e4t erillistapaamiset.<\/strong><\/p>\n<p>Mik\u00e4li aloite ei ole tullut poliisilta tai syytt\u00e4j\u00e4lt\u00e4 t\u00e4ss\u00e4 kohdassa\u00a0<strong>voidaan antaa tieto my\u00f6s aloitteen tehneest\u00e4 muusta viran-<br \/>\nomaisesta tai henkil\u00f6st\u00e4<\/strong>. T\u00e4m\u00e4 kirjaaminen on my\u00f6s tarpeen, sill\u00e4 aloite sovinnollisuudesta voidaan oikeusk\u00e4sittelyss\u00e4 katsoa sen tehneelle eduksi, mik\u00e4li asia etenee sovittelusta ja sen loppu-<br \/>\ntuloksesta huolimatta k\u00e4r\u00e4j\u00e4oikeuteen.<\/p>\n<p>Sopimuksen sis\u00e4lt\u00f6osaan kirjataan sovittelun\u00a0<strong>lopputulos, sopimus<\/strong>, joka osapuolten v\u00e4lill\u00e4 on saavutettu ja yhteisesti sovittu.\u00a0 Sopimukseen p\u00e4\u00e4semiseksi tehtyj\u00e4 tarjouksia ja vastatarjouksia ei kirjata sopimukseen; viite; laki 1015\/2005, \u00a7 21, 2 mom., jolla sovittelun osapuolia kiellet\u00e4\u00e4n my\u00f6hemmin vetoamasta siihen, mit\u00e4 vastapuoli sovittelun aikana on esitt\u00e4nyt. (vastapuolen sovittelun aikana tekemiin esityksiin).<\/p>\n<p><strong>Rikosnimikkeet ja niihin liittyvien korvausten kirjaaminen:<\/strong><\/p>\n<p><strong>Jos sovittelussa on soviteltavana useisiin eri rikoksiin liittyvi\u00e4 asioita, useita osapuolia ja kuhunkin rikokseen liittyvi\u00e4 erillisi\u00e4 korvaus- ja rangaistusvaatimuksia, sovittelussa on suotavaa laatia erilliset sopimukset jokaisesta sovitellusta asiasta\/rikoksesta.\u00a0\u00a0<\/strong><\/p>\n<p>Sovittelussa voidaan aiheutettu vahinko korvata ty\u00f6korvauksena, rahakorvauksena tai anteeksipyynt\u00f6, -anto ja k\u00e4ytt\u00e4ytymis-<br \/>\nsopimuksilla.<\/p>\n<p><strong>Ty\u00f6korvaus:<\/strong>\u00a0ty\u00f6korvauksen osalta tulee tekstiss\u00e4 olla mainita korvauksen kokonaissummasta, ty\u00f6suorituksen kestosta\/tuntipalkasta, ty\u00f6nkohteesta, ty\u00f6suorituksen ajankohdasta, vakuutuksista, valvonnasta ja ty\u00f6n hyv\u00e4ksynn\u00e4st\u00e4.<\/p>\n<p><strong>Rahakorvaus:<\/strong>\u00a0rahakorvauksen osalta sopimukseen kirjataan kuka korvaa ja kenelle, Vahingonkorvaus\/ korvaussumma ja mist\u00e4 vahingonkorvaus koostuu, vahingonkorvauksen suorittamisen aikataulu ja suoritusten er\u00e4p\u00e4iv\u00e4\/er\u00e4p\u00e4iv\u00e4t. Vahingonkorvauksen erittelyss\u00e4 mainitaan aiheutuneet kulut esim. (kuljetus-), ansionmenetykset, kipu ja s\u00e4rky, kosmeettinen haitta, sairaala- ja poliklinikkakulut, l\u00e4\u00e4kemenot, pesulalaskut, esim. rikkimenneiden vaatteiden uusimisesta aiheutuneet menot, ansionmenetys jne. (Huom! esim. rikkimenneen toppatakin hinta arvioidaan aikoinaan takista maksetun hinnan ja takin i\u00e4n perusteella, ei mahdollisesti uuden, tilalle ostetun takin hankintahinnan perusteella jne. Maksusuunnitelmasta kirjataan erien m\u00e4\u00e4r\u00e4t ja er\u00e4p\u00e4iv\u00e4t, maksun saajan tilinumero jos osapuolet haluavat maksut suoritettavaksi pankkitilille.<\/p>\n<p><strong>Anteeksipyynn\u00f6t, -annot ym. k\u00e4ytt\u00e4ytymislupaukset:<\/strong><\/p>\n<p>N\u00e4m\u00e4 voidaan kirjata sopimussis\u00e4lt\u00f6\u00f6n. Anteeksipyynn\u00f6t ja lupaukset ovat moraalisesti sitovia. Sovittelussa sovitaan k\u00e4ytt\u00e4ytymislupausten seurantatapa, mik\u00e4 tulee kirjata sopimukseen. K\u00e4ytt\u00e4ytymislupausten seurannassa tulee sovittelutoimiston toimia siten, ett\u00e4 sovittelu-<br \/>\ntoimiston sovittelulain tarkoitus toteutuu ja asiakkaan oikeusturvaan liittyv\u00e4t asiat tulee huomioitua.<\/p>\n<h4>Riita-asian sopimuspohjassa sis\u00e4lt\u00f6 ja korvausvaatimukset:<\/h4>\n<p>Soveltuvin osin noudatetaan mit\u00e4 rikosasian sis\u00e4lt\u00f6osassa on ohjeistettu. Riita-asiassa sovittu korvaus\/hyvitys kirjataan my\u00f6s ko. kohtaan.<\/p>\n<h4>Rikosasian sopimuspohjassa korvausvaatimukset:<\/h4>\n<p>Sis\u00e4lt\u00f6osassa eriteltyjen korvausten osalta\u00a0<strong>yleisen\u00e4 menettelyn\u00e4<\/strong>sopimuspohjassa rastitetaan vaihtoehtoisesti:<br \/>\n&#8211; ei muita kuin kohdassa 4 ilmaistuja korvausvaatimuksia<br \/>\nPoikkeus\/erityistapauksissa rastitetaan sopimuksessa kohta:<br \/>\n&#8211; muita\/my\u00f6hemmin esitett\u00e4vi\u00e4 korvausvaatimuksia<\/p>\n<p>N\u00e4in menetell\u00e4\u00e4n, kun aiheutetun vahingon m\u00e4\u00e4r\u00e4 ei ole viel\u00e4 tiedossa, esim. pitk\u00e4kestoiset hammas-, silm\u00e4- tai muut vammat, pysyv\u00e4t kosmeettiset haitat jne. t\u00e4m\u00e4 vaihtoehto rastitetaan.\u00a0<strong>Rastituksen lis\u00e4ksi sopimuksen sis\u00e4lt\u00f6osaan voidaan my\u00f6s kirjata: Asianomistajalla on my\u00f6s muita korvausvaatimuksia ja korvausvaatimus ilmoitetaan, kun se on tiedossa.<\/strong><\/p>\n<h4>Rikosasian sopimuspohjassa muut sopimusehdot<\/h4>\n<p>Sopimuksessa on esill\u00e4 kaikki (nelj\u00e4) vaihtoehtoa. On huomattava, ett\u00e4 asianomistajalla on oikeus my\u00f6s rangaistusvaatimukseen sek\u00e4 asianomistajarikoksessa ett\u00e4 yleisen syytteen alaisissa rikoksissa. Mik\u00e4li asianomistaja sit\u00e4 vaatii, on sovittelussa noudatettava asianomistajan tahtoa. Samasta rikosasiasta sovittelussa mukana olevilla eri asianomistajilla voi olla erilaisia vaatimuksia ko. esill\u00e4 olevien sopimusehtojen suhteen. N\u00e4m\u00e4 vaateet ilmaistaan kunkin asianomistajan ilmoittamalla tavalla.<\/p>\n<h4>Sovinnon vahvistaminen t\u00e4yt\u00e4nt\u00f6\u00f6npanokelpoiseksi<\/h4>\n<p>Asianosaisille kerrotaan mahdollisuudesta vahvistaa sovinto t\u00e4yt\u00e4nt\u00f6\u00f6npanokelpoiseksi. Sopimuspohjaan rastitetaan asianosaisten ilmaisema tahto\/suostumus.<\/p>\n<h4>Sopimuksen seuranta<\/h4>\n<p>Rastitetaan tarvittaessa ko. kohta. Huom! Vapaaehtoiset sovittelijat eiv\u00e4t seuraa sopimuksen t\u00e4yttymist\u00e4, vaan seurantateht\u00e4v\u00e4 on sovittelutoimistolla; viite: Sovittelijan teht\u00e4v\u00e4t laki 1015\/2005 \u00a7<\/p>\n<h4>Sopimus tiedoksi<\/h4>\n<p>Sopimuksessa kerrotaan samansis\u00e4lt\u00f6isten sopimusten m\u00e4\u00e4r\u00e4.<\/p>\n<h4>Sopimuksen allekirjoitukset<\/h4>\n<p>Alaik\u00e4isten allekirjoitusten yhteydess\u00e4 my\u00f6s huoltajat allekirjoittavat sopimuksen; selvennet\u00e4\u00e4n kenen huoltaja. Vajaavaltaisen allekirjoituksen varmentaa my\u00f6s edunvalvoja; selvennet\u00e4\u00e4n kenen edunvalvoja.<\/p>\n<hr \/>\n<h3>Sovitteluun liittyvi\u00e4 erityiskysymyksi\u00e4<\/h3>\n<p><strong>Vakuutusyhti\u00f6iden regressio-oikeus:<\/strong>\u00a0asian ilmaiseminen ja kirjaaminen sopimuksen sis\u00e4lt\u00f6osassa. Ennen sovittelua selvitet\u00e4\u00e4n tarvittaessa mahdolliset\u00a0<strong>vakuutusturvaan liittyv\u00e4t suoritukset<\/strong>\u00a0ja niiden vaikuttavuus sovittelussa suoritettavaan korvaukseen.<\/p>\n<p><strong>Vahingonkorvausten hakeminen valtiokonttorilta:<\/strong>\u00a0Ennen sovittelua selvitett\u00e4v\u00e4 osapuolille heid\u00e4n oikeudet ja velvollisuudet ko. asiassa. Mik\u00e4li sovittelussa sovitaan viel\u00e4 muista kuin valtiokonttorilta saaduista, samaan asiaan liittyvist\u00e4 korvauksista, sopimuksen sis\u00e4lt\u00f6osassa tarvittaessa mainitaan my\u00f6s asiaa koskeva valtiokonttorin p\u00e4\u00e4t\u00f6s.<\/p>\n<p><strong>Korvaussumman kohtuullisuus: \u00a0<\/strong><\/p>\n<p>Oikeudessa kohtuusperusteinen sovittelu: Vahingonkorvauslaki 2 luku 1 \u00a7 2 mom ja 3 luku 6 \u00a7: Korvausvastuuta voidaan sovitella, jos se muodostuisi kohtuuttomaksi taloudelliseksi rasitukseksi ottaen huomioon korvausvelvollisen taloudellinen asema, varallisuus ja tulot. Kohtuullistaminen vahingonkorvauslaissa tarkoittaa siis sit\u00e4, ett\u00e4 tuomioistuin voi poiketa t\u00e4yden korvauksen periaatteesta laissa s\u00e4\u00e4detyin edellytyksin, vaikka asianomistaja on oikeudenk\u00e4ynniss\u00e4 t\u00e4ytt\u00e4 korvausta vaatinut.<\/p>\n<p>Jos vahinko on aiheutettu tahallisesti, on kuitenkin t\u00e4ysi korvaus tuomittava, jollei erityisist\u00e4 syist\u00e4 harkita kohtuulliseksi alentaa korvausta. P\u00e4\u00e4s\u00e4\u00e4nt\u00f6 on t\u00e4yden korvauksen periaate.<\/p>\n<p>Sovittelussa asianomistaja voi toki harkintansa mukaan vaatia v\u00e4hemm\u00e4nkin kuin t\u00e4yden korvauksen (mik\u00e4 lienee tekij\u00f6iden kannalta ok). Mik\u00e4li asianomistaja vaatii liian suurta korvausta, sovittelija voi kertoa oman n\u00e4kemyksens\u00e4\/arvionsa \u201doikeasta\u201d korvaussummasta (esim. k\u00e4ytetyn esineen arvo ei ole vastaavan uuden esineen arvo).\u00a0 Saadun tiedon varassa osapuolet (rikosasiassa rikoksen uhri ja rikoksesta ep\u00e4ilty, riita-asiassa riidan osapuolet) k\u00e4sittelev\u00e4t rikoksessa sen uhrille aiheutuneita henkisi\u00e4 ja aineellisia haittoja sek\u00e4 pyrkiv\u00e4t omatoimisesti sopimaan toimenpiteist\u00e4 niiden hyvitt\u00e4miseksi.<\/p>\n<p><strong>Korvausten yhteisvastuullisuus:<\/strong><\/p>\n<p>P\u00e4\u00e4s\u00e4\u00e4nt\u00f6 sovittelussa on, ett\u00e4 korvaukset sovitaan maksettavaksi henkil\u00f6kohtaisesti, kukin tekij\u00e4 vastaa omasta osuudestaan sopimallaan tavalla. Asianomistajalla on aina oikeus vaatia korvaussummaa suoritettavaksi yhteisvastuullisesti.\u00a0 Jos asianomistaja haluaa vahingonkorvauksen suorittamista yhteisvastuullisesti, kirjataan se sopimukseen. T\u00e4m\u00e4 yhteisvastuullisuuden merkitys on selvitett\u00e4v\u00e4 asianosasille.<\/p>\n<p><strong>Viiv\u00e4styskorko:<\/strong><\/p>\n<p>Asianomistajalla on aina oikeus peri\u00e4 viiv\u00e4styskorkoa. Tarvittaessa sis\u00e4lt\u00f6osaan kirjataan maininta\u00a0<strong>viiv\u00e4styskorosta<\/strong>\u00a0ja sen perinn\u00e4st\u00e4.\u00a0<strong>Korkolause:<\/strong>\u00a0Korvattavaksi m\u00e4\u00e4r\u00e4tt\u00e4v\u00e4lle summalle tulee maksaa er\u00e4p\u00e4iv\u00e4n j\u00e4lkeen kulloinkin voimassaolevan Suomen pankin vahvistaman viiv\u00e4styskoron suuruista viiv\u00e4styskorkoa er\u00e4p\u00e4iv\u00e4st\u00e4 maksup\u00e4iv\u00e4\u00e4n. Viiv\u00e4styskorko vuonna 2012 (30.6.2012 asti)\u00a0on 8 prosenttia.<\/p>\n<h4>Lis\u00e4ksi<\/h4>\n<p><strong>Sopimuksen vahvistaminen oikeudessa:<\/strong>\u00a0sovittelutoimisto voi my\u00f6s tarvittaessa opastaa sovittelun osapuolia sopimuksen vahvistamiseen liittyvist\u00e4 toimenpiteist\u00e4.<\/p>\n<p><strong>Sovittelusopimuksen seuranta sovittelutoimistossa:<\/strong>Informoidaan osapuolia siit\u00e4, ett\u00e4 heid\u00e4n on itse oltava aktiivisia sovittelutoimiston suuntaan ja ilmoitettava toimistolle, mik\u00e4li sovittelusopimuksen t\u00e4yttymisess\u00e4 on viiveit\u00e4 tai muita ongelmia. Sovittelutoimisto ei voi tulkita korvauksia maksetuksi, jos siit\u00e4 ei ole annettu tietoa sovittelutoimistolle.<\/p>\n<p>Sopimus on sen osapuolten sopima sovittelun lopputulos. Sovittelijat voivat antaa tietoa sovittelun onnistumiseksi, mutta he eiv\u00e4t saa m\u00e4\u00e4r\u00e4t\u00e4 sopimuksen sis\u00e4lt\u00f6\u00e4.<\/p>\n","protected":false},"excerpt":{"rendered":"<p>Sovittelusopimus perustuu lakiin 1015\/2005, 17 \u00a7, kohta 5 LAKI 1015\/2005, \u00a7 4: Sovittelija:\u00a0Teht\u00e4v\u00e4\u00e4n koulutettu henkil\u00f6, joka hoitaa yksitt\u00e4isi\u00e4 sovitteluteht\u00e4vi\u00e4 sovittelutoimiston ohjauksen ja valvonnan alaisena. Sovittelunohjaaja:\u00a0Henkil\u00f6, jonka teht\u00e4v\u00e4n\u00e4 on ohjata ja valvoa sovittelijoiden toimintaa sek\u00e4 toimia tarvittaessa sovittelijana. Sovittelutoiminnan vastuuhenkil\u00f6:\u00a0Henkil\u00f6, jonka teht\u00e4v\u00e4n\u00e4 on vastata sovittelutoiminnan suunnittelusta, kehitt\u00e4misest\u00e4 ja asianmukaisesta toteuttamisesta sovittelutoimiston toimialueella sek\u00e4 toimia tarvittaessa my\u00f6s [&hellip;]<\/p>\n","protected":false},"author":1,"featured_media":0,"parent":0,"menu_order":0,"comment_status":"closed","ping_status":"closed","template":"","meta":{"_et_pb_use_builder":"","_et_pb_old_content":"","_et_gb_content_width":"","footnotes":""},"class_list":["post-635","page","type-page","status-publish","hentry"],"yoast_head":"<!-- This site is optimized with the Yoast SEO plugin v27.5 - https:\/\/yoast.com\/product\/yoast-seo-wordpress\/ -->\n<title>Sovittelusopimuksen t\u00e4ytt\u00f6ohje - Pohjois-Savon sovittelutoimisto<\/title>\n<meta name=\"robots\" content=\"index, follow, max-snippet:-1, max-image-preview:large, max-video-preview:-1\" \/>\n<link rel=\"canonical\" href=\"https:\/\/sovittelu.fi\/pohjoissavo\/sovittelusopimuksen-tayttoohje\/\" \/>\n<meta property=\"og:locale\" content=\"fi_FI\" \/>\n<meta property=\"og:type\" content=\"article\" \/>\n<meta property=\"og:title\" content=\"Sovittelusopimuksen t\u00e4ytt\u00f6ohje - Pohjois-Savon sovittelutoimisto\" \/>\n<meta property=\"og:description\" content=\"Sovittelusopimus perustuu lakiin 1015\/2005, 17 \u00a7, kohta 5 LAKI 1015\/2005, \u00a7 4: Sovittelija:\u00a0Teht\u00e4v\u00e4\u00e4n koulutettu henkil\u00f6, joka hoitaa yksitt\u00e4isi\u00e4 sovitteluteht\u00e4vi\u00e4 sovittelutoimiston ohjauksen ja valvonnan alaisena. Sovittelunohjaaja:\u00a0Henkil\u00f6, jonka teht\u00e4v\u00e4n\u00e4 on ohjata ja valvoa sovittelijoiden toimintaa sek\u00e4 toimia tarvittaessa sovittelijana. Sovittelutoiminnan vastuuhenkil\u00f6:\u00a0Henkil\u00f6, jonka teht\u00e4v\u00e4n\u00e4 on vastata sovittelutoiminnan suunnittelusta, kehitt\u00e4misest\u00e4 ja asianmukaisesta toteuttamisesta sovittelutoimiston toimialueella sek\u00e4 toimia tarvittaessa my\u00f6s [&hellip;]\" \/>\n<meta property=\"og:url\" content=\"https:\/\/sovittelu.fi\/pohjoissavo\/sovittelusopimuksen-tayttoohje\/\" \/>\n<meta property=\"og:site_name\" content=\"Pohjois-Savon sovittelutoimisto\" \/>\n<meta property=\"article:modified_time\" content=\"2019-05-08T07:21:41+00:00\" \/>\n<meta name=\"twitter:card\" content=\"summary_large_image\" \/>\n<meta name=\"twitter:label1\" content=\"Arvioitu lukuaika\" \/>\n\t<meta name=\"twitter:data1\" content=\"7 minuuttia\" \/>\n<script type=\"application\/ld+json\" class=\"yoast-schema-graph\">{\"@context\":\"https:\\\/\\\/schema.org\",\"@graph\":[{\"@type\":\"WebPage\",\"@id\":\"https:\\\/\\\/sovittelu.fi\\\/pohjoissavo\\\/sovittelusopimuksen-tayttoohje\\\/\",\"url\":\"https:\\\/\\\/sovittelu.fi\\\/pohjoissavo\\\/sovittelusopimuksen-tayttoohje\\\/\",\"name\":\"Sovittelusopimuksen t\u00e4ytt\u00f6ohje - Pohjois-Savon sovittelutoimisto\",\"isPartOf\":{\"@id\":\"https:\\\/\\\/sovittelu.fi\\\/pohjoissavo\\\/#website\"},\"datePublished\":\"2019-05-08T07:20:59+00:00\",\"dateModified\":\"2019-05-08T07:21:41+00:00\",\"breadcrumb\":{\"@id\":\"https:\\\/\\\/sovittelu.fi\\\/pohjoissavo\\\/sovittelusopimuksen-tayttoohje\\\/#breadcrumb\"},\"inLanguage\":\"fi\",\"potentialAction\":[{\"@type\":\"ReadAction\",\"target\":[\"https:\\\/\\\/sovittelu.fi\\\/pohjoissavo\\\/sovittelusopimuksen-tayttoohje\\\/\"]}]},{\"@type\":\"BreadcrumbList\",\"@id\":\"https:\\\/\\\/sovittelu.fi\\\/pohjoissavo\\\/sovittelusopimuksen-tayttoohje\\\/#breadcrumb\",\"itemListElement\":[{\"@type\":\"ListItem\",\"position\":1,\"name\":\"Home\",\"item\":\"https:\\\/\\\/sovittelu.fi\\\/pohjoissavo\\\/\"},{\"@type\":\"ListItem\",\"position\":2,\"name\":\"Sovittelusopimuksen t\u00e4ytt\u00f6ohje\"}]},{\"@type\":\"WebSite\",\"@id\":\"https:\\\/\\\/sovittelu.fi\\\/pohjoissavo\\\/#website\",\"url\":\"https:\\\/\\\/sovittelu.fi\\\/pohjoissavo\\\/\",\"name\":\"Pohjois-Savon sovittelutoimisto\",\"description\":\"Etel\u00e4-Savon ja Varkauden alueen sovittelutoimisto, Pohjois-Karjalan sovittelutoimisto, Pohjois-Savon sovittelutoimisto\",\"potentialAction\":[{\"@type\":\"SearchAction\",\"target\":{\"@type\":\"EntryPoint\",\"urlTemplate\":\"https:\\\/\\\/sovittelu.fi\\\/pohjoissavo\\\/?s={search_term_string}\"},\"query-input\":{\"@type\":\"PropertyValueSpecification\",\"valueRequired\":true,\"valueName\":\"search_term_string\"}}],\"inLanguage\":\"fi\"}]}<\/script>\n<!-- \/ Yoast SEO plugin. -->","yoast_head_json":{"title":"Sovittelusopimuksen t\u00e4ytt\u00f6ohje - Pohjois-Savon sovittelutoimisto","robots":{"index":"index","follow":"follow","max-snippet":"max-snippet:-1","max-image-preview":"max-image-preview:large","max-video-preview":"max-video-preview:-1"},"canonical":"https:\/\/sovittelu.fi\/pohjoissavo\/sovittelusopimuksen-tayttoohje\/","og_locale":"fi_FI","og_type":"article","og_title":"Sovittelusopimuksen t\u00e4ytt\u00f6ohje - Pohjois-Savon sovittelutoimisto","og_description":"Sovittelusopimus perustuu lakiin 1015\/2005, 17 \u00a7, kohta 5 LAKI 1015\/2005, \u00a7 4: Sovittelija:\u00a0Teht\u00e4v\u00e4\u00e4n koulutettu henkil\u00f6, joka hoitaa yksitt\u00e4isi\u00e4 sovitteluteht\u00e4vi\u00e4 sovittelutoimiston ohjauksen ja valvonnan alaisena. Sovittelunohjaaja:\u00a0Henkil\u00f6, jonka teht\u00e4v\u00e4n\u00e4 on ohjata ja valvoa sovittelijoiden toimintaa sek\u00e4 toimia tarvittaessa sovittelijana. Sovittelutoiminnan vastuuhenkil\u00f6:\u00a0Henkil\u00f6, jonka teht\u00e4v\u00e4n\u00e4 on vastata sovittelutoiminnan suunnittelusta, kehitt\u00e4misest\u00e4 ja asianmukaisesta toteuttamisesta sovittelutoimiston toimialueella sek\u00e4 toimia tarvittaessa my\u00f6s [&hellip;]","og_url":"https:\/\/sovittelu.fi\/pohjoissavo\/sovittelusopimuksen-tayttoohje\/","og_site_name":"Pohjois-Savon sovittelutoimisto","article_modified_time":"2019-05-08T07:21:41+00:00","twitter_card":"summary_large_image","twitter_misc":{"Arvioitu lukuaika":"7 minuuttia"},"schema":{"@context":"https:\/\/schema.org","@graph":[{"@type":"WebPage","@id":"https:\/\/sovittelu.fi\/pohjoissavo\/sovittelusopimuksen-tayttoohje\/","url":"https:\/\/sovittelu.fi\/pohjoissavo\/sovittelusopimuksen-tayttoohje\/","name":"Sovittelusopimuksen t\u00e4ytt\u00f6ohje - Pohjois-Savon sovittelutoimisto","isPartOf":{"@id":"https:\/\/sovittelu.fi\/pohjoissavo\/#website"},"datePublished":"2019-05-08T07:20:59+00:00","dateModified":"2019-05-08T07:21:41+00:00","breadcrumb":{"@id":"https:\/\/sovittelu.fi\/pohjoissavo\/sovittelusopimuksen-tayttoohje\/#breadcrumb"},"inLanguage":"fi","potentialAction":[{"@type":"ReadAction","target":["https:\/\/sovittelu.fi\/pohjoissavo\/sovittelusopimuksen-tayttoohje\/"]}]},{"@type":"BreadcrumbList","@id":"https:\/\/sovittelu.fi\/pohjoissavo\/sovittelusopimuksen-tayttoohje\/#breadcrumb","itemListElement":[{"@type":"ListItem","position":1,"name":"Home","item":"https:\/\/sovittelu.fi\/pohjoissavo\/"},{"@type":"ListItem","position":2,"name":"Sovittelusopimuksen t\u00e4ytt\u00f6ohje"}]},{"@type":"WebSite","@id":"https:\/\/sovittelu.fi\/pohjoissavo\/#website","url":"https:\/\/sovittelu.fi\/pohjoissavo\/","name":"Pohjois-Savon sovittelutoimisto","description":"Etel\u00e4-Savon ja Varkauden alueen sovittelutoimisto, Pohjois-Karjalan sovittelutoimisto, Pohjois-Savon sovittelutoimisto","potentialAction":[{"@type":"SearchAction","target":{"@type":"EntryPoint","urlTemplate":"https:\/\/sovittelu.fi\/pohjoissavo\/?s={search_term_string}"},"query-input":{"@type":"PropertyValueSpecification","valueRequired":true,"valueName":"search_term_string"}}],"inLanguage":"fi"}]}},"_links":{"self":[{"href":"https:\/\/sovittelu.fi\/pohjoissavo\/wp-json\/wp\/v2\/pages\/635","targetHints":{"allow":["GET"]}}],"collection":[{"href":"https:\/\/sovittelu.fi\/pohjoissavo\/wp-json\/wp\/v2\/pages"}],"about":[{"href":"https:\/\/sovittelu.fi\/pohjoissavo\/wp-json\/wp\/v2\/types\/page"}],"author":[{"embeddable":true,"href":"https:\/\/sovittelu.fi\/pohjoissavo\/wp-json\/wp\/v2\/users\/1"}],"replies":[{"embeddable":true,"href":"https:\/\/sovittelu.fi\/pohjoissavo\/wp-json\/wp\/v2\/comments?post=635"}],"version-history":[{"count":0,"href":"https:\/\/sovittelu.fi\/pohjoissavo\/wp-json\/wp\/v2\/pages\/635\/revisions"}],"wp:attachment":[{"href":"https:\/\/sovittelu.fi\/pohjoissavo\/wp-json\/wp\/v2\/media?parent=635"}],"curies":[{"name":"wp","href":"https:\/\/api.w.org\/{rel}","templated":true}]}}