{"id":1198,"date":"2019-08-19T17:38:11","date_gmt":"2019-08-19T14:38:11","guid":{"rendered":"https:\/\/sovittelu.fi\/pohjoissavo\/?page_id=1198"},"modified":"2021-01-07T11:36:20","modified_gmt":"2021-01-07T08:36:20","slug":"sovittelualoite-pohjois-savo","status":"publish","type":"page","link":"https:\/\/sovittelu.fi\/pohjoissavo\/sovittelualoite-pohjois-savo\/","title":{"rendered":"Sovittelualoite Pohjois-Savo"},"content":{"rendered":"<p>[et_pb_section fb_built=&#8221;1&#8243; _builder_version=&#8221;3.22&#8243;][et_pb_row column_structure=&#8221;2_3,1_3&#8243; _builder_version=&#8221;3.25&#8243; background_size=&#8221;initial&#8221; background_position=&#8221;top_left&#8221; background_repeat=&#8221;repeat&#8221;][et_pb_column type=&#8221;2_3&#8243; _builder_version=&#8221;3.0.47&#8243; custom_padding=&#8221;|||&#8221; custom_padding__hover=&#8221;|||&#8221;][et_pb_text _builder_version=&#8221;4.7.7&#8243; hover_enabled=&#8221;0&#8243; z_index_tablet=&#8221;500&#8243; text_text_shadow_horizontal_length_tablet=&#8221;0px&#8221; text_text_shadow_vertical_length_tablet=&#8221;0px&#8221; text_text_shadow_blur_strength_tablet=&#8221;1px&#8221; link_text_shadow_horizontal_length_tablet=&#8221;0px&#8221; link_text_shadow_vertical_length_tablet=&#8221;0px&#8221; link_text_shadow_blur_strength_tablet=&#8221;1px&#8221; ul_text_shadow_horizontal_length_tablet=&#8221;0px&#8221; ul_text_shadow_vertical_length_tablet=&#8221;0px&#8221; ul_text_shadow_blur_strength_tablet=&#8221;1px&#8221; ol_text_shadow_horizontal_length_tablet=&#8221;0px&#8221; ol_text_shadow_vertical_length_tablet=&#8221;0px&#8221; ol_text_shadow_blur_strength_tablet=&#8221;1px&#8221; quote_text_shadow_horizontal_length_tablet=&#8221;0px&#8221; quote_text_shadow_vertical_length_tablet=&#8221;0px&#8221; quote_text_shadow_blur_strength_tablet=&#8221;1px&#8221; header_text_shadow_horizontal_length_tablet=&#8221;0px&#8221; header_text_shadow_vertical_length_tablet=&#8221;0px&#8221; header_text_shadow_blur_strength_tablet=&#8221;1px&#8221; header_2_text_shadow_horizontal_length_tablet=&#8221;0px&#8221; header_2_text_shadow_vertical_length_tablet=&#8221;0px&#8221; header_2_text_shadow_blur_strength_tablet=&#8221;1px&#8221; header_3_text_shadow_horizontal_length_tablet=&#8221;0px&#8221; header_3_text_shadow_vertical_length_tablet=&#8221;0px&#8221; header_3_text_shadow_blur_strength_tablet=&#8221;1px&#8221; header_4_text_shadow_horizontal_length_tablet=&#8221;0px&#8221; header_4_text_shadow_vertical_length_tablet=&#8221;0px&#8221; header_4_text_shadow_blur_strength_tablet=&#8221;1px&#8221; header_5_text_shadow_horizontal_length_tablet=&#8221;0px&#8221; header_5_text_shadow_vertical_length_tablet=&#8221;0px&#8221; header_5_text_shadow_blur_strength_tablet=&#8221;1px&#8221; header_6_text_shadow_horizontal_length_tablet=&#8221;0px&#8221; header_6_text_shadow_vertical_length_tablet=&#8221;0px&#8221; header_6_text_shadow_blur_strength_tablet=&#8221;1px&#8221; box_shadow_horizontal_tablet=&#8221;0px&#8221; box_shadow_vertical_tablet=&#8221;0px&#8221; box_shadow_blur_tablet=&#8221;40px&#8221; box_shadow_spread_tablet=&#8221;0px&#8221; sticky_enabled=&#8221;0&#8243;]<\/p>\n<h1><strong><span style=\"font-size: 24pt;color: #5191cd\">Sovittelualoite<\/span><\/strong><\/h1>\n<p>&nbsp;<\/p>\n<p><span style=\"font-size: 12pt\">Sovittelualoitteen voit tehd\u00e4 Pohjois-Savon sovittelutoimistoon s\u00e4hk\u00f6isesti. Vaihtoehtoisesti voit my\u00f6s tulostaa aloitelomakkeen<a href=\"https:\/\/sovittelu.fi\/pohjois-karjala\/wp-content\/uploads\/sites\/3\/2019\/09\/sovittelualoite-2019-Pohjois-Karjala.pdf\" target=\"_blank\" rel=\"noopener noreferrer\">\u00a0<\/a>ja toimittaa sen Pohjois-Savon sovittelutoimistoon<strong>, Puijonkatu 23, 4.krs, 70100\u00a0 KUOPIO<\/strong>.<\/span><\/p>\n<p><span style=\"font-size: 12pt\">Iisalmen alueella aloitelomakkeen voit tehd\u00e4 Pohjois-Savon sovittelutoimistoon s\u00e4hk\u00f6isesti. Sek\u00e4 voit my\u00f6s tulostaa aloitelomakkeen ja j\u00e4tt\u00e4\u00e4 Naistentalolla olevaan sovittelutoimiston postilaatikkoon, Pohjolankatu 9 b, 74100\u00a0 IISALMI.<\/span><\/p>\n<p>[\/et_pb_text][et_pb_button button_url=&#8221;https:\/\/sovittelu.fi\/pohjoissavo\/sovittelualoitelomake-sivu\/&#8221; button_text=&#8221;S\u00e4hk\u00f6inen aloitelomake&#8221; _builder_version=&#8221;3.27.4&#8243; custom_button=&#8221;on&#8221; button_text_size=&#8221;16px&#8221; button_bg_color=&#8221;#458fcc&#8221;][\/et_pb_button][et_pb_button button_url=&#8221;https:\/\/sovittelu.fi\/pohjoissavo\/wp-content\/uploads\/sites\/5\/2019\/09\/sovittelualoite-2019-Pohjois-Savo-2.pdf&#8221; url_new_window=&#8221;on&#8221; button_text=&#8221;Tulostettava aloitelomake&#8221; _builder_version=&#8221;3.29.3&#8243; custom_button=&#8221;on&#8221; button_text_size=&#8221;16px&#8221; button_bg_color=&#8221;#458fcc&#8221;][\/et_pb_button][et_pb_text _builder_version=&#8221;3.27.4&#8243; z_index_tablet=&#8221;500&#8243; text_text_shadow_horizontal_length_tablet=&#8221;0px&#8221; text_text_shadow_vertical_length_tablet=&#8221;0px&#8221; text_text_shadow_blur_strength_tablet=&#8221;1px&#8221; link_text_shadow_horizontal_length_tablet=&#8221;0px&#8221; link_text_shadow_vertical_length_tablet=&#8221;0px&#8221; link_text_shadow_blur_strength_tablet=&#8221;1px&#8221; ul_text_shadow_horizontal_length_tablet=&#8221;0px&#8221; ul_text_shadow_vertical_length_tablet=&#8221;0px&#8221; ul_text_shadow_blur_strength_tablet=&#8221;1px&#8221; ol_text_shadow_horizontal_length_tablet=&#8221;0px&#8221; ol_text_shadow_vertical_length_tablet=&#8221;0px&#8221; ol_text_shadow_blur_strength_tablet=&#8221;1px&#8221; quote_text_shadow_horizontal_length_tablet=&#8221;0px&#8221; quote_text_shadow_vertical_length_tablet=&#8221;0px&#8221; quote_text_shadow_blur_strength_tablet=&#8221;1px&#8221; header_text_shadow_horizontal_length_tablet=&#8221;0px&#8221; header_text_shadow_vertical_length_tablet=&#8221;0px&#8221; header_text_shadow_blur_strength_tablet=&#8221;1px&#8221; header_2_text_shadow_horizontal_length_tablet=&#8221;0px&#8221; header_2_text_shadow_vertical_length_tablet=&#8221;0px&#8221; header_2_text_shadow_blur_strength_tablet=&#8221;1px&#8221; header_3_text_shadow_horizontal_length_tablet=&#8221;0px&#8221; header_3_text_shadow_vertical_length_tablet=&#8221;0px&#8221; header_3_text_shadow_blur_strength_tablet=&#8221;1px&#8221; header_4_text_shadow_horizontal_length_tablet=&#8221;0px&#8221; header_4_text_shadow_vertical_length_tablet=&#8221;0px&#8221; header_4_text_shadow_blur_strength_tablet=&#8221;1px&#8221; header_5_text_shadow_horizontal_length_tablet=&#8221;0px&#8221; header_5_text_shadow_vertical_length_tablet=&#8221;0px&#8221; header_5_text_shadow_blur_strength_tablet=&#8221;1px&#8221; header_6_text_shadow_horizontal_length_tablet=&#8221;0px&#8221; header_6_text_shadow_vertical_length_tablet=&#8221;0px&#8221; header_6_text_shadow_blur_strength_tablet=&#8221;1px&#8221; box_shadow_horizontal_tablet=&#8221;0px&#8221; box_shadow_vertical_tablet=&#8221;0px&#8221; box_shadow_blur_tablet=&#8221;40px&#8221; box_shadow_spread_tablet=&#8221;0px&#8221;]<\/p>\n<h4>\u00a0<\/h4>\n<h4><strong><span style=\"color: #5191cd;font-size: 14pt\">Sovittelualoitteen voi tehd\u00e4<\/span><\/strong><\/h4>\n<ul>\n<li><span style=\"font-size: 12pt\">riidan tai rikoksen osapuoli itse<\/span><\/li>\n<li><span style=\"font-size: 12pt\">alaik\u00e4isen huoltaja tai muu laillinen edustaja<\/span><\/li>\n<li><span style=\"font-size: 12pt\">t\u00e4ysi-ik\u00e4isen vajaavaltaisen edunvalvoja<\/span><\/li>\n<li><span style=\"font-size: 12pt\">poliisi- tai syytt\u00e4j\u00e4viranomainen<\/span><\/li>\n<li><span style=\"font-size: 12pt\">muu viranomainen<\/span><\/li>\n<\/ul>\n<p><span style=\"font-size: 12pt\">L\u00e4hisuhdev\u00e4kivaltarikoksissa sovittelualoitteen voi tehd\u00e4 vain poliisi tai syytt\u00e4j\u00e4. <\/span><\/p>\n<p><span style=\"font-size: 12pt\">Sovittelutoimisto selvitt\u00e4\u00e4 asian soveltuvuuden sovitteluun ja ottaa yhteytt\u00e4 asianosaisiin. \u00a0 \u00a0<\/span><\/p>\n<p>[\/et_pb_text][\/et_pb_column][et_pb_column type=&#8221;1_3&#8243; _builder_version=&#8221;3.0.47&#8243; custom_padding=&#8221;|||&#8221; custom_padding__hover=&#8221;|||&#8221;][et_pb_image src=&#8221;https:\/\/sovittelu.fi\/pohjoissavo\/wp-content\/uploads\/sites\/5\/2019\/04\/Rakennamme-sovintoa_pystyristikkoA6-1.jpg&#8221; _builder_version=&#8221;3.27.4&#8243; custom_margin=&#8221;110px||||false|false&#8221; z_index_tablet=&#8221;500&#8243; border_radii=&#8221;on|10px|10px|10px|10px&#8221; box_shadow_horizontal_tablet=&#8221;0px&#8221; box_shadow_vertical_tablet=&#8221;0px&#8221; box_shadow_blur_tablet=&#8221;40px&#8221; box_shadow_spread_tablet=&#8221;0px&#8221;][\/et_pb_image][\/et_pb_column][\/et_pb_row][\/et_pb_section]<\/p>\n","protected":false},"excerpt":{"rendered":"<p>Sovittelualoite &nbsp; Sovittelualoitteen voit tehd\u00e4 Pohjois-Savon sovittelutoimistoon s\u00e4hk\u00f6isesti. Vaihtoehtoisesti voit my\u00f6s tulostaa aloitelomakkeen\u00a0ja toimittaa sen Pohjois-Savon sovittelutoimistoon, Puijonkatu 23, 4.krs, 70100\u00a0 KUOPIO. Iisalmen alueella aloitelomakkeen voit tehd\u00e4 Pohjois-Savon sovittelutoimistoon s\u00e4hk\u00f6isesti. Sek\u00e4 voit my\u00f6s tulostaa aloitelomakkeen ja j\u00e4tt\u00e4\u00e4 Naistentalolla olevaan sovittelutoimiston postilaatikkoon, Pohjolankatu 9 b, 74100\u00a0 IISALMI. \u00a0 Sovittelualoitteen voi tehd\u00e4 riidan tai rikoksen osapuoli itse [&hellip;]<\/p>\n","protected":false},"author":1,"featured_media":0,"parent":0,"menu_order":0,"comment_status":"closed","ping_status":"closed","template":"","meta":{"_et_pb_use_builder":"on","_et_pb_old_content":"<p><span style=\"color: #ff0000;\"><strong>KORVAA T\u00c4M\u00c4 VANHA TEKSTI UUDELLA<\/strong><\/span><\/p><p>Sovittelua koskevan aloitteen rikos- tai riita-asiassa voi tehd\u00e4 t\u00e4ydent\u00e4m\u00e4ll\u00e4 sovittelualoitelomakkeen (pdf) ja toimittamalla sen oman alueen sovittelutoimistoon. Sovittelualoitteella sovitteluasia saadaan vireille.<\/p><h4>Sovittelualoitteen voi tehd\u00e4<\/h4><ul><li>osapuoli<\/li><li>alaik\u00e4isen huoltaja tai muu laillinen edustaja<\/li><li>t\u00e4ysi-ik\u00e4isen vajaavaltaisen edunvalvoja<\/li><li>poliisi- tai syytt\u00e4j\u00e4viranomainen<\/li><li>muu viranomainen.<\/li><\/ul><p><a title=\"Sovittelualoite Pohjois-Savo\" href=\"https:\/\/www.sovittelu.fi\/images\/tiedostot\/sovittelualoite_ps_2011form.pdf\" target=\"_blank\" rel=\"noopener noreferrer\">Sovittelualoite, Pohjois-Savon lomake (pdf)<\/a><\/p><p>Tallenna pdf omalle koneellesi, avaa Adobe Reader -ohjelmalla<br \/>ja t\u00e4ydenn\u00e4 lomake. L\u00e4het\u00e4 lomake s\u00e4hk\u00f6postin liitteen\u00e4 sovittelutoimistoon.<\/p><p><strong>Lomakkeen voi my\u00f6s tulostaa ja toimittaa<br \/>t\u00e4ytettyn\u00e4 postitse sovittelutoimistoon.<\/strong><\/p><p><a title=\"Lataa Adobe Reader t\u00e4st\u00e4\" href=\"https:\/\/get.adobe.com\/fi\/reader\/\" target=\"_blank\" rel=\"noopener noreferrer\">Adobe Reader -ohjelman voi ladata t\u00e4st\u00e4.<\/a><\/p>","_et_gb_content_width":"","footnotes":""},"class_list":["post-1198","page","type-page","status-publish","hentry"],"yoast_head":"<!-- This site is optimized with the Yoast SEO plugin v27.5 - https:\/\/yoast.com\/product\/yoast-seo-wordpress\/ -->\n<title>Sovittelualoite Pohjois-Savo - Pohjois-Savon sovittelutoimisto<\/title>\n<meta name=\"robots\" content=\"index, follow, max-snippet:-1, max-image-preview:large, max-video-preview:-1\" \/>\n<link rel=\"canonical\" href=\"https:\/\/sovittelu.fi\/pohjoissavo\/sovittelualoite-pohjois-savo\/\" \/>\n<meta property=\"og:locale\" content=\"fi_FI\" \/>\n<meta property=\"og:type\" content=\"article\" \/>\n<meta property=\"og:title\" content=\"Sovittelualoite Pohjois-Savo - Pohjois-Savon sovittelutoimisto\" \/>\n<meta property=\"og:description\" content=\"Sovittelualoite &nbsp; Sovittelualoitteen voit tehd\u00e4 Pohjois-Savon sovittelutoimistoon s\u00e4hk\u00f6isesti. Vaihtoehtoisesti voit my\u00f6s tulostaa aloitelomakkeen\u00a0ja toimittaa sen Pohjois-Savon sovittelutoimistoon, Puijonkatu 23, 4.krs, 70100\u00a0 KUOPIO. Iisalmen alueella aloitelomakkeen voit tehd\u00e4 Pohjois-Savon sovittelutoimistoon s\u00e4hk\u00f6isesti. Sek\u00e4 voit my\u00f6s tulostaa aloitelomakkeen ja j\u00e4tt\u00e4\u00e4 Naistentalolla olevaan sovittelutoimiston postilaatikkoon, Pohjolankatu 9 b, 74100\u00a0 IISALMI. \u00a0 Sovittelualoitteen voi tehd\u00e4 riidan tai rikoksen osapuoli itse [&hellip;]\" \/>\n<meta property=\"og:url\" content=\"https:\/\/sovittelu.fi\/pohjoissavo\/sovittelualoite-pohjois-savo\/\" \/>\n<meta property=\"og:site_name\" content=\"Pohjois-Savon sovittelutoimisto\" \/>\n<meta property=\"article:modified_time\" content=\"2021-01-07T08:36:20+00:00\" \/>\n<meta name=\"twitter:card\" content=\"summary_large_image\" \/>\n<meta name=\"twitter:label1\" content=\"Arvioitu lukuaika\" \/>\n\t<meta name=\"twitter:data1\" content=\"4 minuuttia\" \/>\n<script type=\"application\/ld+json\" class=\"yoast-schema-graph\">{\"@context\":\"https:\\\/\\\/schema.org\",\"@graph\":[{\"@type\":\"WebPage\",\"@id\":\"https:\\\/\\\/sovittelu.fi\\\/pohjoissavo\\\/sovittelualoite-pohjois-savo\\\/\",\"url\":\"https:\\\/\\\/sovittelu.fi\\\/pohjoissavo\\\/sovittelualoite-pohjois-savo\\\/\",\"name\":\"Sovittelualoite Pohjois-Savo - Pohjois-Savon sovittelutoimisto\",\"isPartOf\":{\"@id\":\"https:\\\/\\\/sovittelu.fi\\\/pohjoissavo\\\/#website\"},\"datePublished\":\"2019-08-19T14:38:11+00:00\",\"dateModified\":\"2021-01-07T08:36:20+00:00\",\"breadcrumb\":{\"@id\":\"https:\\\/\\\/sovittelu.fi\\\/pohjoissavo\\\/sovittelualoite-pohjois-savo\\\/#breadcrumb\"},\"inLanguage\":\"fi\",\"potentialAction\":[{\"@type\":\"ReadAction\",\"target\":[\"https:\\\/\\\/sovittelu.fi\\\/pohjoissavo\\\/sovittelualoite-pohjois-savo\\\/\"]}]},{\"@type\":\"BreadcrumbList\",\"@id\":\"https:\\\/\\\/sovittelu.fi\\\/pohjoissavo\\\/sovittelualoite-pohjois-savo\\\/#breadcrumb\",\"itemListElement\":[{\"@type\":\"ListItem\",\"position\":1,\"name\":\"Home\",\"item\":\"https:\\\/\\\/sovittelu.fi\\\/pohjoissavo\\\/\"},{\"@type\":\"ListItem\",\"position\":2,\"name\":\"Sovittelualoite Pohjois-Savo\"}]},{\"@type\":\"WebSite\",\"@id\":\"https:\\\/\\\/sovittelu.fi\\\/pohjoissavo\\\/#website\",\"url\":\"https:\\\/\\\/sovittelu.fi\\\/pohjoissavo\\\/\",\"name\":\"Pohjois-Savon sovittelutoimisto\",\"description\":\"Etel\u00e4-Savon ja Varkauden alueen sovittelutoimisto, Pohjois-Karjalan sovittelutoimisto, Pohjois-Savon sovittelutoimisto\",\"potentialAction\":[{\"@type\":\"SearchAction\",\"target\":{\"@type\":\"EntryPoint\",\"urlTemplate\":\"https:\\\/\\\/sovittelu.fi\\\/pohjoissavo\\\/?s={search_term_string}\"},\"query-input\":{\"@type\":\"PropertyValueSpecification\",\"valueRequired\":true,\"valueName\":\"search_term_string\"}}],\"inLanguage\":\"fi\"}]}<\/script>\n<!-- \/ Yoast SEO plugin. -->","yoast_head_json":{"title":"Sovittelualoite Pohjois-Savo - Pohjois-Savon sovittelutoimisto","robots":{"index":"index","follow":"follow","max-snippet":"max-snippet:-1","max-image-preview":"max-image-preview:large","max-video-preview":"max-video-preview:-1"},"canonical":"https:\/\/sovittelu.fi\/pohjoissavo\/sovittelualoite-pohjois-savo\/","og_locale":"fi_FI","og_type":"article","og_title":"Sovittelualoite Pohjois-Savo - Pohjois-Savon sovittelutoimisto","og_description":"Sovittelualoite &nbsp; Sovittelualoitteen voit tehd\u00e4 Pohjois-Savon sovittelutoimistoon s\u00e4hk\u00f6isesti. Vaihtoehtoisesti voit my\u00f6s tulostaa aloitelomakkeen\u00a0ja toimittaa sen Pohjois-Savon sovittelutoimistoon, Puijonkatu 23, 4.krs, 70100\u00a0 KUOPIO. Iisalmen alueella aloitelomakkeen voit tehd\u00e4 Pohjois-Savon sovittelutoimistoon s\u00e4hk\u00f6isesti. Sek\u00e4 voit my\u00f6s tulostaa aloitelomakkeen ja j\u00e4tt\u00e4\u00e4 Naistentalolla olevaan sovittelutoimiston postilaatikkoon, Pohjolankatu 9 b, 74100\u00a0 IISALMI. \u00a0 Sovittelualoitteen voi tehd\u00e4 riidan tai rikoksen osapuoli itse [&hellip;]","og_url":"https:\/\/sovittelu.fi\/pohjoissavo\/sovittelualoite-pohjois-savo\/","og_site_name":"Pohjois-Savon sovittelutoimisto","article_modified_time":"2021-01-07T08:36:20+00:00","twitter_card":"summary_large_image","twitter_misc":{"Arvioitu lukuaika":"4 minuuttia"},"schema":{"@context":"https:\/\/schema.org","@graph":[{"@type":"WebPage","@id":"https:\/\/sovittelu.fi\/pohjoissavo\/sovittelualoite-pohjois-savo\/","url":"https:\/\/sovittelu.fi\/pohjoissavo\/sovittelualoite-pohjois-savo\/","name":"Sovittelualoite Pohjois-Savo - Pohjois-Savon sovittelutoimisto","isPartOf":{"@id":"https:\/\/sovittelu.fi\/pohjoissavo\/#website"},"datePublished":"2019-08-19T14:38:11+00:00","dateModified":"2021-01-07T08:36:20+00:00","breadcrumb":{"@id":"https:\/\/sovittelu.fi\/pohjoissavo\/sovittelualoite-pohjois-savo\/#breadcrumb"},"inLanguage":"fi","potentialAction":[{"@type":"ReadAction","target":["https:\/\/sovittelu.fi\/pohjoissavo\/sovittelualoite-pohjois-savo\/"]}]},{"@type":"BreadcrumbList","@id":"https:\/\/sovittelu.fi\/pohjoissavo\/sovittelualoite-pohjois-savo\/#breadcrumb","itemListElement":[{"@type":"ListItem","position":1,"name":"Home","item":"https:\/\/sovittelu.fi\/pohjoissavo\/"},{"@type":"ListItem","position":2,"name":"Sovittelualoite Pohjois-Savo"}]},{"@type":"WebSite","@id":"https:\/\/sovittelu.fi\/pohjoissavo\/#website","url":"https:\/\/sovittelu.fi\/pohjoissavo\/","name":"Pohjois-Savon sovittelutoimisto","description":"Etel\u00e4-Savon ja Varkauden alueen sovittelutoimisto, Pohjois-Karjalan sovittelutoimisto, Pohjois-Savon sovittelutoimisto","potentialAction":[{"@type":"SearchAction","target":{"@type":"EntryPoint","urlTemplate":"https:\/\/sovittelu.fi\/pohjoissavo\/?s={search_term_string}"},"query-input":{"@type":"PropertyValueSpecification","valueRequired":true,"valueName":"search_term_string"}}],"inLanguage":"fi"}]}},"_links":{"self":[{"href":"https:\/\/sovittelu.fi\/pohjoissavo\/wp-json\/wp\/v2\/pages\/1198","targetHints":{"allow":["GET"]}}],"collection":[{"href":"https:\/\/sovittelu.fi\/pohjoissavo\/wp-json\/wp\/v2\/pages"}],"about":[{"href":"https:\/\/sovittelu.fi\/pohjoissavo\/wp-json\/wp\/v2\/types\/page"}],"author":[{"embeddable":true,"href":"https:\/\/sovittelu.fi\/pohjoissavo\/wp-json\/wp\/v2\/users\/1"}],"replies":[{"embeddable":true,"href":"https:\/\/sovittelu.fi\/pohjoissavo\/wp-json\/wp\/v2\/comments?post=1198"}],"version-history":[{"count":0,"href":"https:\/\/sovittelu.fi\/pohjoissavo\/wp-json\/wp\/v2\/pages\/1198\/revisions"}],"wp:attachment":[{"href":"https:\/\/sovittelu.fi\/pohjoissavo\/wp-json\/wp\/v2\/media?parent=1198"}],"curies":[{"name":"wp","href":"https:\/\/api.w.org\/{rel}","templated":true}]}}