{"id":969,"date":"2019-08-19T17:32:48","date_gmt":"2019-08-19T14:32:48","guid":{"rendered":"https:\/\/sovittelu.fi\/pohjois-karjala\/?page_id=969"},"modified":"2025-10-03T16:16:38","modified_gmt":"2025-10-03T13:16:38","slug":"sovittelualoite-pohjois-karjala","status":"publish","type":"page","link":"https:\/\/sovittelu.fi\/pohjois-karjala\/sovittelualoite-pohjois-karjala\/","title":{"rendered":"Sovittelualoite"},"content":{"rendered":"<p>[et_pb_section fb_built=&#8221;1&#8243; _builder_version=&#8221;4.16&#8243; global_colors_info=&#8221;{}&#8221;][et_pb_row column_structure=&#8221;2_3,1_3&#8243; _builder_version=&#8221;4.16&#8243; background_size=&#8221;initial&#8221; background_position=&#8221;top_left&#8221; background_repeat=&#8221;repeat&#8221; global_colors_info=&#8221;{}&#8221;][et_pb_column type=&#8221;2_3&#8243; _builder_version=&#8221;4.16&#8243; custom_padding=&#8221;|||&#8221; global_colors_info=&#8221;{}&#8221; custom_padding__hover=&#8221;|||&#8221;][et_pb_text _builder_version=&#8221;4.16&#8243; z_index_tablet=&#8221;500&#8243; text_text_shadow_horizontal_length_tablet=&#8221;0px&#8221; text_text_shadow_vertical_length_tablet=&#8221;0px&#8221; text_text_shadow_blur_strength_tablet=&#8221;1px&#8221; link_text_shadow_horizontal_length_tablet=&#8221;0px&#8221; link_text_shadow_vertical_length_tablet=&#8221;0px&#8221; link_text_shadow_blur_strength_tablet=&#8221;1px&#8221; ul_text_shadow_horizontal_length_tablet=&#8221;0px&#8221; ul_text_shadow_vertical_length_tablet=&#8221;0px&#8221; ul_text_shadow_blur_strength_tablet=&#8221;1px&#8221; ol_text_shadow_horizontal_length_tablet=&#8221;0px&#8221; ol_text_shadow_vertical_length_tablet=&#8221;0px&#8221; ol_text_shadow_blur_strength_tablet=&#8221;1px&#8221; quote_text_shadow_horizontal_length_tablet=&#8221;0px&#8221; quote_text_shadow_vertical_length_tablet=&#8221;0px&#8221; quote_text_shadow_blur_strength_tablet=&#8221;1px&#8221; header_text_shadow_horizontal_length_tablet=&#8221;0px&#8221; header_text_shadow_vertical_length_tablet=&#8221;0px&#8221; header_text_shadow_blur_strength_tablet=&#8221;1px&#8221; header_2_text_shadow_horizontal_length_tablet=&#8221;0px&#8221; header_2_text_shadow_vertical_length_tablet=&#8221;0px&#8221; header_2_text_shadow_blur_strength_tablet=&#8221;1px&#8221; header_3_text_shadow_horizontal_length_tablet=&#8221;0px&#8221; header_3_text_shadow_vertical_length_tablet=&#8221;0px&#8221; header_3_text_shadow_blur_strength_tablet=&#8221;1px&#8221; header_4_text_shadow_horizontal_length_tablet=&#8221;0px&#8221; header_4_text_shadow_vertical_length_tablet=&#8221;0px&#8221; header_4_text_shadow_blur_strength_tablet=&#8221;1px&#8221; header_5_text_shadow_horizontal_length_tablet=&#8221;0px&#8221; header_5_text_shadow_vertical_length_tablet=&#8221;0px&#8221; header_5_text_shadow_blur_strength_tablet=&#8221;1px&#8221; header_6_text_shadow_horizontal_length_tablet=&#8221;0px&#8221; header_6_text_shadow_vertical_length_tablet=&#8221;0px&#8221; header_6_text_shadow_blur_strength_tablet=&#8221;1px&#8221; box_shadow_horizontal_tablet=&#8221;0px&#8221; box_shadow_vertical_tablet=&#8221;0px&#8221; box_shadow_blur_tablet=&#8221;40px&#8221; box_shadow_spread_tablet=&#8221;0px&#8221; global_colors_info=&#8221;{}&#8221;]<\/p>\n<h1><strong><span style=\"font-size: 24pt;color: #5191cd\">Sovittelualoite<\/span><\/strong><\/h1>\n<p>&nbsp;<\/p>\n<p><span style=\"font-size: 12pt\">Sovittelualoitteen voit tehd\u00e4 Pohjois-Karjalan sovittelutoimistoon s\u00e4hk\u00f6isesti. Vaihtoehtoisesti voit my\u00f6s tulostaa aloitelomakkeen<a href=\"https:\/\/sovittelu.fi\/pohjois-karjala\/wp-content\/uploads\/sites\/3\/2019\/09\/sovittelualoite-2019-Pohjois-Karjala.pdf\" target=\"_blank\" rel=\"noopener noreferrer\">\u00a0<\/a>ja toimittaa sen Pohjois-Karjalan sovittelutoimistoon, Siltakatu 14 B 15, 80100 Joensuu.<\/span><\/p>\n<p>[\/et_pb_text][et_pb_button button_url=&#8221;https:\/\/sovittelu.fi\/pohjois-karjala\/sovittelualoitelomake-pohjois-karjala\/&#8221; button_text=&#8221;S\u00e4hk\u00f6inen aloitelomake&#8221; _builder_version=&#8221;4.16&#8243; custom_button=&#8221;on&#8221; button_text_size=&#8221;16px&#8221; button_bg_color=&#8221;#458fcc&#8221; global_colors_info=&#8221;{}&#8221;][\/et_pb_button][et_pb_button button_url=&#8221;https:\/\/sovittelu.fi\/pohjois-karjala\/wp-content\/uploads\/sites\/3\/2023\/01\/sovittelualoite-2023.pdf&#8221; url_new_window=&#8221;on&#8221; button_text=&#8221;Tulostettava aloitelomake&#8221; _builder_version=&#8221;4.18.1&#8243; custom_button=&#8221;on&#8221; button_text_size=&#8221;16px&#8221; button_bg_color=&#8221;#458fcc&#8221; global_colors_info=&#8221;{}&#8221;][\/et_pb_button][et_pb_text _builder_version=&#8221;4.27.4&#8243; hover_enabled=&#8221;0&#8243; z_index_tablet=&#8221;500&#8243; text_text_shadow_horizontal_length_tablet=&#8221;0px&#8221; text_text_shadow_vertical_length_tablet=&#8221;0px&#8221; text_text_shadow_blur_strength_tablet=&#8221;1px&#8221; link_text_shadow_horizontal_length_tablet=&#8221;0px&#8221; link_text_shadow_vertical_length_tablet=&#8221;0px&#8221; link_text_shadow_blur_strength_tablet=&#8221;1px&#8221; ul_text_shadow_horizontal_length_tablet=&#8221;0px&#8221; ul_text_shadow_vertical_length_tablet=&#8221;0px&#8221; ul_text_shadow_blur_strength_tablet=&#8221;1px&#8221; ol_text_shadow_horizontal_length_tablet=&#8221;0px&#8221; ol_text_shadow_vertical_length_tablet=&#8221;0px&#8221; ol_text_shadow_blur_strength_tablet=&#8221;1px&#8221; quote_text_shadow_horizontal_length_tablet=&#8221;0px&#8221; quote_text_shadow_vertical_length_tablet=&#8221;0px&#8221; quote_text_shadow_blur_strength_tablet=&#8221;1px&#8221; header_text_shadow_horizontal_length_tablet=&#8221;0px&#8221; header_text_shadow_vertical_length_tablet=&#8221;0px&#8221; header_text_shadow_blur_strength_tablet=&#8221;1px&#8221; header_2_text_shadow_horizontal_length_tablet=&#8221;0px&#8221; header_2_text_shadow_vertical_length_tablet=&#8221;0px&#8221; header_2_text_shadow_blur_strength_tablet=&#8221;1px&#8221; header_3_text_shadow_horizontal_length_tablet=&#8221;0px&#8221; header_3_text_shadow_vertical_length_tablet=&#8221;0px&#8221; header_3_text_shadow_blur_strength_tablet=&#8221;1px&#8221; header_4_text_shadow_horizontal_length_tablet=&#8221;0px&#8221; header_4_text_shadow_vertical_length_tablet=&#8221;0px&#8221; header_4_text_shadow_blur_strength_tablet=&#8221;1px&#8221; header_5_text_shadow_horizontal_length_tablet=&#8221;0px&#8221; header_5_text_shadow_vertical_length_tablet=&#8221;0px&#8221; header_5_text_shadow_blur_strength_tablet=&#8221;1px&#8221; header_6_text_shadow_horizontal_length_tablet=&#8221;0px&#8221; header_6_text_shadow_vertical_length_tablet=&#8221;0px&#8221; header_6_text_shadow_blur_strength_tablet=&#8221;1px&#8221; box_shadow_horizontal_tablet=&#8221;0px&#8221; box_shadow_vertical_tablet=&#8221;0px&#8221; box_shadow_blur_tablet=&#8221;40px&#8221; box_shadow_spread_tablet=&#8221;0px&#8221; global_colors_info=&#8221;{}&#8221; sticky_enabled=&#8221;0&#8243;]<\/p>\n<h4>\u00a0<\/h4>\n<h4><strong><span style=\"color: #5191cd;font-size: 14pt\">Sovittelualoitteen voi tehd\u00e4<\/span><\/strong><\/h4>\n<ul>\n<li><span style=\"font-size: 12pt\">riidan tai rikoksen osapuoli itse<\/span><\/li>\n<li><span style=\"font-size: 12pt\">alaik\u00e4isen huoltaja tai muu laillinen edustaja<\/span><\/li>\n<li><span style=\"font-size: 12pt\">t\u00e4ysi-ik\u00e4isen vajaavaltaisen edunvalvoja<\/span><\/li>\n<li><span style=\"font-size: 12pt\">poliisi- tai syytt\u00e4j\u00e4viranomainen<\/span><\/li>\n<li><span style=\"font-size: 12pt\">muu viranomainen<\/span><\/li>\n<\/ul>\n<p><span style=\"font-size: 12pt\">L\u00e4hisuhdev\u00e4kivaltarikoksissa sovittelualoitteen voi tehd\u00e4 vain poliisi tai syytt\u00e4j\u00e4. <\/span><\/p>\n<p><span style=\"font-size: 12pt\">Sovittelutoimisto selvitt\u00e4\u00e4 asian soveltuvuuden sovitteluun ja ottaa yhteytt\u00e4 asianosaisiin. \u00a0 <\/span><\/p>\n<p>&nbsp;<\/p>\n<h4><strong><span style=\"color: #5191cd;font-size: 14pt\">Tietosuoja<\/span><\/strong><\/h4>\n<p><span style=\"font-size: 12pt\">Sovittelutoiminnan yhteydess\u00e4 k\u00e4sitelt\u00e4vien henkil\u00f6tietojen rekisterinpit\u00e4j\u00e4 on Terveyden- ja hyvinvoinninlaitos. Tietosuojailmoitukseen p\u00e4\u00e4set tutustumaan <a href=\"https:\/\/thl.fi\/palvelut-ja-asiointi\/valtion-sosiaali-ja-terveydenhuollon-erityispalvelut\/rikos-ja-riita-asioiden-sovittelu\/tietosuojailmoitus#1\" target=\"_blank\" rel=\"noopener\">t\u00e4\u00e4ll\u00e4.<\/a><\/span><\/p>\n<p><span style=\"font-size: 12pt\">\u00a0<\/span><\/p>\n<p>[\/et_pb_text][\/et_pb_column][et_pb_column type=&#8221;1_3&#8243; _builder_version=&#8221;4.16&#8243; custom_padding=&#8221;|||&#8221; global_colors_info=&#8221;{}&#8221; custom_padding__hover=&#8221;|||&#8221;][et_pb_image src=&#8221;https:\/\/sovittelu.fi\/pohjois-karjala\/wp-content\/uploads\/sites\/3\/2019\/04\/Rakennamme-sovintoa_pystyristikkoA6-1.jpg&#8221; _builder_version=&#8221;4.16&#8243; custom_margin=&#8221;110px||||false|false&#8221; z_index_tablet=&#8221;500&#8243; border_radii=&#8221;on|10px|10px|10px|10px&#8221; box_shadow_horizontal_tablet=&#8221;0px&#8221; box_shadow_vertical_tablet=&#8221;0px&#8221; box_shadow_blur_tablet=&#8221;40px&#8221; box_shadow_spread_tablet=&#8221;0px&#8221; global_colors_info=&#8221;{}&#8221;][\/et_pb_image][\/et_pb_column][\/et_pb_row][\/et_pb_section]<\/p>\n","protected":false},"excerpt":{"rendered":"<p>Sovittelualoite &nbsp; Sovittelualoitteen voit tehd\u00e4 Pohjois-Karjalan sovittelutoimistoon s\u00e4hk\u00f6isesti. Vaihtoehtoisesti voit my\u00f6s tulostaa aloitelomakkeen\u00a0ja toimittaa sen Pohjois-Karjalan sovittelutoimistoon, Siltakatu 14 B 15, 80100 Joensuu.\u00a0 Sovittelualoitteen voi tehd\u00e4 riidan tai rikoksen osapuoli itse alaik\u00e4isen huoltaja tai muu laillinen edustaja t\u00e4ysi-ik\u00e4isen vajaavaltaisen edunvalvoja poliisi- tai syytt\u00e4j\u00e4viranomainen muu viranomainen L\u00e4hisuhdev\u00e4kivaltarikoksissa sovittelualoitteen voi tehd\u00e4 vain poliisi tai syytt\u00e4j\u00e4. Sovittelutoimisto selvitt\u00e4\u00e4 [&hellip;]<\/p>\n","protected":false},"author":1,"featured_media":0,"parent":0,"menu_order":0,"comment_status":"closed","ping_status":"closed","template":"","meta":{"_et_pb_use_builder":"on","_et_pb_old_content":"<p><strong><span style=\"font-size: 24pt; color: #5191cd;\">Sovittelualoite<\/span><\/strong><\/p><p>\u00a0<\/p><p>Sovittelualoitteen voit tehd\u00e4 Pohjois-Karjalan sovittelutoimistoon s\u00e4hk\u00f6isesti <span style=\"color: #ff0000;\">t\u00e4st\u00e4.<\/span><\/p><p>Vaihtoehtoisesti voit tulostaa aloitelomakkeen <span style=\"color: #ff0000;\">t\u00e4st\u00e4 <\/span>ja toimittaa sen Pohjois-Karjalan sovittelutoimistoon, Siltakatu 14 B 15, 80100 Joensuu.<\/p><p>\u00a0<\/p><p><strong><span style=\"color: #5191cd; font-size: 14pt;\">Sovittelualoitteen voi tehd\u00e4<\/span><\/strong><\/p><ul><li>riidan tai rikoksen osapuoli itse<\/li><li>alaik\u00e4isen huoltaja tai muu laillinen edustaja<\/li><li>t\u00e4ysi-ik\u00e4isen vajaavaltaisen edunvalvoja<\/li><li>poliisi- tai syytt\u00e4j\u00e4viranomainen<\/li><li>muu viranomainen<\/li><\/ul><p>L\u00e4hisuhdev\u00e4kivaltarikoksissa sovittelualoitteen voi tehd\u00e4 vain poliisi tai syytt\u00e4j\u00e4.<\/p><p>Sovittelutoimisto selvitt\u00e4\u00e4 asian soveltuvuuden sovitteluun ja ottaa yhteytt\u00e4 asianosaisiin.<\/p><p>\u00a0<\/p><p>\u00a0<\/p>","_et_gb_content_width":"","footnotes":""},"class_list":["post-969","page","type-page","status-publish","hentry"],"yoast_head":"<!-- This site is optimized with the Yoast SEO plugin v27.3 - https:\/\/yoast.com\/product\/yoast-seo-wordpress\/ -->\n<title>Sovittelualoite - Pohjois-Karjalan sovittelutoimisto<\/title>\n<meta name=\"robots\" content=\"index, follow, max-snippet:-1, max-image-preview:large, max-video-preview:-1\" \/>\n<link rel=\"canonical\" href=\"https:\/\/sovittelu.fi\/pohjois-karjala\/sovittelualoite-pohjois-karjala\/\" \/>\n<meta property=\"og:locale\" content=\"fi_FI\" \/>\n<meta property=\"og:type\" content=\"article\" \/>\n<meta property=\"og:title\" content=\"Sovittelualoite - Pohjois-Karjalan sovittelutoimisto\" \/>\n<meta property=\"og:description\" content=\"Sovittelualoite &nbsp; Sovittelualoitteen voit tehd\u00e4 Pohjois-Karjalan sovittelutoimistoon s\u00e4hk\u00f6isesti. Vaihtoehtoisesti voit my\u00f6s tulostaa aloitelomakkeen\u00a0ja toimittaa sen Pohjois-Karjalan sovittelutoimistoon, Siltakatu 14 B 15, 80100 Joensuu.\u00a0 Sovittelualoitteen voi tehd\u00e4 riidan tai rikoksen osapuoli itse alaik\u00e4isen huoltaja tai muu laillinen edustaja t\u00e4ysi-ik\u00e4isen vajaavaltaisen edunvalvoja poliisi- tai syytt\u00e4j\u00e4viranomainen muu viranomainen L\u00e4hisuhdev\u00e4kivaltarikoksissa sovittelualoitteen voi tehd\u00e4 vain poliisi tai syytt\u00e4j\u00e4. Sovittelutoimisto selvitt\u00e4\u00e4 [&hellip;]\" \/>\n<meta property=\"og:url\" content=\"https:\/\/sovittelu.fi\/pohjois-karjala\/sovittelualoite-pohjois-karjala\/\" \/>\n<meta property=\"og:site_name\" content=\"Pohjois-Karjalan sovittelutoimisto\" \/>\n<meta property=\"article:modified_time\" content=\"2025-10-03T13:16:38+00:00\" \/>\n<meta name=\"twitter:card\" content=\"summary_large_image\" \/>\n<meta name=\"twitter:label1\" content=\"Arvioitu lukuaika\" \/>\n\t<meta name=\"twitter:data1\" content=\"1 minuutti\" \/>\n<script type=\"application\/ld+json\" class=\"yoast-schema-graph\">{\"@context\":\"https:\\\/\\\/schema.org\",\"@graph\":[{\"@type\":\"WebPage\",\"@id\":\"https:\\\/\\\/sovittelu.fi\\\/pohjois-karjala\\\/sovittelualoite-pohjois-karjala\\\/\",\"url\":\"https:\\\/\\\/sovittelu.fi\\\/pohjois-karjala\\\/sovittelualoite-pohjois-karjala\\\/\",\"name\":\"Sovittelualoite - Pohjois-Karjalan sovittelutoimisto\",\"isPartOf\":{\"@id\":\"https:\\\/\\\/sovittelu.fi\\\/pohjois-karjala\\\/#website\"},\"datePublished\":\"2019-08-19T14:32:48+00:00\",\"dateModified\":\"2025-10-03T13:16:38+00:00\",\"breadcrumb\":{\"@id\":\"https:\\\/\\\/sovittelu.fi\\\/pohjois-karjala\\\/sovittelualoite-pohjois-karjala\\\/#breadcrumb\"},\"inLanguage\":\"fi\",\"potentialAction\":[{\"@type\":\"ReadAction\",\"target\":[\"https:\\\/\\\/sovittelu.fi\\\/pohjois-karjala\\\/sovittelualoite-pohjois-karjala\\\/\"]}]},{\"@type\":\"BreadcrumbList\",\"@id\":\"https:\\\/\\\/sovittelu.fi\\\/pohjois-karjala\\\/sovittelualoite-pohjois-karjala\\\/#breadcrumb\",\"itemListElement\":[{\"@type\":\"ListItem\",\"position\":1,\"name\":\"Home\",\"item\":\"https:\\\/\\\/sovittelu.fi\\\/pohjois-karjala\\\/\"},{\"@type\":\"ListItem\",\"position\":2,\"name\":\"Sovittelualoite\"}]},{\"@type\":\"WebSite\",\"@id\":\"https:\\\/\\\/sovittelu.fi\\\/pohjois-karjala\\\/#website\",\"url\":\"https:\\\/\\\/sovittelu.fi\\\/pohjois-karjala\\\/\",\"name\":\"Pohjois-Karjalan sovittelutoimisto\",\"description\":\"Etel\u00e4-Savon ja Varkauden alueen sovittelutoimisto, Pohjois-Karjalan sovittelutoimisto, Pohjois-Savon sovittelutoimisto\",\"potentialAction\":[{\"@type\":\"SearchAction\",\"target\":{\"@type\":\"EntryPoint\",\"urlTemplate\":\"https:\\\/\\\/sovittelu.fi\\\/pohjois-karjala\\\/?s={search_term_string}\"},\"query-input\":{\"@type\":\"PropertyValueSpecification\",\"valueRequired\":true,\"valueName\":\"search_term_string\"}}],\"inLanguage\":\"fi\"}]}<\/script>\n<!-- \/ Yoast SEO plugin. -->","yoast_head_json":{"title":"Sovittelualoite - Pohjois-Karjalan sovittelutoimisto","robots":{"index":"index","follow":"follow","max-snippet":"max-snippet:-1","max-image-preview":"max-image-preview:large","max-video-preview":"max-video-preview:-1"},"canonical":"https:\/\/sovittelu.fi\/pohjois-karjala\/sovittelualoite-pohjois-karjala\/","og_locale":"fi_FI","og_type":"article","og_title":"Sovittelualoite - Pohjois-Karjalan sovittelutoimisto","og_description":"Sovittelualoite &nbsp; Sovittelualoitteen voit tehd\u00e4 Pohjois-Karjalan sovittelutoimistoon s\u00e4hk\u00f6isesti. Vaihtoehtoisesti voit my\u00f6s tulostaa aloitelomakkeen\u00a0ja toimittaa sen Pohjois-Karjalan sovittelutoimistoon, Siltakatu 14 B 15, 80100 Joensuu.\u00a0 Sovittelualoitteen voi tehd\u00e4 riidan tai rikoksen osapuoli itse alaik\u00e4isen huoltaja tai muu laillinen edustaja t\u00e4ysi-ik\u00e4isen vajaavaltaisen edunvalvoja poliisi- tai syytt\u00e4j\u00e4viranomainen muu viranomainen L\u00e4hisuhdev\u00e4kivaltarikoksissa sovittelualoitteen voi tehd\u00e4 vain poliisi tai syytt\u00e4j\u00e4. Sovittelutoimisto selvitt\u00e4\u00e4 [&hellip;]","og_url":"https:\/\/sovittelu.fi\/pohjois-karjala\/sovittelualoite-pohjois-karjala\/","og_site_name":"Pohjois-Karjalan sovittelutoimisto","article_modified_time":"2025-10-03T13:16:38+00:00","twitter_card":"summary_large_image","twitter_misc":{"Arvioitu lukuaika":"1 minuutti"},"schema":{"@context":"https:\/\/schema.org","@graph":[{"@type":"WebPage","@id":"https:\/\/sovittelu.fi\/pohjois-karjala\/sovittelualoite-pohjois-karjala\/","url":"https:\/\/sovittelu.fi\/pohjois-karjala\/sovittelualoite-pohjois-karjala\/","name":"Sovittelualoite - Pohjois-Karjalan sovittelutoimisto","isPartOf":{"@id":"https:\/\/sovittelu.fi\/pohjois-karjala\/#website"},"datePublished":"2019-08-19T14:32:48+00:00","dateModified":"2025-10-03T13:16:38+00:00","breadcrumb":{"@id":"https:\/\/sovittelu.fi\/pohjois-karjala\/sovittelualoite-pohjois-karjala\/#breadcrumb"},"inLanguage":"fi","potentialAction":[{"@type":"ReadAction","target":["https:\/\/sovittelu.fi\/pohjois-karjala\/sovittelualoite-pohjois-karjala\/"]}]},{"@type":"BreadcrumbList","@id":"https:\/\/sovittelu.fi\/pohjois-karjala\/sovittelualoite-pohjois-karjala\/#breadcrumb","itemListElement":[{"@type":"ListItem","position":1,"name":"Home","item":"https:\/\/sovittelu.fi\/pohjois-karjala\/"},{"@type":"ListItem","position":2,"name":"Sovittelualoite"}]},{"@type":"WebSite","@id":"https:\/\/sovittelu.fi\/pohjois-karjala\/#website","url":"https:\/\/sovittelu.fi\/pohjois-karjala\/","name":"Pohjois-Karjalan sovittelutoimisto","description":"Etel\u00e4-Savon ja Varkauden alueen sovittelutoimisto, Pohjois-Karjalan sovittelutoimisto, Pohjois-Savon sovittelutoimisto","potentialAction":[{"@type":"SearchAction","target":{"@type":"EntryPoint","urlTemplate":"https:\/\/sovittelu.fi\/pohjois-karjala\/?s={search_term_string}"},"query-input":{"@type":"PropertyValueSpecification","valueRequired":true,"valueName":"search_term_string"}}],"inLanguage":"fi"}]}},"_links":{"self":[{"href":"https:\/\/sovittelu.fi\/pohjois-karjala\/wp-json\/wp\/v2\/pages\/969","targetHints":{"allow":["GET"]}}],"collection":[{"href":"https:\/\/sovittelu.fi\/pohjois-karjala\/wp-json\/wp\/v2\/pages"}],"about":[{"href":"https:\/\/sovittelu.fi\/pohjois-karjala\/wp-json\/wp\/v2\/types\/page"}],"author":[{"embeddable":true,"href":"https:\/\/sovittelu.fi\/pohjois-karjala\/wp-json\/wp\/v2\/users\/1"}],"replies":[{"embeddable":true,"href":"https:\/\/sovittelu.fi\/pohjois-karjala\/wp-json\/wp\/v2\/comments?post=969"}],"version-history":[{"count":3,"href":"https:\/\/sovittelu.fi\/pohjois-karjala\/wp-json\/wp\/v2\/pages\/969\/revisions"}],"predecessor-version":[{"id":5560,"href":"https:\/\/sovittelu.fi\/pohjois-karjala\/wp-json\/wp\/v2\/pages\/969\/revisions\/5560"}],"wp:attachment":[{"href":"https:\/\/sovittelu.fi\/pohjois-karjala\/wp-json\/wp\/v2\/media?parent=969"}],"curies":[{"name":"wp","href":"https:\/\/api.w.org\/{rel}","templated":true}]}}