{"id":856,"date":"2019-05-27T15:22:22","date_gmt":"2019-05-27T12:22:22","guid":{"rendered":"https:\/\/sovittelu.fi\/pohjois-karjala\/?page_id=856"},"modified":"2025-09-11T15:28:14","modified_gmt":"2025-09-11T12:28:14","slug":"pohjois-karjalan-sovittelutoimisto","status":"publish","type":"page","link":"https:\/\/sovittelu.fi\/pohjois-karjala\/pohjois-karjalan-sovittelutoimisto\/","title":{"rendered":"Pohjois-Karjalan sovittelutoimisto"},"content":{"rendered":"<p>[et_pb_section fb_built=&#8221;1&#8243; _builder_version=&#8221;4.16&#8243; global_colors_info=&#8221;{}&#8221;][et_pb_row _builder_version=&#8221;4.16&#8243; background_size=&#8221;initial&#8221; background_position=&#8221;top_left&#8221; background_repeat=&#8221;repeat&#8221; global_colors_info=&#8221;{}&#8221;][et_pb_column type=&#8221;4_4&#8243; _builder_version=&#8221;4.16&#8243; custom_padding=&#8221;|||&#8221; global_colors_info=&#8221;{}&#8221; custom_padding__hover=&#8221;|||&#8221;][et_pb_text _builder_version=&#8221;4.27.4&#8243; link_option_url_new_window=&#8221;on&#8221; z_index_tablet=&#8221;500&#8243; text_text_shadow_horizontal_length_tablet=&#8221;0px&#8221; text_text_shadow_vertical_length_tablet=&#8221;0px&#8221; text_text_shadow_blur_strength_tablet=&#8221;1px&#8221; link_text_shadow_horizontal_length_tablet=&#8221;0px&#8221; link_text_shadow_vertical_length_tablet=&#8221;0px&#8221; link_text_shadow_blur_strength_tablet=&#8221;1px&#8221; ul_text_shadow_horizontal_length_tablet=&#8221;0px&#8221; ul_text_shadow_vertical_length_tablet=&#8221;0px&#8221; ul_text_shadow_blur_strength_tablet=&#8221;1px&#8221; ol_text_shadow_horizontal_length_tablet=&#8221;0px&#8221; ol_text_shadow_vertical_length_tablet=&#8221;0px&#8221; ol_text_shadow_blur_strength_tablet=&#8221;1px&#8221; quote_text_shadow_horizontal_length_tablet=&#8221;0px&#8221; quote_text_shadow_vertical_length_tablet=&#8221;0px&#8221; quote_text_shadow_blur_strength_tablet=&#8221;1px&#8221; header_text_shadow_horizontal_length_tablet=&#8221;0px&#8221; header_text_shadow_vertical_length_tablet=&#8221;0px&#8221; header_text_shadow_blur_strength_tablet=&#8221;1px&#8221; header_2_text_shadow_horizontal_length_tablet=&#8221;0px&#8221; header_2_text_shadow_vertical_length_tablet=&#8221;0px&#8221; header_2_text_shadow_blur_strength_tablet=&#8221;1px&#8221; header_3_text_shadow_horizontal_length_tablet=&#8221;0px&#8221; header_3_text_shadow_vertical_length_tablet=&#8221;0px&#8221; header_3_text_shadow_blur_strength_tablet=&#8221;1px&#8221; header_4_text_shadow_horizontal_length_tablet=&#8221;0px&#8221; header_4_text_shadow_vertical_length_tablet=&#8221;0px&#8221; header_4_text_shadow_blur_strength_tablet=&#8221;1px&#8221; header_5_text_shadow_horizontal_length_tablet=&#8221;0px&#8221; header_5_text_shadow_vertical_length_tablet=&#8221;0px&#8221; header_5_text_shadow_blur_strength_tablet=&#8221;1px&#8221; header_6_text_shadow_horizontal_length_tablet=&#8221;0px&#8221; header_6_text_shadow_vertical_length_tablet=&#8221;0px&#8221; header_6_text_shadow_blur_strength_tablet=&#8221;1px&#8221; box_shadow_horizontal_tablet=&#8221;0px&#8221; box_shadow_vertical_tablet=&#8221;0px&#8221; box_shadow_blur_tablet=&#8221;40px&#8221; box_shadow_spread_tablet=&#8221;0px&#8221; global_colors_info=&#8221;{}&#8221;]<\/p>\n<h1><strong><span style=\"font-size: 24pt;color: #5191cd\">Pohjois-Karjalan sovittelutoimisto<\/span><\/strong><\/h1>\n<p>&nbsp;<\/p>\n<p><span style=\"font-size: 12pt\">Pohjois-Karjalan maakunnan alueella sovittelutoiminnan j\u00e4rjest\u00e4misest\u00e4 vastaa Pohjois-Karjalan sovittelutoimisto. <\/span><span style=\"font-size: 12pt\">Toimisto sijaitsee aivan Joensuun ydinkeskustassa torin laidalla. Sovittelutapaamisia j\u00e4rjestet\u00e4\u00e4n my\u00f6s muiden Pohjois-Karjalan kuntien alueilla. <\/span><\/p>\n<p><span style=\"font-size: 12pt\">Pohjois-Karjalan sovittelutoimistoa hallinnoi <a href=\"https:\/\/jarvi-suomenpiiri.mll.fi\/\">Mannerheimin Lastensuojeluliiton J\u00e4rvi-Suomen piiri ry<\/a>. Sovittelutoiminnan yleinen johto, ohjaus ja valvonta kuuluvat sosiaali- ja terveysministeri\u00f6lle. Sovittelupalveluiden valtakunnallisesta koordinoinnista ja kehitt\u00e4misest\u00e4 sek\u00e4 tilastoinnista vastaa Terveyden- ja hyvinvoinnin laitos (THL).<\/span><\/p>\n<p>&nbsp;<\/p>\n<p>[\/et_pb_text][\/et_pb_column][\/et_pb_row][\/et_pb_section][et_pb_section fb_built=&#8221;1&#8243; module_id=&#8221;yhteystiedot&#8221; _builder_version=&#8221;4.16&#8243; background_color=&#8221;#f9f9f9&#8243; z_index_tablet=&#8221;500&#8243; box_shadow_horizontal_tablet=&#8221;0px&#8221; box_shadow_vertical_tablet=&#8221;0px&#8221; box_shadow_blur_tablet=&#8221;40px&#8221; box_shadow_spread_tablet=&#8221;0px&#8221; locked=&#8221;off&#8221; global_colors_info=&#8221;{}&#8221;][et_pb_row column_structure=&#8221;1_2,1_2&#8243; use_custom_gutter=&#8221;on&#8221; gutter_width=&#8221;2&#8243; _builder_version=&#8221;4.16&#8243; max_width=&#8221;2560px&#8221; z_index_tablet=&#8221;500&#8243; box_shadow_horizontal_tablet=&#8221;0px&#8221; box_shadow_vertical_tablet=&#8221;0px&#8221; box_shadow_blur_tablet=&#8221;40px&#8221; box_shadow_spread_tablet=&#8221;0px&#8221; global_colors_info=&#8221;{}&#8221;][et_pb_column type=&#8221;1_2&#8243; _builder_version=&#8221;4.16&#8243; custom_padding=&#8221;|||&#8221; global_colors_info=&#8221;{}&#8221; custom_padding__hover=&#8221;|||&#8221;][et_pb_image src=&#8221;https:\/\/sovittelu.fi\/pohjois-karjala\/wp-content\/uploads\/sites\/3\/2019\/04\/Rakennamme-sovintoa_vaakaristikkoA6.jpg&#8221; align=&#8221;right&#8221; _builder_version=&#8221;4.16&#8243; height=&#8221;319px&#8221; z_index_tablet=&#8221;500&#8243; border_radii=&#8221;on|10px|10px|10px|10px&#8221; box_shadow_horizontal_tablet=&#8221;0px&#8221; box_shadow_vertical_tablet=&#8221;0px&#8221; box_shadow_blur_tablet=&#8221;40px&#8221; box_shadow_spread_tablet=&#8221;0px&#8221; global_colors_info=&#8221;{}&#8221;][\/et_pb_image][\/et_pb_column][et_pb_column type=&#8221;1_2&#8243; _builder_version=&#8221;4.16&#8243; custom_padding=&#8221;|||&#8221; global_colors_info=&#8221;{}&#8221; custom_padding__hover=&#8221;|||&#8221;][et_pb_text admin_label=&#8221;Osoite&#8221; _builder_version=&#8221;4.27.4&#8243; custom_padding=&#8221;20px|20px|20px|20px&#8221; hover_enabled=&#8221;0&#8243; z_index_tablet=&#8221;500&#8243; text_text_shadow_horizontal_length_tablet=&#8221;0px&#8221; text_text_shadow_vertical_length_tablet=&#8221;0px&#8221; text_text_shadow_blur_strength_tablet=&#8221;1px&#8221; link_text_shadow_horizontal_length_tablet=&#8221;0px&#8221; link_text_shadow_vertical_length_tablet=&#8221;0px&#8221; link_text_shadow_blur_strength_tablet=&#8221;1px&#8221; ul_text_shadow_horizontal_length_tablet=&#8221;0px&#8221; ul_text_shadow_vertical_length_tablet=&#8221;0px&#8221; ul_text_shadow_blur_strength_tablet=&#8221;1px&#8221; ol_text_shadow_horizontal_length_tablet=&#8221;0px&#8221; ol_text_shadow_vertical_length_tablet=&#8221;0px&#8221; ol_text_shadow_blur_strength_tablet=&#8221;1px&#8221; quote_text_shadow_horizontal_length_tablet=&#8221;0px&#8221; quote_text_shadow_vertical_length_tablet=&#8221;0px&#8221; quote_text_shadow_blur_strength_tablet=&#8221;1px&#8221; header_text_shadow_horizontal_length_tablet=&#8221;0px&#8221; header_text_shadow_vertical_length_tablet=&#8221;0px&#8221; header_text_shadow_blur_strength_tablet=&#8221;1px&#8221; header_2_text_shadow_horizontal_length_tablet=&#8221;0px&#8221; header_2_text_shadow_vertical_length_tablet=&#8221;0px&#8221; header_2_text_shadow_blur_strength_tablet=&#8221;1px&#8221; header_3_text_shadow_horizontal_length_tablet=&#8221;0px&#8221; header_3_text_shadow_vertical_length_tablet=&#8221;0px&#8221; header_3_text_shadow_blur_strength_tablet=&#8221;1px&#8221; header_4_text_shadow_horizontal_length_tablet=&#8221;0px&#8221; header_4_text_shadow_vertical_length_tablet=&#8221;0px&#8221; header_4_text_shadow_blur_strength_tablet=&#8221;1px&#8221; header_5_text_shadow_horizontal_length_tablet=&#8221;0px&#8221; header_5_text_shadow_vertical_length_tablet=&#8221;0px&#8221; header_5_text_shadow_blur_strength_tablet=&#8221;1px&#8221; header_6_text_shadow_horizontal_length_tablet=&#8221;0px&#8221; header_6_text_shadow_vertical_length_tablet=&#8221;0px&#8221; header_6_text_shadow_blur_strength_tablet=&#8221;1px&#8221; box_shadow_horizontal_tablet=&#8221;0px&#8221; box_shadow_vertical_tablet=&#8221;0px&#8221; box_shadow_blur_tablet=&#8221;40px&#8221; box_shadow_spread_tablet=&#8221;0px&#8221; global_colors_info=&#8221;{}&#8221; sticky_enabled=&#8221;0&#8243;]<\/p>\n<h3><span style=\"font-size: 14pt;color: #5191cd\"><strong>YHTEYSTIEDOT<\/strong><\/span><\/h3>\n<p>Siltakatu 14 B 15<br \/>80100 Joensuu<br \/><span id=\"cloak76961\"><a href=\"mailto:minna.kosonen@sovittelu.fi\">pohjois-karjala@sovittelu.fi<\/a><\/span><span id=\"cloak76961\"><\/span><\/p>\n<p><strong>Sovittelutoimiston johtaja Leila Piiparinen<\/strong><br \/>p. 050 535 2655, <span id=\"cloak42350\"><a href=\"mailto:leila.piiparinen@sovittelu.fi\">leila.piiparinen@sovittelu.fi<\/a><\/span><\/p>\n<p><strong>Sovittelun ohjaaja Taina Martikainen<\/strong><br \/>p. 050 313 4072, <span id=\"cloak42350\"><a href=\"mailto:leila.piiparinen@sovittelu.fi\">taina.martikainen@sovittelu.fi<\/a><\/span><\/p>\n<p><strong>Sovittelun ohjaaja Heini Talhola<\/strong><br \/>p. 050 428 8349,<a href=\"mailto:heini.talhola@sovittelu.fi\"> heini.talhola@sovittelu.fi<\/a>\u00a0\u00a0<span id=\"cloak42350\"><\/span><\/p>\n<p>[\/et_pb_text][\/et_pb_column][\/et_pb_row][\/et_pb_section][et_pb_section fb_built=&#8221;1&#8243; fullwidth=&#8221;on&#8221; _builder_version=&#8221;3.23.3&#8243; z_index_tablet=&#8221;500&#8243; box_shadow_horizontal_tablet=&#8221;0px&#8221; box_shadow_vertical_tablet=&#8221;0px&#8221; box_shadow_blur_tablet=&#8221;40px&#8221; box_shadow_spread_tablet=&#8221;0px&#8221; global_module=&#8221;871&#8243; global_colors_info=&#8221;{}&#8221;][et_pb_fullwidth_map address=&#8221;15, Siltakatu 14, 80100 Joensuu, Suomi&#8221; address_lat=&#8221;62.60170979999999&#8243; address_lng=&#8221;29.761081900000022&#8243; _builder_version=&#8221;4.16&#8243; z_index_tablet=&#8221;500&#8243; global_colors_info=&#8221;{}&#8221;][et_pb_map_pin title=&#8221;Pohjois-Karjalan sovittelutoimisto&#8221; pin_address=&#8221;15, Siltakatu 14, 80100 Joensuu, Suomi&#8221; pin_address_lat=&#8221;62.60170979999999&#8243; pin_address_lng=&#8221;29.761081900000022&#8243; _builder_version=&#8221;3.22.5&#8243; global_colors_info=&#8221;{}&#8221;][\/et_pb_map_pin][\/et_pb_fullwidth_map][\/et_pb_section]<\/p>\n","protected":false},"excerpt":{"rendered":"<p>Pohjois-Karjalan sovittelutoimisto &nbsp; Pohjois-Karjalan maakunnan alueella sovittelutoiminnan j\u00e4rjest\u00e4misest\u00e4 vastaa Pohjois-Karjalan sovittelutoimisto. Toimisto sijaitsee aivan Joensuun ydinkeskustassa torin laidalla. Sovittelutapaamisia j\u00e4rjestet\u00e4\u00e4n my\u00f6s muiden Pohjois-Karjalan kuntien alueilla. Pohjois-Karjalan sovittelutoimistoa hallinnoi Mannerheimin Lastensuojeluliiton J\u00e4rvi-Suomen piiri ry. Sovittelutoiminnan yleinen johto, ohjaus ja valvonta kuuluvat sosiaali- ja terveysministeri\u00f6lle. Sovittelupalveluiden valtakunnallisesta koordinoinnista ja kehitt\u00e4misest\u00e4 sek\u00e4 tilastoinnista vastaa Terveyden- ja hyvinvoinnin laitos [&hellip;]<\/p>\n","protected":false},"author":1,"featured_media":1432,"parent":0,"menu_order":0,"comment_status":"closed","ping_status":"closed","template":"","meta":{"_et_pb_use_builder":"on","_et_pb_old_content":"<p>Pohjois-Karjalan maakunnan alueella sovittelutoiminnan j\u00e4rjest\u00e4misest\u00e4 vastaa Pohjois-Karjalan sovittelutoimisto.<br \/>Toimisto sijaitsee aivan Joensuun ydinkeskustassa torin laidalla. Sovittelutoimistosta ja sovittelijoilta saa tarvittaessa neuvoja\u00a0 asian jatkok\u00e4sittelyyn ja oikeusprosessiin liittyviin kysymyksiin.<\/p><p>Pohjois-Karjalan sovittelutoimistoa hallinnoi Mannerheimin Lastensuojeluliiton J\u00e4rvi-Suomen piiri. Sovittelutoiminnan yleinen johto, ohjaus ja valvonta kuuluvat sosiaali- ja terveysministeri\u00f6lle.<\/p><p>Sovittelun maakunnallisen neuvottelukunnan teht\u00e4v\u00e4n\u00e4 on seurata sovittelun maakunnallista kehityst\u00e4, edist\u00e4\u00e4 eri sidosryhmien yhteisty\u00f6t\u00e4 ja tukea sovittelutoimiston ty\u00f6t\u00e4. Neuvottelukunnan puheenjohtajana toimii rikos- ja prosessioikeuden professori Matti Tolvanen.<\/p>","_et_gb_content_width":"","footnotes":""},"class_list":["post-856","page","type-page","status-publish","has-post-thumbnail","hentry"],"yoast_head":"<!-- This site is optimized with the Yoast SEO plugin v27.3 - https:\/\/yoast.com\/product\/yoast-seo-wordpress\/ -->\n<title>Pohjois-Karjalan sovittelutoimisto - Pohjois-Karjalan sovittelutoimisto<\/title>\n<meta name=\"robots\" content=\"index, follow, max-snippet:-1, max-image-preview:large, max-video-preview:-1\" \/>\n<link rel=\"canonical\" href=\"https:\/\/sovittelu.fi\/pohjois-karjala\/pohjois-karjalan-sovittelutoimisto\/\" \/>\n<meta property=\"og:locale\" content=\"fi_FI\" \/>\n<meta property=\"og:type\" content=\"article\" \/>\n<meta property=\"og:title\" content=\"Pohjois-Karjalan sovittelutoimisto - Pohjois-Karjalan sovittelutoimisto\" \/>\n<meta property=\"og:description\" content=\"Pohjois-Karjalan sovittelutoimisto &nbsp; Pohjois-Karjalan maakunnan alueella sovittelutoiminnan j\u00e4rjest\u00e4misest\u00e4 vastaa Pohjois-Karjalan sovittelutoimisto. Toimisto sijaitsee aivan Joensuun ydinkeskustassa torin laidalla. Sovittelutapaamisia j\u00e4rjestet\u00e4\u00e4n my\u00f6s muiden Pohjois-Karjalan kuntien alueilla. Pohjois-Karjalan sovittelutoimistoa hallinnoi Mannerheimin Lastensuojeluliiton J\u00e4rvi-Suomen piiri ry. Sovittelutoiminnan yleinen johto, ohjaus ja valvonta kuuluvat sosiaali- ja terveysministeri\u00f6lle. Sovittelupalveluiden valtakunnallisesta koordinoinnista ja kehitt\u00e4misest\u00e4 sek\u00e4 tilastoinnista vastaa Terveyden- ja hyvinvoinnin laitos [&hellip;]\" \/>\n<meta property=\"og:url\" content=\"https:\/\/sovittelu.fi\/pohjois-karjala\/pohjois-karjalan-sovittelutoimisto\/\" \/>\n<meta property=\"og:site_name\" content=\"Pohjois-Karjalan sovittelutoimisto\" \/>\n<meta property=\"article:modified_time\" content=\"2025-09-11T12:28:14+00:00\" \/>\n<meta property=\"og:image\" content=\"https:\/\/sovittelu.fi\/pohjois-karjala\/wp-content\/uploads\/sites\/3\/2019\/05\/ulosp\u00e4\u00e4sy-labyrintti-2.jpg\" \/>\n\t<meta property=\"og:image:width\" content=\"443\" \/>\n\t<meta property=\"og:image:height\" content=\"576\" \/>\n\t<meta property=\"og:image:type\" content=\"image\/jpeg\" \/>\n<meta name=\"twitter:card\" content=\"summary_large_image\" \/>\n<meta name=\"twitter:label1\" content=\"Arvioitu lukuaika\" \/>\n\t<meta name=\"twitter:data1\" content=\"1 minuutti\" \/>\n<script type=\"application\/ld+json\" class=\"yoast-schema-graph\">{\"@context\":\"https:\\\/\\\/schema.org\",\"@graph\":[{\"@type\":\"WebPage\",\"@id\":\"https:\\\/\\\/sovittelu.fi\\\/pohjois-karjala\\\/pohjois-karjalan-sovittelutoimisto\\\/\",\"url\":\"https:\\\/\\\/sovittelu.fi\\\/pohjois-karjala\\\/pohjois-karjalan-sovittelutoimisto\\\/\",\"name\":\"Pohjois-Karjalan sovittelutoimisto - Pohjois-Karjalan sovittelutoimisto\",\"isPartOf\":{\"@id\":\"https:\\\/\\\/sovittelu.fi\\\/pohjois-karjala\\\/#website\"},\"primaryImageOfPage\":{\"@id\":\"https:\\\/\\\/sovittelu.fi\\\/pohjois-karjala\\\/pohjois-karjalan-sovittelutoimisto\\\/#primaryimage\"},\"image\":{\"@id\":\"https:\\\/\\\/sovittelu.fi\\\/pohjois-karjala\\\/pohjois-karjalan-sovittelutoimisto\\\/#primaryimage\"},\"thumbnailUrl\":\"https:\\\/\\\/sovittelu.fi\\\/pohjois-karjala\\\/wp-content\\\/uploads\\\/sites\\\/3\\\/2019\\\/05\\\/ulosp\u00e4\u00e4sy-labyrintti-2.jpg\",\"datePublished\":\"2019-05-27T12:22:22+00:00\",\"dateModified\":\"2025-09-11T12:28:14+00:00\",\"breadcrumb\":{\"@id\":\"https:\\\/\\\/sovittelu.fi\\\/pohjois-karjala\\\/pohjois-karjalan-sovittelutoimisto\\\/#breadcrumb\"},\"inLanguage\":\"fi\",\"potentialAction\":[{\"@type\":\"ReadAction\",\"target\":[\"https:\\\/\\\/sovittelu.fi\\\/pohjois-karjala\\\/pohjois-karjalan-sovittelutoimisto\\\/\"]}]},{\"@type\":\"ImageObject\",\"inLanguage\":\"fi\",\"@id\":\"https:\\\/\\\/sovittelu.fi\\\/pohjois-karjala\\\/pohjois-karjalan-sovittelutoimisto\\\/#primaryimage\",\"url\":\"https:\\\/\\\/sovittelu.fi\\\/pohjois-karjala\\\/wp-content\\\/uploads\\\/sites\\\/3\\\/2019\\\/05\\\/ulosp\u00e4\u00e4sy-labyrintti-2.jpg\",\"contentUrl\":\"https:\\\/\\\/sovittelu.fi\\\/pohjois-karjala\\\/wp-content\\\/uploads\\\/sites\\\/3\\\/2019\\\/05\\\/ulosp\u00e4\u00e4sy-labyrintti-2.jpg\",\"width\":443,\"height\":576},{\"@type\":\"BreadcrumbList\",\"@id\":\"https:\\\/\\\/sovittelu.fi\\\/pohjois-karjala\\\/pohjois-karjalan-sovittelutoimisto\\\/#breadcrumb\",\"itemListElement\":[{\"@type\":\"ListItem\",\"position\":1,\"name\":\"Home\",\"item\":\"https:\\\/\\\/sovittelu.fi\\\/pohjois-karjala\\\/\"},{\"@type\":\"ListItem\",\"position\":2,\"name\":\"Pohjois-Karjalan sovittelutoimisto\"}]},{\"@type\":\"WebSite\",\"@id\":\"https:\\\/\\\/sovittelu.fi\\\/pohjois-karjala\\\/#website\",\"url\":\"https:\\\/\\\/sovittelu.fi\\\/pohjois-karjala\\\/\",\"name\":\"Pohjois-Karjalan sovittelutoimisto\",\"description\":\"Etel\u00e4-Savon ja Varkauden alueen sovittelutoimisto, Pohjois-Karjalan sovittelutoimisto, Pohjois-Savon sovittelutoimisto\",\"potentialAction\":[{\"@type\":\"SearchAction\",\"target\":{\"@type\":\"EntryPoint\",\"urlTemplate\":\"https:\\\/\\\/sovittelu.fi\\\/pohjois-karjala\\\/?s={search_term_string}\"},\"query-input\":{\"@type\":\"PropertyValueSpecification\",\"valueRequired\":true,\"valueName\":\"search_term_string\"}}],\"inLanguage\":\"fi\"}]}<\/script>\n<!-- \/ Yoast SEO plugin. -->","yoast_head_json":{"title":"Pohjois-Karjalan sovittelutoimisto - Pohjois-Karjalan sovittelutoimisto","robots":{"index":"index","follow":"follow","max-snippet":"max-snippet:-1","max-image-preview":"max-image-preview:large","max-video-preview":"max-video-preview:-1"},"canonical":"https:\/\/sovittelu.fi\/pohjois-karjala\/pohjois-karjalan-sovittelutoimisto\/","og_locale":"fi_FI","og_type":"article","og_title":"Pohjois-Karjalan sovittelutoimisto - Pohjois-Karjalan sovittelutoimisto","og_description":"Pohjois-Karjalan sovittelutoimisto &nbsp; Pohjois-Karjalan maakunnan alueella sovittelutoiminnan j\u00e4rjest\u00e4misest\u00e4 vastaa Pohjois-Karjalan sovittelutoimisto. Toimisto sijaitsee aivan Joensuun ydinkeskustassa torin laidalla. Sovittelutapaamisia j\u00e4rjestet\u00e4\u00e4n my\u00f6s muiden Pohjois-Karjalan kuntien alueilla. Pohjois-Karjalan sovittelutoimistoa hallinnoi Mannerheimin Lastensuojeluliiton J\u00e4rvi-Suomen piiri ry. Sovittelutoiminnan yleinen johto, ohjaus ja valvonta kuuluvat sosiaali- ja terveysministeri\u00f6lle. Sovittelupalveluiden valtakunnallisesta koordinoinnista ja kehitt\u00e4misest\u00e4 sek\u00e4 tilastoinnista vastaa Terveyden- ja hyvinvoinnin laitos [&hellip;]","og_url":"https:\/\/sovittelu.fi\/pohjois-karjala\/pohjois-karjalan-sovittelutoimisto\/","og_site_name":"Pohjois-Karjalan sovittelutoimisto","article_modified_time":"2025-09-11T12:28:14+00:00","og_image":[{"width":443,"height":576,"url":"https:\/\/sovittelu.fi\/pohjois-karjala\/wp-content\/uploads\/sites\/3\/2019\/05\/ulosp\u00e4\u00e4sy-labyrintti-2.jpg","type":"image\/jpeg"}],"twitter_card":"summary_large_image","twitter_misc":{"Arvioitu lukuaika":"1 minuutti"},"schema":{"@context":"https:\/\/schema.org","@graph":[{"@type":"WebPage","@id":"https:\/\/sovittelu.fi\/pohjois-karjala\/pohjois-karjalan-sovittelutoimisto\/","url":"https:\/\/sovittelu.fi\/pohjois-karjala\/pohjois-karjalan-sovittelutoimisto\/","name":"Pohjois-Karjalan sovittelutoimisto - Pohjois-Karjalan sovittelutoimisto","isPartOf":{"@id":"https:\/\/sovittelu.fi\/pohjois-karjala\/#website"},"primaryImageOfPage":{"@id":"https:\/\/sovittelu.fi\/pohjois-karjala\/pohjois-karjalan-sovittelutoimisto\/#primaryimage"},"image":{"@id":"https:\/\/sovittelu.fi\/pohjois-karjala\/pohjois-karjalan-sovittelutoimisto\/#primaryimage"},"thumbnailUrl":"https:\/\/sovittelu.fi\/pohjois-karjala\/wp-content\/uploads\/sites\/3\/2019\/05\/ulosp\u00e4\u00e4sy-labyrintti-2.jpg","datePublished":"2019-05-27T12:22:22+00:00","dateModified":"2025-09-11T12:28:14+00:00","breadcrumb":{"@id":"https:\/\/sovittelu.fi\/pohjois-karjala\/pohjois-karjalan-sovittelutoimisto\/#breadcrumb"},"inLanguage":"fi","potentialAction":[{"@type":"ReadAction","target":["https:\/\/sovittelu.fi\/pohjois-karjala\/pohjois-karjalan-sovittelutoimisto\/"]}]},{"@type":"ImageObject","inLanguage":"fi","@id":"https:\/\/sovittelu.fi\/pohjois-karjala\/pohjois-karjalan-sovittelutoimisto\/#primaryimage","url":"https:\/\/sovittelu.fi\/pohjois-karjala\/wp-content\/uploads\/sites\/3\/2019\/05\/ulosp\u00e4\u00e4sy-labyrintti-2.jpg","contentUrl":"https:\/\/sovittelu.fi\/pohjois-karjala\/wp-content\/uploads\/sites\/3\/2019\/05\/ulosp\u00e4\u00e4sy-labyrintti-2.jpg","width":443,"height":576},{"@type":"BreadcrumbList","@id":"https:\/\/sovittelu.fi\/pohjois-karjala\/pohjois-karjalan-sovittelutoimisto\/#breadcrumb","itemListElement":[{"@type":"ListItem","position":1,"name":"Home","item":"https:\/\/sovittelu.fi\/pohjois-karjala\/"},{"@type":"ListItem","position":2,"name":"Pohjois-Karjalan sovittelutoimisto"}]},{"@type":"WebSite","@id":"https:\/\/sovittelu.fi\/pohjois-karjala\/#website","url":"https:\/\/sovittelu.fi\/pohjois-karjala\/","name":"Pohjois-Karjalan sovittelutoimisto","description":"Etel\u00e4-Savon ja Varkauden alueen sovittelutoimisto, Pohjois-Karjalan sovittelutoimisto, Pohjois-Savon sovittelutoimisto","potentialAction":[{"@type":"SearchAction","target":{"@type":"EntryPoint","urlTemplate":"https:\/\/sovittelu.fi\/pohjois-karjala\/?s={search_term_string}"},"query-input":{"@type":"PropertyValueSpecification","valueRequired":true,"valueName":"search_term_string"}}],"inLanguage":"fi"}]}},"_links":{"self":[{"href":"https:\/\/sovittelu.fi\/pohjois-karjala\/wp-json\/wp\/v2\/pages\/856","targetHints":{"allow":["GET"]}}],"collection":[{"href":"https:\/\/sovittelu.fi\/pohjois-karjala\/wp-json\/wp\/v2\/pages"}],"about":[{"href":"https:\/\/sovittelu.fi\/pohjois-karjala\/wp-json\/wp\/v2\/types\/page"}],"author":[{"embeddable":true,"href":"https:\/\/sovittelu.fi\/pohjois-karjala\/wp-json\/wp\/v2\/users\/1"}],"replies":[{"embeddable":true,"href":"https:\/\/sovittelu.fi\/pohjois-karjala\/wp-json\/wp\/v2\/comments?post=856"}],"version-history":[{"count":9,"href":"https:\/\/sovittelu.fi\/pohjois-karjala\/wp-json\/wp\/v2\/pages\/856\/revisions"}],"predecessor-version":[{"id":5523,"href":"https:\/\/sovittelu.fi\/pohjois-karjala\/wp-json\/wp\/v2\/pages\/856\/revisions\/5523"}],"wp:featuredmedia":[{"embeddable":true,"href":"https:\/\/sovittelu.fi\/pohjois-karjala\/wp-json\/wp\/v2\/media\/1432"}],"wp:attachment":[{"href":"https:\/\/sovittelu.fi\/pohjois-karjala\/wp-json\/wp\/v2\/media?parent=856"}],"curies":[{"name":"wp","href":"https:\/\/api.w.org\/{rel}","templated":true}]}}