{"id":1307,"date":"2019-09-06T20:53:55","date_gmt":"2019-09-06T17:53:55","guid":{"rendered":"https:\/\/sovittelu.fi\/pohjois-karjala\/?page_id=1307"},"modified":"2023-10-18T14:17:01","modified_gmt":"2023-10-18T11:17:01","slug":"sovittelualoite-kiitos","status":"publish","type":"page","link":"https:\/\/sovittelu.fi\/pohjois-karjala\/sovittelualoite-kiitos\/","title":{"rendered":"Sovittelualoite"},"content":{"rendered":"<p>[et_pb_section fb_built=&#8221;1&#8243; _builder_version=&#8221;4.16&#8243; global_colors_info=&#8221;{}&#8221;][et_pb_row column_structure=&#8221;1_2,1_2&#8243; _builder_version=&#8221;4.16&#8243; background_size=&#8221;initial&#8221; background_position=&#8221;top_left&#8221; background_repeat=&#8221;repeat&#8221; global_colors_info=&#8221;{}&#8221;][et_pb_column type=&#8221;1_2&#8243; _builder_version=&#8221;4.16&#8243; custom_padding=&#8221;|||&#8221; global_colors_info=&#8221;{}&#8221; custom_padding__hover=&#8221;|||&#8221;][et_pb_text _builder_version=&#8221;4.21.0&#8243; background_size=&#8221;initial&#8221; background_position=&#8221;top_left&#8221; background_repeat=&#8221;repeat&#8221; hover_enabled=&#8221;0&#8243; global_colors_info=&#8221;{}&#8221; sticky_enabled=&#8221;0&#8243;]<\/p>\n<h1>Kiitos sovittelualoitteen tekemisest\u00e4.<\/h1>\n<p><span style=\"font-size: 12pt\">Saat aloitteesta kopion s\u00e4hk\u00f6postiisi.<\/span><\/p>\n<p><span style=\"font-size: 12pt\">Olemme sinuun yhteydess\u00e4 piakkoin.<\/span><\/p>\n<p><span style=\"font-size: 12pt\">Yst\u00e4v\u00e4llisin terveisin,<\/span><\/p>\n<p><span style=\"font-size: 12pt\">Pohjois-Karjalan sovittelutoimisto<\/span><\/p>\n<p>&nbsp;<\/p>\n<p>[\/et_pb_text][\/et_pb_column][et_pb_column type=&#8221;1_2&#8243; _builder_version=&#8221;4.16&#8243; custom_padding=&#8221;|||&#8221; global_colors_info=&#8221;{}&#8221; custom_padding__hover=&#8221;|||&#8221;][et_pb_image src=&#8221;https:\/\/sovittelu.fi\/pohjois-karjala\/wp-content\/uploads\/sites\/3\/2019\/04\/Rakennamme-sovintoa_vaakaristikkoA6-1.jpg&#8221; _builder_version=&#8221;4.16&#8243; global_colors_info=&#8221;{}&#8221;][\/et_pb_image][\/et_pb_column][\/et_pb_row][\/et_pb_section]<\/p>\n","protected":false},"excerpt":{"rendered":"<p>Kiitos sovittelualoitteen tekemisest\u00e4. Saat aloitteesta kopion s\u00e4hk\u00f6postiisi. Olemme sinuun yhteydess\u00e4 piakkoin. Yst\u00e4v\u00e4llisin terveisin, Pohjois-Karjalan sovittelutoimisto &nbsp;<\/p>\n","protected":false},"author":1,"featured_media":0,"parent":0,"menu_order":0,"comment_status":"closed","ping_status":"closed","template":"","meta":{"_et_pb_use_builder":"on","_et_pb_old_content":"<p><span style=\"font-size: 12pt;\">Kiitos sovittelualoitteen tekemisest\u00e4.<\/span><\/p><p><span style=\"font-size: 12pt;\">Saat aloitteesta kopion s\u00e4hk\u00f6postiisi.<\/span><\/p><p><span style=\"font-size: 12pt;\">Olemme sinuun yhteydess\u00e4 piakkoin.<\/span><\/p><p><span style=\"font-size: 12pt;\">Yst\u00e4v\u00e4llisn terveisin,<\/span><\/p><p><span style=\"font-size: 12pt;\">Leena Sopanen<\/span><\/p><p><span style=\"font-size: 12pt;\">Pohjois-Karjalan sovittelutoimiston johtaja<\/span><\/p><p>\u00a0<\/p>","_et_gb_content_width":"","footnotes":""},"class_list":["post-1307","page","type-page","status-publish","hentry"],"yoast_head":"<!-- This site is optimized with the Yoast SEO plugin v27.4 - https:\/\/yoast.com\/product\/yoast-seo-wordpress\/ -->\n<title>Sovittelualoite - Pohjois-Karjalan sovittelutoimisto<\/title>\n<meta name=\"robots\" content=\"index, follow, max-snippet:-1, max-image-preview:large, max-video-preview:-1\" \/>\n<link rel=\"canonical\" href=\"https:\/\/sovittelu.fi\/pohjois-karjala\/sovittelualoite-kiitos\/\" \/>\n<meta property=\"og:locale\" content=\"fi_FI\" \/>\n<meta property=\"og:type\" content=\"article\" \/>\n<meta property=\"og:title\" content=\"Sovittelualoite - Pohjois-Karjalan sovittelutoimisto\" \/>\n<meta property=\"og:description\" content=\"Kiitos sovittelualoitteen tekemisest\u00e4. Saat aloitteesta kopion s\u00e4hk\u00f6postiisi. Olemme sinuun yhteydess\u00e4 piakkoin. Yst\u00e4v\u00e4llisin terveisin, Pohjois-Karjalan sovittelutoimisto &nbsp;\" \/>\n<meta property=\"og:url\" content=\"https:\/\/sovittelu.fi\/pohjois-karjala\/sovittelualoite-kiitos\/\" \/>\n<meta property=\"og:site_name\" content=\"Pohjois-Karjalan sovittelutoimisto\" \/>\n<meta property=\"article:modified_time\" content=\"2023-10-18T11:17:01+00:00\" \/>\n<meta name=\"twitter:card\" content=\"summary_large_image\" \/>\n<meta name=\"twitter:label1\" content=\"Arvioitu lukuaika\" \/>\n\t<meta name=\"twitter:data1\" content=\"1 minuutti\" \/>\n<script type=\"application\/ld+json\" class=\"yoast-schema-graph\">{\"@context\":\"https:\\\/\\\/schema.org\",\"@graph\":[{\"@type\":\"WebPage\",\"@id\":\"https:\\\/\\\/sovittelu.fi\\\/pohjois-karjala\\\/sovittelualoite-kiitos\\\/\",\"url\":\"https:\\\/\\\/sovittelu.fi\\\/pohjois-karjala\\\/sovittelualoite-kiitos\\\/\",\"name\":\"Sovittelualoite - Pohjois-Karjalan sovittelutoimisto\",\"isPartOf\":{\"@id\":\"https:\\\/\\\/sovittelu.fi\\\/pohjois-karjala\\\/#website\"},\"datePublished\":\"2019-09-06T17:53:55+00:00\",\"dateModified\":\"2023-10-18T11:17:01+00:00\",\"breadcrumb\":{\"@id\":\"https:\\\/\\\/sovittelu.fi\\\/pohjois-karjala\\\/sovittelualoite-kiitos\\\/#breadcrumb\"},\"inLanguage\":\"fi\",\"potentialAction\":[{\"@type\":\"ReadAction\",\"target\":[\"https:\\\/\\\/sovittelu.fi\\\/pohjois-karjala\\\/sovittelualoite-kiitos\\\/\"]}]},{\"@type\":\"BreadcrumbList\",\"@id\":\"https:\\\/\\\/sovittelu.fi\\\/pohjois-karjala\\\/sovittelualoite-kiitos\\\/#breadcrumb\",\"itemListElement\":[{\"@type\":\"ListItem\",\"position\":1,\"name\":\"Home\",\"item\":\"https:\\\/\\\/sovittelu.fi\\\/pohjois-karjala\\\/\"},{\"@type\":\"ListItem\",\"position\":2,\"name\":\"Sovittelualoite\"}]},{\"@type\":\"WebSite\",\"@id\":\"https:\\\/\\\/sovittelu.fi\\\/pohjois-karjala\\\/#website\",\"url\":\"https:\\\/\\\/sovittelu.fi\\\/pohjois-karjala\\\/\",\"name\":\"Pohjois-Karjalan sovittelutoimisto\",\"description\":\"Etel\u00e4-Savon ja Varkauden alueen sovittelutoimisto, Pohjois-Karjalan sovittelutoimisto, Pohjois-Savon sovittelutoimisto\",\"potentialAction\":[{\"@type\":\"SearchAction\",\"target\":{\"@type\":\"EntryPoint\",\"urlTemplate\":\"https:\\\/\\\/sovittelu.fi\\\/pohjois-karjala\\\/?s={search_term_string}\"},\"query-input\":{\"@type\":\"PropertyValueSpecification\",\"valueRequired\":true,\"valueName\":\"search_term_string\"}}],\"inLanguage\":\"fi\"}]}<\/script>\n<!-- \/ Yoast SEO plugin. -->","yoast_head_json":{"title":"Sovittelualoite - Pohjois-Karjalan sovittelutoimisto","robots":{"index":"index","follow":"follow","max-snippet":"max-snippet:-1","max-image-preview":"max-image-preview:large","max-video-preview":"max-video-preview:-1"},"canonical":"https:\/\/sovittelu.fi\/pohjois-karjala\/sovittelualoite-kiitos\/","og_locale":"fi_FI","og_type":"article","og_title":"Sovittelualoite - Pohjois-Karjalan sovittelutoimisto","og_description":"Kiitos sovittelualoitteen tekemisest\u00e4. Saat aloitteesta kopion s\u00e4hk\u00f6postiisi. Olemme sinuun yhteydess\u00e4 piakkoin. Yst\u00e4v\u00e4llisin terveisin, Pohjois-Karjalan sovittelutoimisto &nbsp;","og_url":"https:\/\/sovittelu.fi\/pohjois-karjala\/sovittelualoite-kiitos\/","og_site_name":"Pohjois-Karjalan sovittelutoimisto","article_modified_time":"2023-10-18T11:17:01+00:00","twitter_card":"summary_large_image","twitter_misc":{"Arvioitu lukuaika":"1 minuutti"},"schema":{"@context":"https:\/\/schema.org","@graph":[{"@type":"WebPage","@id":"https:\/\/sovittelu.fi\/pohjois-karjala\/sovittelualoite-kiitos\/","url":"https:\/\/sovittelu.fi\/pohjois-karjala\/sovittelualoite-kiitos\/","name":"Sovittelualoite - Pohjois-Karjalan sovittelutoimisto","isPartOf":{"@id":"https:\/\/sovittelu.fi\/pohjois-karjala\/#website"},"datePublished":"2019-09-06T17:53:55+00:00","dateModified":"2023-10-18T11:17:01+00:00","breadcrumb":{"@id":"https:\/\/sovittelu.fi\/pohjois-karjala\/sovittelualoite-kiitos\/#breadcrumb"},"inLanguage":"fi","potentialAction":[{"@type":"ReadAction","target":["https:\/\/sovittelu.fi\/pohjois-karjala\/sovittelualoite-kiitos\/"]}]},{"@type":"BreadcrumbList","@id":"https:\/\/sovittelu.fi\/pohjois-karjala\/sovittelualoite-kiitos\/#breadcrumb","itemListElement":[{"@type":"ListItem","position":1,"name":"Home","item":"https:\/\/sovittelu.fi\/pohjois-karjala\/"},{"@type":"ListItem","position":2,"name":"Sovittelualoite"}]},{"@type":"WebSite","@id":"https:\/\/sovittelu.fi\/pohjois-karjala\/#website","url":"https:\/\/sovittelu.fi\/pohjois-karjala\/","name":"Pohjois-Karjalan sovittelutoimisto","description":"Etel\u00e4-Savon ja Varkauden alueen sovittelutoimisto, Pohjois-Karjalan sovittelutoimisto, Pohjois-Savon sovittelutoimisto","potentialAction":[{"@type":"SearchAction","target":{"@type":"EntryPoint","urlTemplate":"https:\/\/sovittelu.fi\/pohjois-karjala\/?s={search_term_string}"},"query-input":{"@type":"PropertyValueSpecification","valueRequired":true,"valueName":"search_term_string"}}],"inLanguage":"fi"}]}},"_links":{"self":[{"href":"https:\/\/sovittelu.fi\/pohjois-karjala\/wp-json\/wp\/v2\/pages\/1307","targetHints":{"allow":["GET"]}}],"collection":[{"href":"https:\/\/sovittelu.fi\/pohjois-karjala\/wp-json\/wp\/v2\/pages"}],"about":[{"href":"https:\/\/sovittelu.fi\/pohjois-karjala\/wp-json\/wp\/v2\/types\/page"}],"author":[{"embeddable":true,"href":"https:\/\/sovittelu.fi\/pohjois-karjala\/wp-json\/wp\/v2\/users\/1"}],"replies":[{"embeddable":true,"href":"https:\/\/sovittelu.fi\/pohjois-karjala\/wp-json\/wp\/v2\/comments?post=1307"}],"version-history":[{"count":1,"href":"https:\/\/sovittelu.fi\/pohjois-karjala\/wp-json\/wp\/v2\/pages\/1307\/revisions"}],"predecessor-version":[{"id":4523,"href":"https:\/\/sovittelu.fi\/pohjois-karjala\/wp-json\/wp\/v2\/pages\/1307\/revisions\/4523"}],"wp:attachment":[{"href":"https:\/\/sovittelu.fi\/pohjois-karjala\/wp-json\/wp\/v2\/media?parent=1307"}],"curies":[{"name":"wp","href":"https:\/\/api.w.org\/{rel}","templated":true}]}}