{"id":1294,"date":"2019-09-06T17:05:00","date_gmt":"2019-09-06T14:05:00","guid":{"rendered":"https:\/\/sovittelu.fi\/pohjois-karjala\/?page_id=1294"},"modified":"2026-04-01T14:58:34","modified_gmt":"2026-04-01T11:58:34","slug":"mita-sovittelu-on","status":"publish","type":"page","link":"https:\/\/sovittelu.fi\/pohjois-karjala\/mita-sovittelu-on\/","title":{"rendered":"Mit\u00e4 sovittelu on?"},"content":{"rendered":"<p>[et_pb_section fb_built=&#8221;1&#8243; _builder_version=&#8221;4.16&#8243; global_colors_info=&#8221;{}&#8221;][et_pb_row _builder_version=&#8221;4.16&#8243; background_size=&#8221;initial&#8221; background_position=&#8221;top_left&#8221; background_repeat=&#8221;repeat&#8221; global_colors_info=&#8221;{}&#8221;][et_pb_column type=&#8221;4_4&#8243; _builder_version=&#8221;4.16&#8243; custom_padding=&#8221;|||&#8221; global_colors_info=&#8221;{}&#8221; custom_padding__hover=&#8221;|||&#8221;][et_pb_text _builder_version=&#8221;4.27.6&#8243; background_size=&#8221;initial&#8221; background_position=&#8221;top_left&#8221; background_repeat=&#8221;repeat&#8221; hover_enabled=&#8221;0&#8243; z_index_tablet=&#8221;500&#8243; text_text_shadow_horizontal_length_tablet=&#8221;0px&#8221; text_text_shadow_vertical_length_tablet=&#8221;0px&#8221; text_text_shadow_blur_strength_tablet=&#8221;1px&#8221; link_text_shadow_horizontal_length_tablet=&#8221;0px&#8221; link_text_shadow_vertical_length_tablet=&#8221;0px&#8221; link_text_shadow_blur_strength_tablet=&#8221;1px&#8221; ul_text_shadow_horizontal_length_tablet=&#8221;0px&#8221; ul_text_shadow_vertical_length_tablet=&#8221;0px&#8221; ul_text_shadow_blur_strength_tablet=&#8221;1px&#8221; ol_text_shadow_horizontal_length_tablet=&#8221;0px&#8221; ol_text_shadow_vertical_length_tablet=&#8221;0px&#8221; ol_text_shadow_blur_strength_tablet=&#8221;1px&#8221; quote_text_shadow_horizontal_length_tablet=&#8221;0px&#8221; quote_text_shadow_vertical_length_tablet=&#8221;0px&#8221; quote_text_shadow_blur_strength_tablet=&#8221;1px&#8221; header_text_shadow_horizontal_length_tablet=&#8221;0px&#8221; header_text_shadow_vertical_length_tablet=&#8221;0px&#8221; header_text_shadow_blur_strength_tablet=&#8221;1px&#8221; header_2_text_shadow_horizontal_length_tablet=&#8221;0px&#8221; header_2_text_shadow_vertical_length_tablet=&#8221;0px&#8221; header_2_text_shadow_blur_strength_tablet=&#8221;1px&#8221; header_3_text_shadow_horizontal_length_tablet=&#8221;0px&#8221; header_3_text_shadow_vertical_length_tablet=&#8221;0px&#8221; header_3_text_shadow_blur_strength_tablet=&#8221;1px&#8221; header_4_text_shadow_horizontal_length_tablet=&#8221;0px&#8221; header_4_text_shadow_vertical_length_tablet=&#8221;0px&#8221; header_4_text_shadow_blur_strength_tablet=&#8221;1px&#8221; header_5_text_shadow_horizontal_length_tablet=&#8221;0px&#8221; header_5_text_shadow_vertical_length_tablet=&#8221;0px&#8221; header_5_text_shadow_blur_strength_tablet=&#8221;1px&#8221; header_6_text_shadow_horizontal_length_tablet=&#8221;0px&#8221; header_6_text_shadow_vertical_length_tablet=&#8221;0px&#8221; header_6_text_shadow_blur_strength_tablet=&#8221;1px&#8221; box_shadow_horizontal_tablet=&#8221;0px&#8221; box_shadow_vertical_tablet=&#8221;0px&#8221; box_shadow_blur_tablet=&#8221;40px&#8221; box_shadow_spread_tablet=&#8221;0px&#8221; global_colors_info=&#8221;{}&#8221; sticky_enabled=&#8221;0&#8243;]<\/p>\n<h1>Mit\u00e4 sovittelu on?<\/h1>\n<p>&nbsp;<\/p>\n<p><span style=\"font-size: 12pt\">Sovittelu perustuu rikos- ja er\u00e4iden riita-asioiden sovittelusta annettuun lakiin (<a title=\"Sovittelulaki\" href=\"http:\/\/www.finlex.fi\/fi\/laki\/ajantasa\/2005\/20051015\" target=\"_blank\" rel=\"noopener noreferrer\">1015\/2005, Sovittelulaki<\/a>). Sovittelussa osapuolet kohtaavat toisensa ja k\u00e4sittelev\u00e4t rikoksen tai riidan aiheuttamia haittoja. <\/span><span style=\"font-size: 12pt\">Kohtaamisen mahdollistavat koulutetut vapaaehtoiset sovittelijat, jotka toimivat sovittelutoimiston ammatillisen ohjauksen alaisina.<\/span><\/p>\n<p><span style=\"font-size: 12pt\">Sovittelussa ei ratkaista asian rikosoikeudellista puolta, mutta sovittelu voi vaikuttaa mahdolliseen rangaistusseuraamukseen siten, ett\u00e4 rangaistusta lievennet\u00e4\u00e4n tai rikosoikeudellisista toimenpiteist\u00e4 luovutaan.<\/span><\/p>\n<p><span style=\"font-size: 12pt\">Aloitteen sovittelusta voi tehd\u00e4 kumpi tahansa rikoksen osapuolista, alaik\u00e4isen vanhemmat, poliisi, syytt\u00e4j\u00e4, sosiaaliviranomainen tai muu viranomainen.\u00a0<\/span><\/p>\n<p>&nbsp;<\/p>\n<h3><strong>Mit\u00e4 sovitellaan?<\/strong><\/h3>\n<p><span style=\"font-size: 12pt\">Sovittelussa voidaan k\u00e4sitell\u00e4 rikos- ja riita-asioita. Sovittelu on mahdollista tapauksissa, joissa on v\u00e4hint\u00e4\u00e4n kaksi osapuolta, ja joista ainakin yksi osapuoli on luonnollinen henkil\u00f6. Yleisimmin soviteltavia rikosasioita ovat v\u00e4kivalta- ja omaisuusrikokset, kun taas riita-asioista yleisimpi\u00e4 ovat koulukiusaaminen ja naapuruusriidat. <\/span><span style=\"font-size: 12pt\">Sovittelutoimisto arvioi asian soveltuvuuden sovitteluun.\u00a0<\/span><\/p>\n<p><span style=\"font-size: 12pt\">Sovittelu on mahdollista my\u00f6s alle 15-vuotiaiden riita- ja rikosasioissa, vaikka alle 15-vuotias ei ole rikosoikeudellisesti vastuussa teostaan.\u00a0<\/span><\/p>\n<p>[\/et_pb_text][\/et_pb_column][\/et_pb_row][et_pb_row column_structure=&#8221;3_4,1_4&#8243; _builder_version=&#8221;4.16&#8243; background_size=&#8221;initial&#8221; background_position=&#8221;top_left&#8221; background_repeat=&#8221;repeat&#8221; global_colors_info=&#8221;{}&#8221;][et_pb_column type=&#8221;3_4&#8243; _builder_version=&#8221;4.16&#8243; custom_padding=&#8221;|||&#8221; global_colors_info=&#8221;{}&#8221; custom_padding__hover=&#8221;|||&#8221;][et_pb_text _builder_version=&#8221;4.16&#8243; z_index_tablet=&#8221;500&#8243; text_text_shadow_horizontal_length_tablet=&#8221;0px&#8221; text_text_shadow_vertical_length_tablet=&#8221;0px&#8221; text_text_shadow_blur_strength_tablet=&#8221;1px&#8221; link_text_shadow_horizontal_length_tablet=&#8221;0px&#8221; link_text_shadow_vertical_length_tablet=&#8221;0px&#8221; link_text_shadow_blur_strength_tablet=&#8221;1px&#8221; ul_text_shadow_horizontal_length_tablet=&#8221;0px&#8221; ul_text_shadow_vertical_length_tablet=&#8221;0px&#8221; ul_text_shadow_blur_strength_tablet=&#8221;1px&#8221; ol_text_shadow_horizontal_length_tablet=&#8221;0px&#8221; ol_text_shadow_vertical_length_tablet=&#8221;0px&#8221; ol_text_shadow_blur_strength_tablet=&#8221;1px&#8221; quote_text_shadow_horizontal_length_tablet=&#8221;0px&#8221; quote_text_shadow_vertical_length_tablet=&#8221;0px&#8221; quote_text_shadow_blur_strength_tablet=&#8221;1px&#8221; header_text_shadow_horizontal_length_tablet=&#8221;0px&#8221; header_text_shadow_vertical_length_tablet=&#8221;0px&#8221; header_text_shadow_blur_strength_tablet=&#8221;1px&#8221; header_2_text_shadow_horizontal_length_tablet=&#8221;0px&#8221; header_2_text_shadow_vertical_length_tablet=&#8221;0px&#8221; header_2_text_shadow_blur_strength_tablet=&#8221;1px&#8221; header_3_text_shadow_horizontal_length_tablet=&#8221;0px&#8221; header_3_text_shadow_vertical_length_tablet=&#8221;0px&#8221; header_3_text_shadow_blur_strength_tablet=&#8221;1px&#8221; header_4_text_shadow_horizontal_length_tablet=&#8221;0px&#8221; header_4_text_shadow_vertical_length_tablet=&#8221;0px&#8221; header_4_text_shadow_blur_strength_tablet=&#8221;1px&#8221; header_5_text_shadow_horizontal_length_tablet=&#8221;0px&#8221; header_5_text_shadow_vertical_length_tablet=&#8221;0px&#8221; header_5_text_shadow_blur_strength_tablet=&#8221;1px&#8221; header_6_text_shadow_horizontal_length_tablet=&#8221;0px&#8221; header_6_text_shadow_vertical_length_tablet=&#8221;0px&#8221; header_6_text_shadow_blur_strength_tablet=&#8221;1px&#8221; box_shadow_horizontal_tablet=&#8221;0px&#8221; box_shadow_vertical_tablet=&#8221;0px&#8221; box_shadow_blur_tablet=&#8221;40px&#8221; box_shadow_spread_tablet=&#8221;0px&#8221; global_colors_info=&#8221;{}&#8221;]<\/p>\n<h3><strong>Miten sovitellaan?<\/strong><\/h3>\n<p><span style=\"font-size: 12pt\">Sovittelu edellytt\u00e4\u00e4 kaikkien osapuolten suostumusta. Asianosaisen ollessa alaik\u00e4inen suostumus kysyt\u00e4\u00e4n paitsi alaik\u00e4iselt\u00e4 itselt\u00e4\u00e4n, my\u00f6s h\u00e4nen huoltajiltaan sek\u00e4 tarvittaessa muulta lailliselta edustajaltaan. Sovittelun voi keskeytt\u00e4\u00e4 miss\u00e4 vaiheessa tahansa.<\/span><\/p>\n<p><span style=\"font-size: 12pt\">Sovittelussa k\u00e4sitelt\u00e4v\u00e4t asiat ovat luottamuksellisia. Sovittelijoita sitoo vaitiolovelvollisuus, eik\u00e4 sovittelussa esille tulleista asioista voi puhua sovittelun ulkopuolella. Sovittelijat eiv\u00e4t voi my\u00f6sk\u00e4\u00e4n toimia todistajina mahdollisessa oikeudenk\u00e4ynniss\u00e4. Asianosainen ei puolestaan voi ilman toisen osapuolen suostumusta\u00a0vedota siihen, mit\u00e4 t\u00e4m\u00e4 on sovintoon p\u00e4\u00e4semiseksi esitt\u00e4nyt sovittelussa.<\/span><\/p>\n<p><span style=\"font-size: 12pt\">Sovittelijat toimivat sovittelussa puolueettomasti ja auttavat kaikkia osapuolia tasapuolisesti asian k\u00e4sittelyss\u00e4. Sovittelijat eiv\u00e4t ratkaise asiaa osapuolten puolesta eiv\u00e4tk\u00e4 tee heille valmiita sovintoesityksi\u00e4, osapuolet p\u00e4\u00e4tt\u00e4v\u00e4t itse oman asiansa lopputuloksesta.<\/span><\/p>\n<p><span style=\"font-size: 12pt\">Sovittelutoiminta on osapuolille maksutonta.<\/span><\/p>\n<p>[\/et_pb_text][\/et_pb_column][et_pb_column type=&#8221;1_4&#8243; _builder_version=&#8221;4.16&#8243; custom_padding=&#8221;|||&#8221; global_colors_info=&#8221;{}&#8221; custom_padding__hover=&#8221;|||&#8221;][et_pb_image src=&#8221;https:\/\/sovittelu.fi\/pohjois-karjala\/wp-content\/uploads\/sites\/3\/2019\/10\/Sovittelu-on-3.jpg&#8221; _builder_version=&#8221;4.16&#8243; custom_margin=&#8221;30px||||false|false&#8221; global_colors_info=&#8221;{}&#8221;][\/et_pb_image][\/et_pb_column][\/et_pb_row][et_pb_row column_structure=&#8221;1_2,1_2&#8243; _builder_version=&#8221;4.16&#8243; background_size=&#8221;initial&#8221; background_position=&#8221;top_left&#8221; background_repeat=&#8221;repeat&#8221; global_colors_info=&#8221;{}&#8221;][et_pb_column type=&#8221;1_2&#8243; _builder_version=&#8221;4.16&#8243; custom_padding=&#8221;|||&#8221; global_colors_info=&#8221;{}&#8221; custom_padding__hover=&#8221;|||&#8221;][et_pb_image src=&#8221;https:\/\/sovittelu.fi\/pohjois-karjala\/wp-content\/uploads\/sites\/3\/2019\/10\/Sovittelu-antaa-mahdollisuuden.jpg&#8221; _builder_version=&#8221;4.16&#8243; global_colors_info=&#8221;{}&#8221;][\/et_pb_image][\/et_pb_column][et_pb_column type=&#8221;1_2&#8243; _builder_version=&#8221;4.16&#8243; custom_padding=&#8221;|||&#8221; global_colors_info=&#8221;{}&#8221; custom_padding__hover=&#8221;|||&#8221;][et_pb_image src=&#8221;https:\/\/sovittelu.fi\/pohjois-karjala\/wp-content\/uploads\/sites\/3\/2019\/05\/ulosp\u00e4\u00e4sy-labyrintti-2.jpg&#8221; align=&#8221;right&#8221; _builder_version=&#8221;4.16&#8243; custom_margin=&#8221;40px||||false|false&#8221; z_index_tablet=&#8221;500&#8243; border_radii=&#8221;on|10px|10px|10px|10px&#8221; box_shadow_horizontal_tablet=&#8221;0px&#8221; box_shadow_vertical_tablet=&#8221;0px&#8221; box_shadow_blur_tablet=&#8221;40px&#8221; box_shadow_spread_tablet=&#8221;0px&#8221; global_colors_info=&#8221;{}&#8221;][\/et_pb_image][\/et_pb_column][\/et_pb_row][\/et_pb_section]<\/p>\n","protected":false},"excerpt":{"rendered":"<p>Mit\u00e4 sovittelu on? &nbsp; Sovittelu perustuu rikos- ja er\u00e4iden riita-asioiden sovittelusta annettuun lakiin (1015\/2005, Sovittelulaki). Sovittelussa osapuolet kohtaavat toisensa ja k\u00e4sittelev\u00e4t rikoksen tai riidan aiheuttamia haittoja. Kohtaamisen mahdollistavat koulutetut vapaaehtoiset sovittelijat, jotka toimivat sovittelutoimiston ammatillisen ohjauksen alaisina. Sovittelussa ei ratkaista asian rikosoikeudellista puolta, mutta sovittelu voi vaikuttaa mahdolliseen rangaistusseuraamukseen siten, ett\u00e4 rangaistusta lievennet\u00e4\u00e4n tai rikosoikeudellisista [&hellip;]<\/p>\n","protected":false},"author":1,"featured_media":0,"parent":0,"menu_order":0,"comment_status":"closed","ping_status":"closed","template":"","meta":{"_et_pb_use_builder":"on","_et_pb_old_content":"","_et_gb_content_width":"","footnotes":""},"class_list":["post-1294","page","type-page","status-publish","hentry"],"yoast_head":"<!-- This site is optimized with the Yoast SEO plugin v27.2 - https:\/\/yoast.com\/product\/yoast-seo-wordpress\/ -->\n<title>Mit\u00e4 sovittelu on? - Pohjois-Karjalan sovittelutoimisto<\/title>\n<meta name=\"robots\" content=\"index, follow, max-snippet:-1, max-image-preview:large, max-video-preview:-1\" \/>\n<link rel=\"canonical\" href=\"https:\/\/sovittelu.fi\/pohjois-karjala\/mita-sovittelu-on\/\" \/>\n<meta property=\"og:locale\" content=\"fi_FI\" \/>\n<meta property=\"og:type\" content=\"article\" \/>\n<meta property=\"og:title\" content=\"Mit\u00e4 sovittelu on? - Pohjois-Karjalan sovittelutoimisto\" \/>\n<meta property=\"og:description\" content=\"Mit\u00e4 sovittelu on? &nbsp; Sovittelu perustuu rikos- ja er\u00e4iden riita-asioiden sovittelusta annettuun lakiin (1015\/2005, Sovittelulaki). Sovittelussa osapuolet kohtaavat toisensa ja k\u00e4sittelev\u00e4t rikoksen tai riidan aiheuttamia haittoja. Kohtaamisen mahdollistavat koulutetut vapaaehtoiset sovittelijat, jotka toimivat sovittelutoimiston ammatillisen ohjauksen alaisina. Sovittelussa ei ratkaista asian rikosoikeudellista puolta, mutta sovittelu voi vaikuttaa mahdolliseen rangaistusseuraamukseen siten, ett\u00e4 rangaistusta lievennet\u00e4\u00e4n tai rikosoikeudellisista [&hellip;]\" \/>\n<meta property=\"og:url\" content=\"https:\/\/sovittelu.fi\/pohjois-karjala\/mita-sovittelu-on\/\" \/>\n<meta property=\"og:site_name\" content=\"Pohjois-Karjalan sovittelutoimisto\" \/>\n<meta property=\"article:modified_time\" content=\"2026-04-01T11:58:34+00:00\" \/>\n<meta name=\"twitter:card\" content=\"summary_large_image\" \/>\n<meta name=\"twitter:label1\" content=\"Arvioitu lukuaika\" \/>\n\t<meta name=\"twitter:data1\" content=\"3 minuuttia\" \/>\n<script type=\"application\/ld+json\" class=\"yoast-schema-graph\">{\"@context\":\"https:\/\/schema.org\",\"@graph\":[{\"@type\":\"WebPage\",\"@id\":\"https:\/\/sovittelu.fi\/pohjois-karjala\/mita-sovittelu-on\/\",\"url\":\"https:\/\/sovittelu.fi\/pohjois-karjala\/mita-sovittelu-on\/\",\"name\":\"Mit\u00e4 sovittelu on? - Pohjois-Karjalan sovittelutoimisto\",\"isPartOf\":{\"@id\":\"https:\/\/sovittelu.fi\/pohjois-karjala\/#website\"},\"datePublished\":\"2019-09-06T14:05:00+00:00\",\"dateModified\":\"2026-04-01T11:58:34+00:00\",\"breadcrumb\":{\"@id\":\"https:\/\/sovittelu.fi\/pohjois-karjala\/mita-sovittelu-on\/#breadcrumb\"},\"inLanguage\":\"fi\",\"potentialAction\":[{\"@type\":\"ReadAction\",\"target\":[\"https:\/\/sovittelu.fi\/pohjois-karjala\/mita-sovittelu-on\/\"]}]},{\"@type\":\"BreadcrumbList\",\"@id\":\"https:\/\/sovittelu.fi\/pohjois-karjala\/mita-sovittelu-on\/#breadcrumb\",\"itemListElement\":[{\"@type\":\"ListItem\",\"position\":1,\"name\":\"Home\",\"item\":\"https:\/\/sovittelu.fi\/pohjois-karjala\/\"},{\"@type\":\"ListItem\",\"position\":2,\"name\":\"Mit\u00e4 sovittelu on?\"}]},{\"@type\":\"WebSite\",\"@id\":\"https:\/\/sovittelu.fi\/pohjois-karjala\/#website\",\"url\":\"https:\/\/sovittelu.fi\/pohjois-karjala\/\",\"name\":\"Pohjois-Karjalan sovittelutoimisto\",\"description\":\"Etel\u00e4-Savon ja Varkauden alueen sovittelutoimisto, Pohjois-Karjalan sovittelutoimisto, Pohjois-Savon sovittelutoimisto\",\"potentialAction\":[{\"@type\":\"SearchAction\",\"target\":{\"@type\":\"EntryPoint\",\"urlTemplate\":\"https:\/\/sovittelu.fi\/pohjois-karjala\/?s={search_term_string}\"},\"query-input\":{\"@type\":\"PropertyValueSpecification\",\"valueRequired\":true,\"valueName\":\"search_term_string\"}}],\"inLanguage\":\"fi\"}]}<\/script>\n<!-- \/ Yoast SEO plugin. -->","yoast_head_json":{"title":"Mit\u00e4 sovittelu on? - Pohjois-Karjalan sovittelutoimisto","robots":{"index":"index","follow":"follow","max-snippet":"max-snippet:-1","max-image-preview":"max-image-preview:large","max-video-preview":"max-video-preview:-1"},"canonical":"https:\/\/sovittelu.fi\/pohjois-karjala\/mita-sovittelu-on\/","og_locale":"fi_FI","og_type":"article","og_title":"Mit\u00e4 sovittelu on? - Pohjois-Karjalan sovittelutoimisto","og_description":"Mit\u00e4 sovittelu on? &nbsp; Sovittelu perustuu rikos- ja er\u00e4iden riita-asioiden sovittelusta annettuun lakiin (1015\/2005, Sovittelulaki). Sovittelussa osapuolet kohtaavat toisensa ja k\u00e4sittelev\u00e4t rikoksen tai riidan aiheuttamia haittoja. Kohtaamisen mahdollistavat koulutetut vapaaehtoiset sovittelijat, jotka toimivat sovittelutoimiston ammatillisen ohjauksen alaisina. Sovittelussa ei ratkaista asian rikosoikeudellista puolta, mutta sovittelu voi vaikuttaa mahdolliseen rangaistusseuraamukseen siten, ett\u00e4 rangaistusta lievennet\u00e4\u00e4n tai rikosoikeudellisista [&hellip;]","og_url":"https:\/\/sovittelu.fi\/pohjois-karjala\/mita-sovittelu-on\/","og_site_name":"Pohjois-Karjalan sovittelutoimisto","article_modified_time":"2026-04-01T11:58:34+00:00","twitter_card":"summary_large_image","twitter_misc":{"Arvioitu lukuaika":"3 minuuttia"},"schema":{"@context":"https:\/\/schema.org","@graph":[{"@type":"WebPage","@id":"https:\/\/sovittelu.fi\/pohjois-karjala\/mita-sovittelu-on\/","url":"https:\/\/sovittelu.fi\/pohjois-karjala\/mita-sovittelu-on\/","name":"Mit\u00e4 sovittelu on? - Pohjois-Karjalan sovittelutoimisto","isPartOf":{"@id":"https:\/\/sovittelu.fi\/pohjois-karjala\/#website"},"datePublished":"2019-09-06T14:05:00+00:00","dateModified":"2026-04-01T11:58:34+00:00","breadcrumb":{"@id":"https:\/\/sovittelu.fi\/pohjois-karjala\/mita-sovittelu-on\/#breadcrumb"},"inLanguage":"fi","potentialAction":[{"@type":"ReadAction","target":["https:\/\/sovittelu.fi\/pohjois-karjala\/mita-sovittelu-on\/"]}]},{"@type":"BreadcrumbList","@id":"https:\/\/sovittelu.fi\/pohjois-karjala\/mita-sovittelu-on\/#breadcrumb","itemListElement":[{"@type":"ListItem","position":1,"name":"Home","item":"https:\/\/sovittelu.fi\/pohjois-karjala\/"},{"@type":"ListItem","position":2,"name":"Mit\u00e4 sovittelu on?"}]},{"@type":"WebSite","@id":"https:\/\/sovittelu.fi\/pohjois-karjala\/#website","url":"https:\/\/sovittelu.fi\/pohjois-karjala\/","name":"Pohjois-Karjalan sovittelutoimisto","description":"Etel\u00e4-Savon ja Varkauden alueen sovittelutoimisto, Pohjois-Karjalan sovittelutoimisto, Pohjois-Savon sovittelutoimisto","potentialAction":[{"@type":"SearchAction","target":{"@type":"EntryPoint","urlTemplate":"https:\/\/sovittelu.fi\/pohjois-karjala\/?s={search_term_string}"},"query-input":{"@type":"PropertyValueSpecification","valueRequired":true,"valueName":"search_term_string"}}],"inLanguage":"fi"}]}},"_links":{"self":[{"href":"https:\/\/sovittelu.fi\/pohjois-karjala\/wp-json\/wp\/v2\/pages\/1294","targetHints":{"allow":["GET"]}}],"collection":[{"href":"https:\/\/sovittelu.fi\/pohjois-karjala\/wp-json\/wp\/v2\/pages"}],"about":[{"href":"https:\/\/sovittelu.fi\/pohjois-karjala\/wp-json\/wp\/v2\/types\/page"}],"author":[{"embeddable":true,"href":"https:\/\/sovittelu.fi\/pohjois-karjala\/wp-json\/wp\/v2\/users\/1"}],"replies":[{"embeddable":true,"href":"https:\/\/sovittelu.fi\/pohjois-karjala\/wp-json\/wp\/v2\/comments?post=1294"}],"version-history":[{"count":1,"href":"https:\/\/sovittelu.fi\/pohjois-karjala\/wp-json\/wp\/v2\/pages\/1294\/revisions"}],"predecessor-version":[{"id":5893,"href":"https:\/\/sovittelu.fi\/pohjois-karjala\/wp-json\/wp\/v2\/pages\/1294\/revisions\/5893"}],"wp:attachment":[{"href":"https:\/\/sovittelu.fi\/pohjois-karjala\/wp-json\/wp\/v2\/media?parent=1294"}],"curies":[{"name":"wp","href":"https:\/\/api.w.org\/{rel}","templated":true}]}}