{"id":789,"date":"2019-05-11T23:13:45","date_gmt":"2019-05-11T20:13:45","guid":{"rendered":"https:\/\/sovittelu.fi\/kymisaimaa\/?page_id=789"},"modified":"2022-01-28T13:43:01","modified_gmt":"2022-01-28T10:43:01","slug":"linkit","status":"publish","type":"page","link":"https:\/\/sovittelu.fi\/kymisaimaa\/linkit\/","title":{"rendered":"Linkit"},"content":{"rendered":"<p><span style=\"font-size: 14pt;color: #5d9be8\"><strong>Virastot ja ministeri\u00f6t<\/strong><\/span><\/p>\n<p><span style=\"font-size: 12pt;color: #5d9be8\"><a style=\"color: #5d9be8\" title=\"www.thl.fi\/sovittelu\" href=\"http:\/\/www.thl.fi\/sovittelu\" target=\"_blank\" rel=\"noopener noreferrer\">Rikos- ja riita-asioiden sovittelu (THL)<\/a><\/span><br \/>\n<span style=\"font-size: 12pt;color: #5d9be8\"><a style=\"color: #5d9be8\" href=\"https:\/\/thl.fi\/fi\/palvelut-ja-asiointi\/valtion-sosiaali-ja-terveydenhuollon-erityispalvelut\/rikos-ja-riita-asioiden-sovittelu\/tietoa-sovittelusta-nuorille\" target=\"_blank\" rel=\"noopener\">Tietoa sovittelusta nuorille (THL)<\/a><\/span><br \/>\n<span style=\"font-size: 12pt;color: #5d9be8\"><a style=\"color: #5d9be8\" title=\"Sosiaali- ja terveysministeri\u00f6 \" href=\"http:\/\/www.stm.fi\/etusivu\" target=\"_blank\" rel=\"noopener noreferrer\">Sosiaali- ja terveysministeri\u00f6 <\/a><\/span><br \/>\n<span style=\"font-size: 12pt;color: #5d9be8\"><a style=\"color: #5d9be8\" title=\"Oikeusministeri\u00f6\" href=\"http:\/\/www.om.fi\/\" target=\"_blank\" rel=\"noopener noreferrer\">Oikeusministeri\u00f6<\/a><\/span><br \/>\n<span style=\"font-size: 12pt;color: #5d9be8\"><a style=\"color: #5d9be8\" title=\"Poliisi\" href=\"http:\/\/www.poliisi.fi\/\" target=\"_blank\" rel=\"noopener noreferrer\">Poliisi<\/a><\/span><br \/>\n<span style=\"font-size: 12pt;color: #5d9be8\"><a style=\"color: #5d9be8\" title=\"Rikosseuraamuslaitos\" href=\"http:\/\/www.rikosseuraamus.fi\/fi\/\" target=\"_blank\" rel=\"noopener noreferrer\">Rikosseuraamuslaitos<\/a><\/span><br \/>\n<span style=\"font-size: 12pt;color: #5d9be8\"><a style=\"color: #5d9be8\" href=\"https:\/\/oikeus.fi\/tuomioistuimet\/fi\/\" target=\"_blank\" rel=\"noopener\">Tuomioistuinlaitos<\/a><\/span><br \/>\n<span style=\"font-size: 12pt;color: #5d9be8\"><a style=\"color: #5d9be8\" href=\"https:\/\/syyttajalaitos.fi\/etusivu\" target=\"_blank\" rel=\"noopener\">Syytt\u00e4j\u00e4<\/a><\/span><br \/>\n<span style=\"font-size: 12pt;color: #5d9be8\"><a style=\"color: #5d9be8\" href=\"https:\/\/oikeus.fi\/oikeusapu\/fi\/index.html\" target=\"_blank\" rel=\"noopener\">Oikeusapu<br \/>\n<\/a><a style=\"color: #5d9be8\" href=\"https:\/\/www.valtiokonttori.fi\/\" target=\"_blank\" rel=\"noopener\">Valtiokonttori<\/a><\/span><\/p>\n<p><span style=\"font-size: 14pt;color: #5d9be8\"><strong>Lains\u00e4\u00e4d\u00e4nt\u00f6 ja ohjeet<\/strong><\/span><\/p>\n<p><span style=\"font-size: 12pt;color: #5d9be8\"><a style=\"color: #5d9be8\" href=\"https:\/\/www.finlex.fi\/fi\/laki\/ajantasa\/2005\/20051015\" target=\"_blank\" rel=\"noopener\">Laki rikosasioiden ja er\u00e4iden riita-asioiden sovittelusta 1015\/2005<\/a><\/span><br \/>\n<span style=\"font-size: 12pt;color: #5d9be8\"><a style=\"color: #5d9be8\" href=\"https:\/\/julkaisut.valtioneuvosto.fi\/bitstream\/handle\/10024\/162631\/HEVA_suosituksia_sisus_5.painos_vedos_2.pdf?sequence=1&amp;isAllowed=y\" target=\"_blank\" rel=\"noopener\">Henkil\u00f6vahinkoasiain neuvottelukunnan suositukset<\/a><\/span><\/p>\n<p><span style=\"font-size: 14pt;color: #5d9be8\"><strong>Tieto- ja tukipalvelut<\/strong><\/span><\/p>\n<p><span style=\"font-size: 12pt;color: #5d9be8\"><a style=\"color: #5d9be8\" title=\"Rikosuhrip\u00e4ivystys (RIKU)\" href=\"http:\/\/www.riku.fi\/fi\/etusivu\/\" target=\"_blank\" rel=\"noopener noreferrer\">Rikosuhrip\u00e4ivystys (RIKU)<\/a><\/span><br \/>\n<span style=\"font-size: 12pt;color: #5d9be8\"><a style=\"color: #5d9be8\" href=\"https:\/\/mieli.fi\/tukea-ja-apua\/kriisipuhelin\/\" target=\"_blank\" rel=\"noopener\">Valtakunnallinen kriisipuhelin ja Chat<\/a><\/span><br \/>\n<span style=\"font-size: 12pt;color: #5d9be8\"><a style=\"color: #5d9be8\" href=\"https:\/\/tukinet.net\/\" target=\"_blank\" rel=\"noopener\">Tukinet<\/a><\/span><br \/>\n<span style=\"font-size: 12pt;color: #5d9be8\"><a style=\"color: #5d9be8\" href=\"https:\/\/nuortenlinkki.fi\/\" target=\"_blank\" rel=\"noopener\">Nuortenlinkki<\/a>\u00a0<\/span><br \/>\n<span style=\"font-size: 12pt;color: #5d9be8\"><a style=\"color: #5d9be8\" href=\"https:\/\/www.nuortennetti.fi\/apua-ja-tukea\/lasten-ja-nuorten-puhelin\/\" target=\"_blank\" rel=\"noopener\">Lasten ja nuorten puhelin ja Chat<\/a><\/span><br \/>\n<span style=\"font-size: 12pt;color: #5d9be8\"><a style=\"color: #5d9be8\" href=\"https:\/\/www.mll.fi\/vanhemmille\/toiminta-lapsiperheille\/vanhempainpuhelin\/\" target=\"_blank\" rel=\"noopener\">Vanhempainpuhelin<\/a><\/span><br \/>\n<span style=\"font-size: 12pt;color: #5d9be8\"><a style=\"color: #5d9be8\" href=\"https:\/\/www.takuusaatio.fi\/palvelut-ja-materiaalit\/velkalinja-ja-kysy-rahasta-chat\/\" target=\"_blank\" rel=\"noopener\">Velkalinja<\/a><\/span><br \/>\n<span style=\"font-size: 12pt;color: #5d9be8\"><a style=\"color: #5d9be8\" href=\"https:\/\/nettiturvakoti.fi\/\" target=\"_blank\" rel=\"noopener\">Turvakoti<\/a><\/span><br \/>\n<span style=\"font-size: 12pt;color: #5d9be8\"><a style=\"color: #5d9be8\" href=\"https:\/\/nollalinja.fi\/\" target=\"_blank\" rel=\"noopener\">Nollalinja<\/a><\/span><br \/>\n<span style=\"font-size: 12pt;color: #5d9be8\"><a style=\"color: #5d9be8\" href=\"https:\/\/naistenlinja.fi\/\" target=\"_blank\" rel=\"noopener\">Naistenlinja<\/a><\/span><br \/>\n<span style=\"font-size: 12pt;color: #5d9be8\"><a style=\"color: #5d9be8\" href=\"https:\/\/www.miessakit.fi\/\" target=\"_blank\" rel=\"noopener\">Miessakit ry<\/a><\/span><\/p>\n<p><span style=\"font-size: 14pt;color: #5d9be8\"><strong>Muita sovittelutoimijoita<\/strong><\/span><\/p>\n<p><span style=\"font-size: 12pt;color: #5d9be8\"><a style=\"color: #5d9be8\" title=\"Suomen sovittelufoorumi ry \" href=\"http:\/\/www.ssf-ffm.com\/\" target=\"_blank\" rel=\"noopener noreferrer\">Suomen sovittelufoorumi ry\u00a0<\/a><\/span><br \/>\n<span style=\"font-size: 12pt;color: #5d9be8\"><a style=\"color: #5d9be8\" title=\"Eurooppalainen sovittelufoorumi\" href=\"http:\/\/www.euforumrj.org\/\" target=\"_blank\" rel=\"noopener noreferrer\">Eurooppalainen sovittelufoorumi<\/a><br \/>\n<a style=\"color: #5d9be8\" href=\"https:\/\/thl.fi\/fi\/palvelut-ja-asiointi\/valtion-sosiaali-ja-terveydenhuollon-erityispalvelut\/rikos-ja-riita-asioiden-sovittelu\/yhteystiedot\" target=\"_blank\" rel=\"noopener\">Kaikkien Suomen sovittelutoimistojen yhteystiedot (THL)<\/a><\/span><br \/>\n<span style=\"font-size: 12pt;color: #5d9be8\"><a style=\"color: #5d9be8\" href=\"https:\/\/sovittelutoiminta.hel.fi\/fi\/\" target=\"_blank\" rel=\"noopener\">Helsingin sovittelutoimisto<\/a> (tietoa my\u00f6s monilla eri kielill\u00e4\/ information about Mediation available in different languages)<\/span><\/p>\n<p><span style=\"font-size: 14pt;color: #5d9be8\"><strong>Kirjallisuutta<\/strong><\/span><\/p>\n<p><span style=\"font-size: 12pt;color: #5d9be8\"><a style=\"color: #5d9be8\" href=\"https:\/\/www.julkari.fi\/bitstream\/handle\/10024\/110568\/THL_OPA2013_023_verkko.pdf?sequence=1&amp;isAllowed=y\" target=\"_blank\" rel=\"noopener\">Aune Flinck: Rakennamme sovintoa \u2022 Opas rikosten ja riitojen sovitteluun <\/a><\/span><br \/>\n<span style=\"font-size: 12pt;color: #5d9be8\"><a style=\"color: #5d9be8\" href=\"https:\/\/images.ctfassets.net\/pbxhiiewat8h\/2ikHjfJxGAksT05YbUskxf\/e1f42bdb76fae715b2d163a7610e6c02\/Naisten_Linja_opasl__heisille.pdf\" target=\"_blank\" rel=\"noopener\">Opas v\u00e4kivaltaa kokeneen l\u00e4heiselle (Naistenlinja)<\/a><\/span><\/p>\n<p><span style=\"font-size: 14pt;color: #5d9be8\"><strong>About Mediation\u00a0<\/strong><\/span><\/p>\n<p><span style=\"font-size: 12pt;color: #5d9be8\"><a style=\"color: #5d9be8\" href=\"https:\/\/thl.fi\/en\/web\/thlfi-en\/services\/special-government-services-in-social-welfare-and-health-care\/mediation-in-criminal-and-civil-cases\" target=\"_blank\" rel=\"noopener\">Finnish institute for health and welfare: Mediation in criminal and civil cases<\/a><\/span><\/p>\n<p>&nbsp;<\/p>\n","protected":false},"excerpt":{"rendered":"<p>Virastot ja ministeri\u00f6t Rikos- ja riita-asioiden sovittelu (THL) Tietoa sovittelusta nuorille (THL) Sosiaali- ja terveysministeri\u00f6 Oikeusministeri\u00f6 Poliisi Rikosseuraamuslaitos Tuomioistuinlaitos Syytt\u00e4j\u00e4 Oikeusapu Valtiokonttori Lains\u00e4\u00e4d\u00e4nt\u00f6 ja ohjeet Laki rikosasioiden ja er\u00e4iden riita-asioiden sovittelusta 1015\/2005 Henkil\u00f6vahinkoasiain neuvottelukunnan suositukset Tieto- ja tukipalvelut Rikosuhrip\u00e4ivystys (RIKU) Valtakunnallinen kriisipuhelin ja Chat Tukinet Nuortenlinkki\u00a0 Lasten ja nuorten puhelin ja Chat Vanhempainpuhelin Velkalinja Turvakoti [&hellip;]<\/p>\n","protected":false},"author":1,"featured_media":0,"parent":0,"menu_order":0,"comment_status":"closed","ping_status":"closed","template":"","meta":{"_et_pb_use_builder":"","_et_pb_old_content":"","_et_gb_content_width":"","footnotes":""},"class_list":["post-789","page","type-page","status-publish","hentry"],"yoast_head":"<!-- This site is optimized with the Yoast SEO plugin v27.4 - https:\/\/yoast.com\/product\/yoast-seo-wordpress\/ -->\n<title>Linkit - Kymi-Saimaan sovittelutoimisto<\/title>\n<meta name=\"robots\" content=\"index, follow, max-snippet:-1, max-image-preview:large, max-video-preview:-1\" \/>\n<link rel=\"canonical\" href=\"https:\/\/sovittelu.fi\/kymisaimaa\/linkit\/\" \/>\n<meta property=\"og:locale\" content=\"fi_FI\" \/>\n<meta property=\"og:type\" content=\"article\" \/>\n<meta property=\"og:title\" content=\"Linkit - Kymi-Saimaan sovittelutoimisto\" \/>\n<meta property=\"og:description\" content=\"Virastot ja ministeri\u00f6t Rikos- ja riita-asioiden sovittelu (THL) Tietoa sovittelusta nuorille (THL) Sosiaali- ja terveysministeri\u00f6 Oikeusministeri\u00f6 Poliisi Rikosseuraamuslaitos Tuomioistuinlaitos Syytt\u00e4j\u00e4 Oikeusapu Valtiokonttori Lains\u00e4\u00e4d\u00e4nt\u00f6 ja ohjeet Laki rikosasioiden ja er\u00e4iden riita-asioiden sovittelusta 1015\/2005 Henkil\u00f6vahinkoasiain neuvottelukunnan suositukset Tieto- ja tukipalvelut Rikosuhrip\u00e4ivystys (RIKU) Valtakunnallinen kriisipuhelin ja Chat Tukinet Nuortenlinkki\u00a0 Lasten ja nuorten puhelin ja Chat Vanhempainpuhelin Velkalinja Turvakoti [&hellip;]\" \/>\n<meta property=\"og:url\" content=\"https:\/\/sovittelu.fi\/kymisaimaa\/linkit\/\" \/>\n<meta property=\"og:site_name\" content=\"Kymi-Saimaan sovittelutoimisto\" \/>\n<meta property=\"article:modified_time\" content=\"2022-01-28T10:43:01+00:00\" \/>\n<meta name=\"twitter:card\" content=\"summary_large_image\" \/>\n<meta name=\"twitter:label1\" content=\"Arvioitu lukuaika\" \/>\n\t<meta name=\"twitter:data1\" content=\"1 minuutti\" \/>\n<script type=\"application\/ld+json\" class=\"yoast-schema-graph\">{\"@context\":\"https:\\\/\\\/schema.org\",\"@graph\":[{\"@type\":\"WebPage\",\"@id\":\"https:\\\/\\\/sovittelu.fi\\\/kymisaimaa\\\/linkit\\\/\",\"url\":\"https:\\\/\\\/sovittelu.fi\\\/kymisaimaa\\\/linkit\\\/\",\"name\":\"Linkit - Kymi-Saimaan sovittelutoimisto\",\"isPartOf\":{\"@id\":\"https:\\\/\\\/sovittelu.fi\\\/kymisaimaa\\\/#website\"},\"datePublished\":\"2019-05-11T20:13:45+00:00\",\"dateModified\":\"2022-01-28T10:43:01+00:00\",\"breadcrumb\":{\"@id\":\"https:\\\/\\\/sovittelu.fi\\\/kymisaimaa\\\/linkit\\\/#breadcrumb\"},\"inLanguage\":\"fi\",\"potentialAction\":[{\"@type\":\"ReadAction\",\"target\":[\"https:\\\/\\\/sovittelu.fi\\\/kymisaimaa\\\/linkit\\\/\"]}]},{\"@type\":\"BreadcrumbList\",\"@id\":\"https:\\\/\\\/sovittelu.fi\\\/kymisaimaa\\\/linkit\\\/#breadcrumb\",\"itemListElement\":[{\"@type\":\"ListItem\",\"position\":1,\"name\":\"Home\",\"item\":\"https:\\\/\\\/sovittelu.fi\\\/kymisaimaa\\\/\"},{\"@type\":\"ListItem\",\"position\":2,\"name\":\"Linkit\"}]},{\"@type\":\"WebSite\",\"@id\":\"https:\\\/\\\/sovittelu.fi\\\/kymisaimaa\\\/#website\",\"url\":\"https:\\\/\\\/sovittelu.fi\\\/kymisaimaa\\\/\",\"name\":\"Kymi-Saimaan sovittelutoimisto\",\"description\":\"Kymi-Saimaan sovittelutoimisto\",\"potentialAction\":[{\"@type\":\"SearchAction\",\"target\":{\"@type\":\"EntryPoint\",\"urlTemplate\":\"https:\\\/\\\/sovittelu.fi\\\/kymisaimaa\\\/?s={search_term_string}\"},\"query-input\":{\"@type\":\"PropertyValueSpecification\",\"valueRequired\":true,\"valueName\":\"search_term_string\"}}],\"inLanguage\":\"fi\"}]}<\/script>\n<!-- \/ Yoast SEO plugin. -->","yoast_head_json":{"title":"Linkit - Kymi-Saimaan sovittelutoimisto","robots":{"index":"index","follow":"follow","max-snippet":"max-snippet:-1","max-image-preview":"max-image-preview:large","max-video-preview":"max-video-preview:-1"},"canonical":"https:\/\/sovittelu.fi\/kymisaimaa\/linkit\/","og_locale":"fi_FI","og_type":"article","og_title":"Linkit - Kymi-Saimaan sovittelutoimisto","og_description":"Virastot ja ministeri\u00f6t Rikos- ja riita-asioiden sovittelu (THL) Tietoa sovittelusta nuorille (THL) Sosiaali- ja terveysministeri\u00f6 Oikeusministeri\u00f6 Poliisi Rikosseuraamuslaitos Tuomioistuinlaitos Syytt\u00e4j\u00e4 Oikeusapu Valtiokonttori Lains\u00e4\u00e4d\u00e4nt\u00f6 ja ohjeet Laki rikosasioiden ja er\u00e4iden riita-asioiden sovittelusta 1015\/2005 Henkil\u00f6vahinkoasiain neuvottelukunnan suositukset Tieto- ja tukipalvelut Rikosuhrip\u00e4ivystys (RIKU) Valtakunnallinen kriisipuhelin ja Chat Tukinet Nuortenlinkki\u00a0 Lasten ja nuorten puhelin ja Chat Vanhempainpuhelin Velkalinja Turvakoti [&hellip;]","og_url":"https:\/\/sovittelu.fi\/kymisaimaa\/linkit\/","og_site_name":"Kymi-Saimaan sovittelutoimisto","article_modified_time":"2022-01-28T10:43:01+00:00","twitter_card":"summary_large_image","twitter_misc":{"Arvioitu lukuaika":"1 minuutti"},"schema":{"@context":"https:\/\/schema.org","@graph":[{"@type":"WebPage","@id":"https:\/\/sovittelu.fi\/kymisaimaa\/linkit\/","url":"https:\/\/sovittelu.fi\/kymisaimaa\/linkit\/","name":"Linkit - Kymi-Saimaan sovittelutoimisto","isPartOf":{"@id":"https:\/\/sovittelu.fi\/kymisaimaa\/#website"},"datePublished":"2019-05-11T20:13:45+00:00","dateModified":"2022-01-28T10:43:01+00:00","breadcrumb":{"@id":"https:\/\/sovittelu.fi\/kymisaimaa\/linkit\/#breadcrumb"},"inLanguage":"fi","potentialAction":[{"@type":"ReadAction","target":["https:\/\/sovittelu.fi\/kymisaimaa\/linkit\/"]}]},{"@type":"BreadcrumbList","@id":"https:\/\/sovittelu.fi\/kymisaimaa\/linkit\/#breadcrumb","itemListElement":[{"@type":"ListItem","position":1,"name":"Home","item":"https:\/\/sovittelu.fi\/kymisaimaa\/"},{"@type":"ListItem","position":2,"name":"Linkit"}]},{"@type":"WebSite","@id":"https:\/\/sovittelu.fi\/kymisaimaa\/#website","url":"https:\/\/sovittelu.fi\/kymisaimaa\/","name":"Kymi-Saimaan sovittelutoimisto","description":"Kymi-Saimaan sovittelutoimisto","potentialAction":[{"@type":"SearchAction","target":{"@type":"EntryPoint","urlTemplate":"https:\/\/sovittelu.fi\/kymisaimaa\/?s={search_term_string}"},"query-input":{"@type":"PropertyValueSpecification","valueRequired":true,"valueName":"search_term_string"}}],"inLanguage":"fi"}]}},"_links":{"self":[{"href":"https:\/\/sovittelu.fi\/kymisaimaa\/wp-json\/wp\/v2\/pages\/789","targetHints":{"allow":["GET"]}}],"collection":[{"href":"https:\/\/sovittelu.fi\/kymisaimaa\/wp-json\/wp\/v2\/pages"}],"about":[{"href":"https:\/\/sovittelu.fi\/kymisaimaa\/wp-json\/wp\/v2\/types\/page"}],"author":[{"embeddable":true,"href":"https:\/\/sovittelu.fi\/kymisaimaa\/wp-json\/wp\/v2\/users\/1"}],"replies":[{"embeddable":true,"href":"https:\/\/sovittelu.fi\/kymisaimaa\/wp-json\/wp\/v2\/comments?post=789"}],"version-history":[{"count":4,"href":"https:\/\/sovittelu.fi\/kymisaimaa\/wp-json\/wp\/v2\/pages\/789\/revisions"}],"predecessor-version":[{"id":5774,"href":"https:\/\/sovittelu.fi\/kymisaimaa\/wp-json\/wp\/v2\/pages\/789\/revisions\/5774"}],"wp:attachment":[{"href":"https:\/\/sovittelu.fi\/kymisaimaa\/wp-json\/wp\/v2\/media?parent=789"}],"curies":[{"name":"wp","href":"https:\/\/api.w.org\/{rel}","templated":true}]}}