{"id":724,"date":"2019-05-08T20:37:52","date_gmt":"2019-05-08T17:37:52","guid":{"rendered":"https:\/\/sovittelu.fi\/kymisaimaa\/?page_id=724"},"modified":"2025-08-12T15:31:59","modified_gmt":"2025-08-12T12:31:59","slug":"peruskurssi-info","status":"publish","type":"page","link":"https:\/\/sovittelu.fi\/kymisaimaa\/peruskurssi-info\/","title":{"rendered":"Peruskurssi info"},"content":{"rendered":"<p>[et_pb_section fb_built=&#8221;1&#8243; fullwidth=&#8221;on&#8221; _builder_version=&#8221;4.16&#8243; global_colors_info=&#8221;{}&#8221;][et_pb_fullwidth_header title=&#8221;Peruskoulutus info&#8221; admin_label=&#8221;Peruskurssi info&#8221; _builder_version=&#8221;4.16&#8243; background_color=&#8221;#458fcc&#8221; z_index_tablet=&#8221;500&#8243; global_colors_info=&#8221;{}&#8221;][\/et_pb_fullwidth_header][\/et_pb_section][et_pb_section fb_built=&#8221;1&#8243; _builder_version=&#8221;4.16&#8243; global_colors_info=&#8221;{}&#8221;][et_pb_row column_structure=&#8221;1_2,1_2&#8243; make_equal=&#8221;on&#8221; _builder_version=&#8221;4.16&#8243; z_index_tablet=&#8221;500&#8243; border_radii=&#8221;|0px|0px|10px|10px&#8221; global_colors_info=&#8221;{}&#8221;][et_pb_column type=&#8221;1_2&#8243; _builder_version=&#8221;4.16&#8243; custom_padding=&#8221;|10px||10px&#8221; custom_css_main_element=&#8221;border-width:1px;||border-style: solid;||border-color: #e6e6e6;||border-radius:10px;&#8221; global_colors_info=&#8221;{}&#8221; custom_padding__hover=&#8221;|||&#8221;][et_pb_text admin_label=&#8221;RIKOSTEN JA RIITOJEN SOVITTELUN PERUSKURSSI&#8221; _builder_version=&#8221;4.16&#8243; text_font_size=&#8221;24px&#8221; background_color=&#8221;#458fcc&#8221; background_layout=&#8221;dark&#8221; custom_margin=&#8221;|-10px||-10px&#8221; custom_padding=&#8221;20px|20px|20px|20px&#8221; z_index_tablet=&#8221;500&#8243; border_radii=&#8221;|10px|10px|0px|0px&#8221; box_shadow_horizontal_tablet=&#8221;0px&#8221; box_shadow_vertical_tablet=&#8221;0px&#8221; box_shadow_blur_tablet=&#8221;40px&#8221; box_shadow_spread_tablet=&#8221;0px&#8221; global_colors_info=&#8221;{}&#8221;]VAPAAEHTOISSOVITTELIJAN PERUSKOULUTUS<br \/>\n[\/et_pb_text][et_pb_text _builder_version=&#8221;4.24.0&#8243; z_index_tablet=&#8221;500&#8243; box_shadow_horizontal_tablet=&#8221;0px&#8221; box_shadow_vertical_tablet=&#8221;0px&#8221; box_shadow_blur_tablet=&#8221;40px&#8221; box_shadow_spread_tablet=&#8221;0px&#8221; global_colors_info=&#8221;{}&#8221;]<\/p>\n<h4><strong><span style=\"color: #5191cd\">Kohderyhm\u00e4<\/span><\/strong><\/h4>\n<p><span style=\"font-size: 12pt\">Rikosten ja riitojen sovitteluteht\u00e4vist\u00e4 kiinnostuneet t\u00e4ysi-ik\u00e4iset henkil\u00f6t. Koulutukseen valitaan haastattelujen perusteella. Koulutuksen tavoitteena on antaa valmiudet toimia sovittelulain 1015\/2005 mukaisesti vapaaehtoisena sovittelijana rikos- ja riita-asioissa sovittelutoimiston ohjauksessa.<\/span><\/p>\n<p><span style=\"font-size: 12pt\">Sovittelijana voi sovittelulain 10 \u00a7:n mukaan toimia henkil\u00f6, joka on suorittanut sovittelutoimintaan perehdytt\u00e4v\u00e4n koulutusjakson, ja jolla muutoin on sellainen koulutus, taito ja kokemus, jota teht\u00e4v\u00e4n asianmukainen hoitaminen edellytt\u00e4\u00e4. Vapaaehtoiset sitoutuvat osallistumaan jatkokoulutuksiin ja ty\u00f6nohjaukseen.<\/span><\/p>\n<h4><strong><span style=\"color: #5191cd\">Sis\u00e4lt\u00f6 ja toteutus<\/span><\/strong><\/h4>\n<p><span style=\"font-size: 12pt\">Koulutus toteutetaan 54 tunnin mittaisena (sis. harjoittelun). Koulutukseen sis\u00e4ltyy oheiskirjallisuuteen tutustumista ja oheisteht\u00e4vi\u00e4. Koulutuksen aikana opiskelijalla on ohjauksellinen tuki tavoitteiden saavuttamiseksi. Koulutuksen j\u00e4lkeen k\u00e4ynnistyy perehdytys, joka sis\u00e4lt\u00e4\u00e4 observointia ja tutustumisk\u00e4yntej\u00e4.<\/span><\/p>\n<h4><strong><span style=\"color: #5191cd\">Oheiskirjallisuus<\/span><\/strong><\/h4>\n<p><span style=\"font-size: 12pt\">Sovittelulaki 1015\/2005.<\/span><br \/><span style=\"font-size: 12pt\">Aune Flinck: Rakennamme sovintoa, THL, 2013<br \/>Opasta p\u00e4\u00e4set lukemaan\u00a0<a href=\"https:\/\/www.julkari.fi\/bitstream\/handle\/10024\/110568\/THL_OPA2013_023_verkko.pdf?sequence=1&amp;isAllowed=y\">t\u00e4st\u00e4.<\/a><\/span><\/p>\n<h4><strong><span style=\"color: #5191cd\">Koulutukseen hakeminen ja lis\u00e4tietoja<\/span><\/strong><\/h4>\n<h4><span style=\"color: #666666;font-size: 16px\"><strong>Jatkuva haku!<\/strong> Koulutuksia j\u00e4rjestet\u00e4\u00e4n noin kahden vuoden v\u00e4lein.\u00a0 Hakea voit oheisella vieress\u00e4 olevalla s\u00e4hk\u00f6isell\u00e4 hakemuksella tai laittamalla suoraan alueen ohjaajalle hakemuksen s\u00e4hk\u00f6postilla.\u00a0 Alueen ohjaaja ottaa sinuun yhteytt\u00e4 hakemuksen saatuaan.<\/span><\/h4>\n<p><span style=\"font-size: 12pt\">Lis\u00e4tietoja hakemisesta\u00a0 ja aikataulusta saat <\/span><span style=\"font-size: 12pt\">sovitteluohjaajilta\u00a0<\/span><\/p>\n<p>Soile Heikkinen, 040 590 4778, Kymenlaakso<br \/>Anne Antila, 040 591 1718, Kymenlaakso<br \/>Anssi Luokkala, 040 590 2887,\u00a0 Etel\u00e4-Karjala<br \/>Tiina Harvistola, 040 596 5750, Etel\u00e4-Karjala\u00a0<br \/>Perttu M\u00e4\u00e4tt\u00e4, 040 594 6511, Mikkeli, Varkaus<br \/>Annastina Lepist\u00f6,\u00a0<span class=\"JsGRdQ\">040 591 0115, Mikkeli, Savonlinna<br \/>Anne Hoffren, 0400 596 388, Varkaus<\/span><\/p>\n<p>etunimi.sukunimi@sovittelu.fi<\/p>\n<p>Koko alueen yhteiss\u00e4hk\u00f6posti <a href=\"mailto:kymi-saimaa@sovittelu.fi\">kymi-saimaa@sovittelu.fi<\/a><\/p>\n<p><span style=\"font-size: 12pt\"><strong>Lis\u00e4tietoja sovittelusta:<\/strong><\/span><br \/><span style=\"font-size: 12pt\"><a href=\"http:\/\/www.thl.fi\/sovittelu\">www.thl.fi\/sovittelu<\/a><\/span><\/p>\n<p>&nbsp;<\/p>\n<p>[\/et_pb_text][\/et_pb_column][et_pb_column type=&#8221;1_2&#8243; _builder_version=&#8221;4.16&#8243; custom_padding=&#8221;|10px||10px&#8221; custom_css_main_element=&#8221;border-width:1px;||border-style: solid;||border-color: #e6e6e6;||border-radius:10px;&#8221; global_colors_info=&#8221;{}&#8221; custom_padding__hover=&#8221;|||&#8221;][et_pb_text admin_label=&#8221;HAKEMUSLOMAKE&#8221; _builder_version=&#8221;4.16&#8243; text_font_size=&#8221;24px&#8221; background_color=&#8221;#458fcc&#8221; background_layout=&#8221;dark&#8221; custom_margin=&#8221;|-10px||-10px&#8221; custom_padding=&#8221;20px|20px|20px|20px&#8221; z_index_tablet=&#8221;500&#8243; border_radii=&#8221;|10px|10px|0px|0px&#8221; global_colors_info=&#8221;{}&#8221;]HAKEMUSLOMAKE<br \/>\n[\/et_pb_text][et_pb_contact_form email=&#8221;kymi-saimaa@sovittelu.fi&#8221; title=&#8221;Hae sovittelijaksi&#8221; custom_message=&#8221;Hakemus sovittelijaksi||et_pb_line_break_holder||||et_pb_line_break_holder||Nimi: %%Nimi%%||et_pb_line_break_holder||Syntym\u00e4aika: %%Syntymaaika%%||et_pb_line_break_holder||Osoite: %%Osoite%%||et_pb_line_break_holder||Paikkakunta: %%Paikkakunta%%||et_pb_line_break_holder||Puhelinnumero: %%Puhelinnumero%%||et_pb_line_break_holder||S\u00e4hk\u00f6posti: %%Email%%||et_pb_line_break_holder||Ammatti\/ Ty\u00f6 tai opiskelupaikka: %%Ammatti%%||et_pb_line_break_holder||Koulutus\/Ty\u00f6kokemus: %%Koulutus\/tyokokemus%%||et_pb_line_break_holder||Harrastukset ja muu vapaaehtoisty\u00f6: %%Harrastukset%%||et_pb_line_break_holder||Miksi olisin hyv\u00e4 sovittelija? : %%Miksi%%&#8221; success_message=&#8221;Hakemuksen l\u00e4hetys onnistui&#8221; submit_button_text=&#8221;L\u00e4het\u00e4 hakemus&#8221; _builder_version=&#8221;4.18.1&#8243; _unique_id=&#8221;2628797b-5d34-471c-84a2-ed7e04db426c&#8221; custom_button=&#8221;on&#8221; button_bg_color=&#8221;#458fcc&#8221; z_index_tablet=&#8221;500&#8243; global_colors_info=&#8221;{}&#8221;][et_pb_contact_field field_id=&#8221;Nimi&#8221; field_title=&#8221;Nimi&#8221; _builder_version=&#8221;4.16&#8243; global_colors_info=&#8221;{}&#8221;][\/et_pb_contact_field][et_pb_contact_field field_id=&#8221;Syntymaaika&#8221; field_title=&#8221;Syntym\u00e4aika&#8221; _builder_version=&#8221;4.16&#8243; global_colors_info=&#8221;{}&#8221;][\/et_pb_contact_field][et_pb_contact_field field_id=&#8221;Osoite&#8221; field_title=&#8221;Osoite&#8221; _builder_version=&#8221;4.16&#8243; global_colors_info=&#8221;{}&#8221;][\/et_pb_contact_field][et_pb_contact_field field_id=&#8221;Paikkakunta&#8221; field_title=&#8221;Paikkakunta&#8221; _builder_version=&#8221;4.18.1&#8243; global_colors_info=&#8221;{}&#8221;][\/et_pb_contact_field][et_pb_contact_field field_id=&#8221;Puhelinnumero&#8221; field_title=&#8221;Puhelinnumero&#8221; _builder_version=&#8221;4.16&#8243; global_colors_info=&#8221;{}&#8221;][\/et_pb_contact_field][et_pb_contact_field field_id=&#8221;Email&#8221; field_title=&#8221;S\u00e4hk\u00f6postiosoite&#8221; field_type=&#8221;email&#8221; _builder_version=&#8221;4.16&#8243; global_colors_info=&#8221;{}&#8221;][\/et_pb_contact_field][et_pb_contact_field field_id=&#8221;Ammatti&#8221; field_title=&#8221;Ammatti \/ ty\u00f6- tai opiskelupaikka&#8221; fullwidth_field=&#8221;on&#8221; _builder_version=&#8221;4.16&#8243; global_colors_info=&#8221;{}&#8221;][\/et_pb_contact_field][et_pb_contact_field field_id=&#8221;Koulutus\/tyokokemus&#8221; field_title=&#8221;Koulutus \/ ty\u00f6kokemus&#8221; field_type=&#8221;text&#8221; fullwidth_field=&#8221;on&#8221; _builder_version=&#8221;4.16&#8243; global_colors_info=&#8221;{}&#8221;][\/et_pb_contact_field][et_pb_contact_field field_id=&#8221;Harrastukset&#8221; field_title=&#8221;Harrastukset \/ muu vapaaehtoisty\u00f6&#8221; field_type=&#8221;text&#8221; fullwidth_field=&#8221;on&#8221; _builder_version=&#8221;4.16&#8243; global_colors_info=&#8221;{}&#8221;][\/et_pb_contact_field][et_pb_contact_field field_id=&#8221;Miksi&#8221; field_title=&#8221;Miksi olisin hyv\u00e4 sovittelija?&#8221; field_type=&#8221;text&#8221; fullwidth_field=&#8221;on&#8221; _builder_version=&#8221;4.16&#8243; global_colors_info=&#8221;{}&#8221;][\/et_pb_contact_field][\/et_pb_contact_form][\/et_pb_column][\/et_pb_row][et_pb_row _builder_version=&#8221;4.24.0&#8243; _module_preset=&#8221;default&#8221; global_colors_info=&#8221;{}&#8221;][et_pb_column type=&#8221;4_4&#8243; _builder_version=&#8221;4.24.0&#8243; _module_preset=&#8221;default&#8221; global_colors_info=&#8221;{}&#8221;][et_pb_video_slider _builder_version=&#8221;4.24.0&#8243; _module_preset=&#8221;default&#8221; global_colors_info=&#8221;{}&#8221;][et_pb_video_slider_item src=&#8221;https:\/\/www.youtube.com\/watch?v=kjwD2VVlCIo&#8221; src_webm=&#8221;https:\/\/www.youtube.com\/watch?v=gMuEICtIPBw&#8221; _builder_version=&#8221;4.24.0&#8243; _module_preset=&#8221;default&#8221; global_colors_info=&#8221;{}&#8221; show_image_overlay=&#8221;off&#8221;][\/et_pb_video_slider_item][et_pb_video_slider_item src=&#8221;https:\/\/www.youtube.com\/watch?v=gMuEICtIPBw&#8221; src_webm=&#8221;https:\/\/www.youtube.com\/watch?v=kjwD2VVlCIo&#8221; _builder_version=&#8221;4.24.0&#8243; _module_preset=&#8221;default&#8221; global_colors_info=&#8221;{}&#8221; show_image_overlay=&#8221;off&#8221;][\/et_pb_video_slider_item][et_pb_video_slider_item src=&#8221;https:\/\/www.youtube.com\/watch?v=g1LG7hmytkc&#8221; src_webm=&#8221;https:\/\/www.youtube.com\/watch?v=S02Vg4iivZg&#8221; _builder_version=&#8221;4.24.0&#8243; _module_preset=&#8221;default&#8221; global_colors_info=&#8221;{}&#8221; show_image_overlay=&#8221;off&#8221;][\/et_pb_video_slider_item][et_pb_video_slider_item src=&#8221;https:\/\/www.youtube.com\/watch?v=A2LmIwaBUo0&#8243; _builder_version=&#8221;4.24.0&#8243; _module_preset=&#8221;default&#8221; global_colors_info=&#8221;{}&#8221; show_image_overlay=&#8221;off&#8221;][\/et_pb_video_slider_item][\/et_pb_video_slider][\/et_pb_column][\/et_pb_row][\/et_pb_section]<\/p>\n","protected":false},"excerpt":{"rendered":"<p>VAPAAEHTOISSOVITTELIJAN PERUSKOULUTUS Kohderyhm\u00e4 Rikosten ja riitojen sovitteluteht\u00e4vist\u00e4 kiinnostuneet t\u00e4ysi-ik\u00e4iset henkil\u00f6t. Koulutukseen valitaan haastattelujen perusteella. Koulutuksen tavoitteena on antaa valmiudet toimia sovittelulain 1015\/2005 mukaisesti vapaaehtoisena sovittelijana rikos- ja riita-asioissa sovittelutoimiston ohjauksessa. Sovittelijana voi sovittelulain 10 \u00a7:n mukaan toimia henkil\u00f6, joka on suorittanut sovittelutoimintaan perehdytt\u00e4v\u00e4n koulutusjakson, ja jolla muutoin on sellainen koulutus, taito ja kokemus, jota teht\u00e4v\u00e4n [&hellip;]<\/p>\n","protected":false},"author":1,"featured_media":0,"parent":0,"menu_order":0,"comment_status":"closed","ping_status":"closed","template":"","meta":{"_et_pb_use_builder":"on","_et_pb_old_content":"","_et_gb_content_width":"","footnotes":""},"class_list":["post-724","page","type-page","status-publish","hentry"],"yoast_head":"<!-- This site is optimized with the Yoast SEO plugin v27.4 - https:\/\/yoast.com\/product\/yoast-seo-wordpress\/ -->\n<title>Peruskurssi info - Kymi-Saimaan sovittelutoimisto<\/title>\n<meta name=\"robots\" content=\"index, follow, max-snippet:-1, max-image-preview:large, max-video-preview:-1\" \/>\n<link rel=\"canonical\" href=\"https:\/\/sovittelu.fi\/kymisaimaa\/peruskurssi-info\/\" \/>\n<meta property=\"og:locale\" content=\"fi_FI\" \/>\n<meta property=\"og:type\" content=\"article\" \/>\n<meta property=\"og:title\" content=\"Peruskurssi info - Kymi-Saimaan sovittelutoimisto\" \/>\n<meta property=\"og:description\" content=\"VAPAAEHTOISSOVITTELIJAN PERUSKOULUTUS Kohderyhm\u00e4 Rikosten ja riitojen sovitteluteht\u00e4vist\u00e4 kiinnostuneet t\u00e4ysi-ik\u00e4iset henkil\u00f6t. Koulutukseen valitaan haastattelujen perusteella. Koulutuksen tavoitteena on antaa valmiudet toimia sovittelulain 1015\/2005 mukaisesti vapaaehtoisena sovittelijana rikos- ja riita-asioissa sovittelutoimiston ohjauksessa. Sovittelijana voi sovittelulain 10 \u00a7:n mukaan toimia henkil\u00f6, joka on suorittanut sovittelutoimintaan perehdytt\u00e4v\u00e4n koulutusjakson, ja jolla muutoin on sellainen koulutus, taito ja kokemus, jota teht\u00e4v\u00e4n [&hellip;]\" \/>\n<meta property=\"og:url\" content=\"https:\/\/sovittelu.fi\/kymisaimaa\/peruskurssi-info\/\" \/>\n<meta property=\"og:site_name\" content=\"Kymi-Saimaan sovittelutoimisto\" \/>\n<meta property=\"article:modified_time\" content=\"2025-08-12T12:31:59+00:00\" \/>\n<meta name=\"twitter:card\" content=\"summary_large_image\" \/>\n<meta name=\"twitter:label1\" content=\"Arvioitu lukuaika\" \/>\n\t<meta name=\"twitter:data1\" content=\"2 minuuttia\" \/>\n<script type=\"application\/ld+json\" class=\"yoast-schema-graph\">{\"@context\":\"https:\\\/\\\/schema.org\",\"@graph\":[{\"@type\":\"WebPage\",\"@id\":\"https:\\\/\\\/sovittelu.fi\\\/kymisaimaa\\\/peruskurssi-info\\\/\",\"url\":\"https:\\\/\\\/sovittelu.fi\\\/kymisaimaa\\\/peruskurssi-info\\\/\",\"name\":\"Peruskurssi info - Kymi-Saimaan sovittelutoimisto\",\"isPartOf\":{\"@id\":\"https:\\\/\\\/sovittelu.fi\\\/kymisaimaa\\\/#website\"},\"datePublished\":\"2019-05-08T17:37:52+00:00\",\"dateModified\":\"2025-08-12T12:31:59+00:00\",\"breadcrumb\":{\"@id\":\"https:\\\/\\\/sovittelu.fi\\\/kymisaimaa\\\/peruskurssi-info\\\/#breadcrumb\"},\"inLanguage\":\"fi\",\"potentialAction\":[{\"@type\":\"ReadAction\",\"target\":[\"https:\\\/\\\/sovittelu.fi\\\/kymisaimaa\\\/peruskurssi-info\\\/\"]}]},{\"@type\":\"BreadcrumbList\",\"@id\":\"https:\\\/\\\/sovittelu.fi\\\/kymisaimaa\\\/peruskurssi-info\\\/#breadcrumb\",\"itemListElement\":[{\"@type\":\"ListItem\",\"position\":1,\"name\":\"Home\",\"item\":\"https:\\\/\\\/sovittelu.fi\\\/kymisaimaa\\\/\"},{\"@type\":\"ListItem\",\"position\":2,\"name\":\"Peruskurssi info\"}]},{\"@type\":\"WebSite\",\"@id\":\"https:\\\/\\\/sovittelu.fi\\\/kymisaimaa\\\/#website\",\"url\":\"https:\\\/\\\/sovittelu.fi\\\/kymisaimaa\\\/\",\"name\":\"Kymi-Saimaan sovittelutoimisto\",\"description\":\"Kymi-Saimaan sovittelutoimisto\",\"potentialAction\":[{\"@type\":\"SearchAction\",\"target\":{\"@type\":\"EntryPoint\",\"urlTemplate\":\"https:\\\/\\\/sovittelu.fi\\\/kymisaimaa\\\/?s={search_term_string}\"},\"query-input\":{\"@type\":\"PropertyValueSpecification\",\"valueRequired\":true,\"valueName\":\"search_term_string\"}}],\"inLanguage\":\"fi\"}]}<\/script>\n<!-- \/ Yoast SEO plugin. -->","yoast_head_json":{"title":"Peruskurssi info - Kymi-Saimaan sovittelutoimisto","robots":{"index":"index","follow":"follow","max-snippet":"max-snippet:-1","max-image-preview":"max-image-preview:large","max-video-preview":"max-video-preview:-1"},"canonical":"https:\/\/sovittelu.fi\/kymisaimaa\/peruskurssi-info\/","og_locale":"fi_FI","og_type":"article","og_title":"Peruskurssi info - Kymi-Saimaan sovittelutoimisto","og_description":"VAPAAEHTOISSOVITTELIJAN PERUSKOULUTUS Kohderyhm\u00e4 Rikosten ja riitojen sovitteluteht\u00e4vist\u00e4 kiinnostuneet t\u00e4ysi-ik\u00e4iset henkil\u00f6t. Koulutukseen valitaan haastattelujen perusteella. Koulutuksen tavoitteena on antaa valmiudet toimia sovittelulain 1015\/2005 mukaisesti vapaaehtoisena sovittelijana rikos- ja riita-asioissa sovittelutoimiston ohjauksessa. Sovittelijana voi sovittelulain 10 \u00a7:n mukaan toimia henkil\u00f6, joka on suorittanut sovittelutoimintaan perehdytt\u00e4v\u00e4n koulutusjakson, ja jolla muutoin on sellainen koulutus, taito ja kokemus, jota teht\u00e4v\u00e4n [&hellip;]","og_url":"https:\/\/sovittelu.fi\/kymisaimaa\/peruskurssi-info\/","og_site_name":"Kymi-Saimaan sovittelutoimisto","article_modified_time":"2025-08-12T12:31:59+00:00","twitter_card":"summary_large_image","twitter_misc":{"Arvioitu lukuaika":"2 minuuttia"},"schema":{"@context":"https:\/\/schema.org","@graph":[{"@type":"WebPage","@id":"https:\/\/sovittelu.fi\/kymisaimaa\/peruskurssi-info\/","url":"https:\/\/sovittelu.fi\/kymisaimaa\/peruskurssi-info\/","name":"Peruskurssi info - Kymi-Saimaan sovittelutoimisto","isPartOf":{"@id":"https:\/\/sovittelu.fi\/kymisaimaa\/#website"},"datePublished":"2019-05-08T17:37:52+00:00","dateModified":"2025-08-12T12:31:59+00:00","breadcrumb":{"@id":"https:\/\/sovittelu.fi\/kymisaimaa\/peruskurssi-info\/#breadcrumb"},"inLanguage":"fi","potentialAction":[{"@type":"ReadAction","target":["https:\/\/sovittelu.fi\/kymisaimaa\/peruskurssi-info\/"]}]},{"@type":"BreadcrumbList","@id":"https:\/\/sovittelu.fi\/kymisaimaa\/peruskurssi-info\/#breadcrumb","itemListElement":[{"@type":"ListItem","position":1,"name":"Home","item":"https:\/\/sovittelu.fi\/kymisaimaa\/"},{"@type":"ListItem","position":2,"name":"Peruskurssi info"}]},{"@type":"WebSite","@id":"https:\/\/sovittelu.fi\/kymisaimaa\/#website","url":"https:\/\/sovittelu.fi\/kymisaimaa\/","name":"Kymi-Saimaan sovittelutoimisto","description":"Kymi-Saimaan sovittelutoimisto","potentialAction":[{"@type":"SearchAction","target":{"@type":"EntryPoint","urlTemplate":"https:\/\/sovittelu.fi\/kymisaimaa\/?s={search_term_string}"},"query-input":{"@type":"PropertyValueSpecification","valueRequired":true,"valueName":"search_term_string"}}],"inLanguage":"fi"}]}},"_links":{"self":[{"href":"https:\/\/sovittelu.fi\/kymisaimaa\/wp-json\/wp\/v2\/pages\/724","targetHints":{"allow":["GET"]}}],"collection":[{"href":"https:\/\/sovittelu.fi\/kymisaimaa\/wp-json\/wp\/v2\/pages"}],"about":[{"href":"https:\/\/sovittelu.fi\/kymisaimaa\/wp-json\/wp\/v2\/types\/page"}],"author":[{"embeddable":true,"href":"https:\/\/sovittelu.fi\/kymisaimaa\/wp-json\/wp\/v2\/users\/1"}],"replies":[{"embeddable":true,"href":"https:\/\/sovittelu.fi\/kymisaimaa\/wp-json\/wp\/v2\/comments?post=724"}],"version-history":[{"count":14,"href":"https:\/\/sovittelu.fi\/kymisaimaa\/wp-json\/wp\/v2\/pages\/724\/revisions"}],"predecessor-version":[{"id":11629,"href":"https:\/\/sovittelu.fi\/kymisaimaa\/wp-json\/wp\/v2\/pages\/724\/revisions\/11629"}],"wp:attachment":[{"href":"https:\/\/sovittelu.fi\/kymisaimaa\/wp-json\/wp\/v2\/media?parent=724"}],"curies":[{"name":"wp","href":"https:\/\/api.w.org\/{rel}","templated":true}]}}