{"id":5582,"date":"2022-01-12T13:16:49","date_gmt":"2022-01-12T10:16:49","guid":{"rendered":"https:\/\/sovittelu.fi\/kymisaimaa\/?page_id=5582"},"modified":"2022-01-12T14:08:11","modified_gmt":"2022-01-12T11:08:11","slug":"sovitteluryjasenyys","status":"publish","type":"page","link":"https:\/\/sovittelu.fi\/kymisaimaa\/sovitteluryjasenyys\/","title":{"rendered":"Sovittelu ry:n j\u00e4senyys"},"content":{"rendered":"<p>[et_pb_section fb_built=&#8221;1&#8243; fullwidth=&#8221;on&#8221; _builder_version=&#8221;3.22&#8243; global_colors_info=&#8221;{}&#8221;][et_pb_fullwidth_header title=&#8221;Sovittelu ry:n j\u00e4senyys&#8221; admin_label=&#8221;Peruskurssi info&#8221; _builder_version=&#8221;4.14.2&#8243; background_color=&#8221;#458fcc&#8221; z_index_tablet=&#8221;500&#8243; global_colors_info=&#8221;{}&#8221;][\/et_pb_fullwidth_header][\/et_pb_section][et_pb_section fb_built=&#8221;1&#8243; _builder_version=&#8221;3.22&#8243; global_colors_info=&#8221;{}&#8221;][et_pb_row column_structure=&#8221;1_2,1_2&#8243; make_equal=&#8221;on&#8221; _builder_version=&#8221;3.25&#8243; z_index_tablet=&#8221;500&#8243; border_radii=&#8221;|0px|0px|10px|10px&#8221; global_colors_info=&#8221;{}&#8221;][et_pb_column type=&#8221;1_2&#8243; _builder_version=&#8221;3.0.47&#8243; custom_padding=&#8221;|10px||10px&#8221; custom_css_main_element=&#8221;border-width:1px;||border-style: solid;||border-color: #e6e6e6;||border-radius:10px;&#8221; global_colors_info=&#8221;{}&#8221; custom_padding__hover=&#8221;|||&#8221;][et_pb_text admin_label=&#8221;RIKOSTEN JA RIITOJEN SOVITTELUN PERUSKURSSI&#8221; _builder_version=&#8221;4.14.2&#8243; text_font_size=&#8221;24px&#8221; background_color=&#8221;#458fcc&#8221; background_layout=&#8221;dark&#8221; custom_margin=&#8221;|-10px||-10px&#8221; custom_padding=&#8221;20px|20px|20px|20px&#8221; z_index_tablet=&#8221;500&#8243; border_radii=&#8221;|10px|10px|0px|0px&#8221; box_shadow_horizontal_tablet=&#8221;0px&#8221; box_shadow_vertical_tablet=&#8221;0px&#8221; box_shadow_blur_tablet=&#8221;40px&#8221; box_shadow_spread_tablet=&#8221;0px&#8221; global_colors_info=&#8221;{}&#8221;]<\/p>\n<p>SOVITTELU RY<\/p>\n<p>[\/et_pb_text][et_pb_text _builder_version=&#8221;4.14.2&#8243; z_index_tablet=&#8221;500&#8243; box_shadow_horizontal_tablet=&#8221;0px&#8221; box_shadow_vertical_tablet=&#8221;0px&#8221; box_shadow_blur_tablet=&#8221;40px&#8221; box_shadow_spread_tablet=&#8221;0px&#8221; global_colors_info=&#8221;{}&#8221;]<\/p>\n<p>Sovittelu ry on perustettu 1990 ja sen tarkoituksena on kansalaisten sosiaaliseen vastuuseen perustuen edist\u00e4\u00e4 ja yll\u00e4pit\u00e4\u00e4 yksityisen henkil\u00f6n, perheen sek\u00e4 yhteis\u00f6n sosiaalista turvallisuutta ja toimintakyky\u00e4.<\/p>\n<p>Sovittelu ry tuottaa sovittelupalvelua nimell\u00e4 Kymi-Saimaan sovittelutoimisto.<\/p>\n<p>Sovittelu ry lis\u00e4\u00e4 sinut j\u00e4senekseen ainaisj\u00e4senmaksun\u00a0 maksettuasi. Ainaisj\u00e4senmaksu on 6 \u20ac ja sen voi suorittaa Sovittelu ry:n tilille: FI24 2042 1800 0009 80<\/p>\n<p>&nbsp;<\/p>\n<p><a href=\"https:\/\/sovittelu.fi\/kymisaimaa\/wp-content\/uploads\/sites\/4\/2021\/05\/Sovittelu-ry-saannot-2018-FINAL.doc\" rel=\"attachment wp-att-4322\">Sovittelu ry:n s\u00e4\u00e4nn\u00f6t<\/a><\/p>\n<p>&nbsp;<\/p>\n<p>[\/et_pb_text][\/et_pb_column][et_pb_column type=&#8221;1_2&#8243; _builder_version=&#8221;3.0.47&#8243; custom_padding=&#8221;|10px||10px&#8221; custom_css_main_element=&#8221;border-width:1px;||border-style: solid;||border-color: #e6e6e6;||border-radius:10px;&#8221; global_colors_info=&#8221;{}&#8221; custom_padding__hover=&#8221;|||&#8221;][et_pb_text admin_label=&#8221;HAKEMUSLOMAKE&#8221; _builder_version=&#8221;4.14.2&#8243; text_font_size=&#8221;24px&#8221; background_color=&#8221;#458fcc&#8221; background_layout=&#8221;dark&#8221; custom_margin=&#8221;|-10px||-10px&#8221; custom_padding=&#8221;20px|20px|20px|20px&#8221; z_index_tablet=&#8221;500&#8243; border_radii=&#8221;|10px|10px|0px|0px&#8221; global_colors_info=&#8221;{}&#8221;]<\/p>\n<p>J\u00c4SENLOMAKE<\/p>\n<p>[\/et_pb_text][et_pb_text _builder_version=&#8221;4.14.2&#8243; z_index_tablet=&#8221;500&#8243; box_shadow_horizontal_tablet=&#8221;0px&#8221; box_shadow_vertical_tablet=&#8221;0px&#8221; box_shadow_blur_tablet=&#8221;40px&#8221; box_shadow_spread_tablet=&#8221;0px&#8221; global_colors_info=&#8221;{}&#8221;]<\/p>\n<p><span>Alla olevalla lomakkeella voit antaa tarvittavat tiedot Sovittelu ry:lle\u00a0 s\u00e4hk\u00f6isesti.\u00a0<\/span><strong>Huom! Lomake siirt\u00e4\u00e4 tietosi Kymi-Saimaan s\u00e4hk\u00f6postiin tavallisena s\u00e4hk\u00f6postina (ei salattuna).<\/strong><span>\u00a0Halutessasi voit antaa tiedot my\u00f6s paperilomakkeella toimistolla.<\/span><\/p>\n<p>&nbsp;<\/p>\n<p>[\/et_pb_text][et_pb_contact_form email=&#8221;kymi-saimaa@sovittelu.fi&#8221; title=&#8221;Liity j\u00e4seneksi&#8221; custom_message=&#8221;Sovittelu ry:n j\u00e4seneksi liittyminen||et_pb_line_break_holder||||et_pb_line_break_holder||Nimi: %%Nimi%%||et_pb_line_break_holder||Syntym\u00e4aika: %%Syntymaaika%%||et_pb_line_break_holder||Osoite: %%Osoite%%||et_pb_line_break_holder||Puhelinnumero: %%Puhelinnumero%%||et_pb_line_break_holder||J\u00e4senyys: %%Jasenyys%%||et_pb_line_break_holder||S\u00e4hk\u00f6postiosoite: %%Email%%||et_pb_line_break_holder||||et_pb_line_break_holder||&#8221; success_message=&#8221;Lomakkeen l\u00e4hetys onnistui&#8221; submit_button_text=&#8221;L\u00e4het\u00e4 lomake&#8221; _builder_version=&#8221;4.14.2&#8243; custom_button=&#8221;on&#8221; button_bg_color=&#8221;#458fcc&#8221; hover_enabled=&#8221;0&#8243; z_index_tablet=&#8221;500&#8243; global_colors_info=&#8221;{}&#8221; sticky_enabled=&#8221;0&#8243;][et_pb_contact_field field_id=&#8221;Nimi&#8221; field_title=&#8221;Nimi&#8221; _builder_version=&#8221;4.14.2&#8243; global_colors_info=&#8221;{}&#8221;][\/et_pb_contact_field][et_pb_contact_field field_id=&#8221;Syntymaaika&#8221; field_title=&#8221;Syntym\u00e4aika&#8221; _builder_version=&#8221;4.14.2&#8243; global_colors_info=&#8221;{}&#8221;][\/et_pb_contact_field][et_pb_contact_field field_id=&#8221;Osoite&#8221; field_title=&#8221;Osoite&#8221; _builder_version=&#8221;3.22.7&#8243; global_colors_info=&#8221;{}&#8221;][\/et_pb_contact_field][et_pb_contact_field field_id=&#8221;Puhelinnumero&#8221; field_title=&#8221;Puhelinnumero&#8221; _builder_version=&#8221;3.22.7&#8243; global_colors_info=&#8221;{}&#8221;][\/et_pb_contact_field][et_pb_contact_field field_id=&#8221;Email&#8221; field_title=&#8221;S\u00e4hk\u00f6postiosoite&#8221; _builder_version=&#8221;4.14.2&#8243; global_colors_info=&#8221;{}&#8221;][\/et_pb_contact_field][et_pb_contact_field field_id=&#8221;Jasenyys&#8221; field_title=&#8221;Sovittelu ry:n j\u00e4senyys&#8221; field_type=&#8221;checkbox&#8221; checkbox_options=&#8221;%91{%22value%22:%22 Haluan liitty\u00e4 Sovittelu ry:n j\u00e4seneksi ja maksan oma-aloitteisesti ainaisj\u00e4senmaksun 6\u20ac Sovittelu ry:n tilille.%22,%22checked%22:0,%22dragID%22:-1}%93&#8243; _builder_version=&#8221;4.14.2&#8243; global_colors_info=&#8221;{}&#8221;][\/et_pb_contact_field][\/et_pb_contact_form][\/et_pb_column][\/et_pb_row][\/et_pb_section]<\/p>\n","protected":false},"excerpt":{"rendered":"<p>SOVITTELU RYSovittelu ry on perustettu 1990 ja sen tarkoituksena on kansalaisten sosiaaliseen vastuuseen perustuen edist\u00e4\u00e4 ja yll\u00e4pit\u00e4\u00e4 yksityisen henkil\u00f6n, perheen sek\u00e4 yhteis\u00f6n sosiaalista turvallisuutta ja toimintakyky\u00e4. Sovittelu ry tuottaa sovittelupalvelua nimell\u00e4 Kymi-Saimaan sovittelutoimisto. Sovittelu ry lis\u00e4\u00e4 sinut j\u00e4senekseen ainaisj\u00e4senmaksun\u00a0 maksettuasi. Ainaisj\u00e4senmaksu on 6 \u20ac ja sen voi suorittaa Sovittelu ry:n tilille: FI24 2042 1800 0009 [&hellip;]<\/p>\n","protected":false},"author":413,"featured_media":0,"parent":0,"menu_order":0,"comment_status":"closed","ping_status":"closed","template":"","meta":{"_et_pb_use_builder":"on","_et_pb_old_content":"","_et_gb_content_width":"","footnotes":""},"class_list":["post-5582","page","type-page","status-publish","hentry"],"yoast_head":"<!-- This site is optimized with the Yoast SEO plugin v27.2 - https:\/\/yoast.com\/product\/yoast-seo-wordpress\/ -->\n<title>Sovittelu ry:n j\u00e4senyys - Kymi-Saimaan sovittelutoimisto<\/title>\n<meta name=\"robots\" content=\"index, follow, max-snippet:-1, max-image-preview:large, max-video-preview:-1\" \/>\n<link rel=\"canonical\" href=\"https:\/\/sovittelu.fi\/kymisaimaa\/sovitteluryjasenyys\/\" \/>\n<meta property=\"og:locale\" content=\"fi_FI\" \/>\n<meta property=\"og:type\" content=\"article\" \/>\n<meta property=\"og:title\" content=\"Sovittelu ry:n j\u00e4senyys - Kymi-Saimaan sovittelutoimisto\" \/>\n<meta property=\"og:description\" content=\"SOVITTELU RYSovittelu ry on perustettu 1990 ja sen tarkoituksena on kansalaisten sosiaaliseen vastuuseen perustuen edist\u00e4\u00e4 ja yll\u00e4pit\u00e4\u00e4 yksityisen henkil\u00f6n, perheen sek\u00e4 yhteis\u00f6n sosiaalista turvallisuutta ja toimintakyky\u00e4. Sovittelu ry tuottaa sovittelupalvelua nimell\u00e4 Kymi-Saimaan sovittelutoimisto. Sovittelu ry lis\u00e4\u00e4 sinut j\u00e4senekseen ainaisj\u00e4senmaksun\u00a0 maksettuasi. Ainaisj\u00e4senmaksu on 6 \u20ac ja sen voi suorittaa Sovittelu ry:n tilille: FI24 2042 1800 0009 [&hellip;]\" \/>\n<meta property=\"og:url\" content=\"https:\/\/sovittelu.fi\/kymisaimaa\/sovitteluryjasenyys\/\" \/>\n<meta property=\"og:site_name\" content=\"Kymi-Saimaan sovittelutoimisto\" \/>\n<meta property=\"article:modified_time\" content=\"2022-01-12T11:08:11+00:00\" \/>\n<meta name=\"twitter:card\" content=\"summary_large_image\" \/>\n<meta name=\"twitter:label1\" content=\"Arvioitu lukuaika\" \/>\n\t<meta name=\"twitter:data1\" content=\"3 minuuttia\" \/>\n<script type=\"application\/ld+json\" class=\"yoast-schema-graph\">{\"@context\":\"https:\/\/schema.org\",\"@graph\":[{\"@type\":\"WebPage\",\"@id\":\"https:\/\/sovittelu.fi\/kymisaimaa\/sovitteluryjasenyys\/\",\"url\":\"https:\/\/sovittelu.fi\/kymisaimaa\/sovitteluryjasenyys\/\",\"name\":\"Sovittelu ry:n j\u00e4senyys - Kymi-Saimaan sovittelutoimisto\",\"isPartOf\":{\"@id\":\"https:\/\/sovittelu.fi\/kymisaimaa\/#website\"},\"datePublished\":\"2022-01-12T10:16:49+00:00\",\"dateModified\":\"2022-01-12T11:08:11+00:00\",\"breadcrumb\":{\"@id\":\"https:\/\/sovittelu.fi\/kymisaimaa\/sovitteluryjasenyys\/#breadcrumb\"},\"inLanguage\":\"fi\",\"potentialAction\":[{\"@type\":\"ReadAction\",\"target\":[\"https:\/\/sovittelu.fi\/kymisaimaa\/sovitteluryjasenyys\/\"]}]},{\"@type\":\"BreadcrumbList\",\"@id\":\"https:\/\/sovittelu.fi\/kymisaimaa\/sovitteluryjasenyys\/#breadcrumb\",\"itemListElement\":[{\"@type\":\"ListItem\",\"position\":1,\"name\":\"Home\",\"item\":\"https:\/\/sovittelu.fi\/kymisaimaa\/\"},{\"@type\":\"ListItem\",\"position\":2,\"name\":\"Sovittelu ry:n j\u00e4senyys\"}]},{\"@type\":\"WebSite\",\"@id\":\"https:\/\/sovittelu.fi\/kymisaimaa\/#website\",\"url\":\"https:\/\/sovittelu.fi\/kymisaimaa\/\",\"name\":\"Kymi-Saimaan sovittelutoimisto\",\"description\":\"Kymi-Saimaan sovittelutoimisto\",\"potentialAction\":[{\"@type\":\"SearchAction\",\"target\":{\"@type\":\"EntryPoint\",\"urlTemplate\":\"https:\/\/sovittelu.fi\/kymisaimaa\/?s={search_term_string}\"},\"query-input\":{\"@type\":\"PropertyValueSpecification\",\"valueRequired\":true,\"valueName\":\"search_term_string\"}}],\"inLanguage\":\"fi\"}]}<\/script>\n<!-- \/ Yoast SEO plugin. -->","yoast_head_json":{"title":"Sovittelu ry:n j\u00e4senyys - Kymi-Saimaan sovittelutoimisto","robots":{"index":"index","follow":"follow","max-snippet":"max-snippet:-1","max-image-preview":"max-image-preview:large","max-video-preview":"max-video-preview:-1"},"canonical":"https:\/\/sovittelu.fi\/kymisaimaa\/sovitteluryjasenyys\/","og_locale":"fi_FI","og_type":"article","og_title":"Sovittelu ry:n j\u00e4senyys - Kymi-Saimaan sovittelutoimisto","og_description":"SOVITTELU RYSovittelu ry on perustettu 1990 ja sen tarkoituksena on kansalaisten sosiaaliseen vastuuseen perustuen edist\u00e4\u00e4 ja yll\u00e4pit\u00e4\u00e4 yksityisen henkil\u00f6n, perheen sek\u00e4 yhteis\u00f6n sosiaalista turvallisuutta ja toimintakyky\u00e4. Sovittelu ry tuottaa sovittelupalvelua nimell\u00e4 Kymi-Saimaan sovittelutoimisto. Sovittelu ry lis\u00e4\u00e4 sinut j\u00e4senekseen ainaisj\u00e4senmaksun\u00a0 maksettuasi. Ainaisj\u00e4senmaksu on 6 \u20ac ja sen voi suorittaa Sovittelu ry:n tilille: FI24 2042 1800 0009 [&hellip;]","og_url":"https:\/\/sovittelu.fi\/kymisaimaa\/sovitteluryjasenyys\/","og_site_name":"Kymi-Saimaan sovittelutoimisto","article_modified_time":"2022-01-12T11:08:11+00:00","twitter_card":"summary_large_image","twitter_misc":{"Arvioitu lukuaika":"3 minuuttia"},"schema":{"@context":"https:\/\/schema.org","@graph":[{"@type":"WebPage","@id":"https:\/\/sovittelu.fi\/kymisaimaa\/sovitteluryjasenyys\/","url":"https:\/\/sovittelu.fi\/kymisaimaa\/sovitteluryjasenyys\/","name":"Sovittelu ry:n j\u00e4senyys - Kymi-Saimaan sovittelutoimisto","isPartOf":{"@id":"https:\/\/sovittelu.fi\/kymisaimaa\/#website"},"datePublished":"2022-01-12T10:16:49+00:00","dateModified":"2022-01-12T11:08:11+00:00","breadcrumb":{"@id":"https:\/\/sovittelu.fi\/kymisaimaa\/sovitteluryjasenyys\/#breadcrumb"},"inLanguage":"fi","potentialAction":[{"@type":"ReadAction","target":["https:\/\/sovittelu.fi\/kymisaimaa\/sovitteluryjasenyys\/"]}]},{"@type":"BreadcrumbList","@id":"https:\/\/sovittelu.fi\/kymisaimaa\/sovitteluryjasenyys\/#breadcrumb","itemListElement":[{"@type":"ListItem","position":1,"name":"Home","item":"https:\/\/sovittelu.fi\/kymisaimaa\/"},{"@type":"ListItem","position":2,"name":"Sovittelu ry:n j\u00e4senyys"}]},{"@type":"WebSite","@id":"https:\/\/sovittelu.fi\/kymisaimaa\/#website","url":"https:\/\/sovittelu.fi\/kymisaimaa\/","name":"Kymi-Saimaan sovittelutoimisto","description":"Kymi-Saimaan sovittelutoimisto","potentialAction":[{"@type":"SearchAction","target":{"@type":"EntryPoint","urlTemplate":"https:\/\/sovittelu.fi\/kymisaimaa\/?s={search_term_string}"},"query-input":{"@type":"PropertyValueSpecification","valueRequired":true,"valueName":"search_term_string"}}],"inLanguage":"fi"}]}},"_links":{"self":[{"href":"https:\/\/sovittelu.fi\/kymisaimaa\/wp-json\/wp\/v2\/pages\/5582","targetHints":{"allow":["GET"]}}],"collection":[{"href":"https:\/\/sovittelu.fi\/kymisaimaa\/wp-json\/wp\/v2\/pages"}],"about":[{"href":"https:\/\/sovittelu.fi\/kymisaimaa\/wp-json\/wp\/v2\/types\/page"}],"author":[{"embeddable":true,"href":"https:\/\/sovittelu.fi\/kymisaimaa\/wp-json\/wp\/v2\/users\/413"}],"replies":[{"embeddable":true,"href":"https:\/\/sovittelu.fi\/kymisaimaa\/wp-json\/wp\/v2\/comments?post=5582"}],"version-history":[{"count":11,"href":"https:\/\/sovittelu.fi\/kymisaimaa\/wp-json\/wp\/v2\/pages\/5582\/revisions"}],"predecessor-version":[{"id":5608,"href":"https:\/\/sovittelu.fi\/kymisaimaa\/wp-json\/wp\/v2\/pages\/5582\/revisions\/5608"}],"wp:attachment":[{"href":"https:\/\/sovittelu.fi\/kymisaimaa\/wp-json\/wp\/v2\/media?parent=5582"}],"curies":[{"name":"wp","href":"https:\/\/api.w.org\/{rel}","templated":true}]}}