{"id":1538,"date":"2019-08-19T17:35:08","date_gmt":"2019-08-19T14:35:08","guid":{"rendered":"https:\/\/sovittelu.fi\/kymisaimaa\/?page_id=1538"},"modified":"2026-01-02T14:49:22","modified_gmt":"2026-01-02T11:49:22","slug":"sovittelualoite-kymi-saimaa","status":"publish","type":"page","link":"https:\/\/sovittelu.fi\/kymisaimaa\/sovittelualoite-kymi-saimaa\/","title":{"rendered":"Sovittelualoite Kymi-Saimaa"},"content":{"rendered":"<p>[et_pb_section fb_built=&#8221;1&#8243; _builder_version=&#8221;4.16&#8243; global_colors_info=&#8221;{}&#8221;][et_pb_row column_structure=&#8221;2_3,1_3&#8243; _builder_version=&#8221;4.16&#8243; background_size=&#8221;initial&#8221; background_position=&#8221;top_left&#8221; background_repeat=&#8221;repeat&#8221; global_colors_info=&#8221;{}&#8221;][et_pb_column type=&#8221;2_3&#8243; _builder_version=&#8221;4.16&#8243; custom_padding=&#8221;|||&#8221; global_colors_info=&#8221;{}&#8221; custom_padding__hover=&#8221;|||&#8221;][et_pb_text _builder_version=&#8221;4.16&#8243; z_index_tablet=&#8221;500&#8243; text_text_shadow_horizontal_length_tablet=&#8221;0px&#8221; text_text_shadow_vertical_length_tablet=&#8221;0px&#8221; text_text_shadow_blur_strength_tablet=&#8221;1px&#8221; link_text_shadow_horizontal_length_tablet=&#8221;0px&#8221; link_text_shadow_vertical_length_tablet=&#8221;0px&#8221; link_text_shadow_blur_strength_tablet=&#8221;1px&#8221; ul_text_shadow_horizontal_length_tablet=&#8221;0px&#8221; ul_text_shadow_vertical_length_tablet=&#8221;0px&#8221; ul_text_shadow_blur_strength_tablet=&#8221;1px&#8221; ol_text_shadow_horizontal_length_tablet=&#8221;0px&#8221; ol_text_shadow_vertical_length_tablet=&#8221;0px&#8221; ol_text_shadow_blur_strength_tablet=&#8221;1px&#8221; quote_text_shadow_horizontal_length_tablet=&#8221;0px&#8221; quote_text_shadow_vertical_length_tablet=&#8221;0px&#8221; quote_text_shadow_blur_strength_tablet=&#8221;1px&#8221; header_text_shadow_horizontal_length_tablet=&#8221;0px&#8221; header_text_shadow_vertical_length_tablet=&#8221;0px&#8221; header_text_shadow_blur_strength_tablet=&#8221;1px&#8221; header_2_text_shadow_horizontal_length_tablet=&#8221;0px&#8221; header_2_text_shadow_vertical_length_tablet=&#8221;0px&#8221; header_2_text_shadow_blur_strength_tablet=&#8221;1px&#8221; header_3_text_shadow_horizontal_length_tablet=&#8221;0px&#8221; header_3_text_shadow_vertical_length_tablet=&#8221;0px&#8221; header_3_text_shadow_blur_strength_tablet=&#8221;1px&#8221; header_4_text_shadow_horizontal_length_tablet=&#8221;0px&#8221; header_4_text_shadow_vertical_length_tablet=&#8221;0px&#8221; header_4_text_shadow_blur_strength_tablet=&#8221;1px&#8221; header_5_text_shadow_horizontal_length_tablet=&#8221;0px&#8221; header_5_text_shadow_vertical_length_tablet=&#8221;0px&#8221; header_5_text_shadow_blur_strength_tablet=&#8221;1px&#8221; header_6_text_shadow_horizontal_length_tablet=&#8221;0px&#8221; header_6_text_shadow_vertical_length_tablet=&#8221;0px&#8221; header_6_text_shadow_blur_strength_tablet=&#8221;1px&#8221; box_shadow_horizontal_tablet=&#8221;0px&#8221; box_shadow_vertical_tablet=&#8221;0px&#8221; box_shadow_blur_tablet=&#8221;40px&#8221; box_shadow_spread_tablet=&#8221;0px&#8221; global_colors_info=&#8221;{}&#8221;]<\/p>\n<h1><strong><span style=\"font-size: 24pt;color: #5191cd\">Sovittelualoite<\/span><\/strong><\/h1>\n<p>&nbsp;<\/p>\n<p><span style=\"font-size: 12pt\">Sovittelualoitteen voit tehd\u00e4 Kymi-Saimaan sovittelutoimistoon s\u00e4hk\u00f6isesti. Vaihtoehtoisesti voit my\u00f6s tulostaa aloitelomakkeen<a href=\"https:\/\/sovittelu.fi\/pohjois-karjala\/wp-content\/uploads\/sites\/3\/2019\/09\/sovittelualoite-2019-Pohjois-Karjala.pdf\" target=\"_blank\" rel=\"noopener noreferrer\">\u00a0<\/a>ja toimittaa sen osoitteella Kymi-Saimaan sovittelutoimisto, Mikkelin aluetoimisto, Porrassalmenkatu 19 B 32, 50100 Mikkeli.<\/span><\/p>\n<p>[\/et_pb_text][et_pb_button button_url=&#8221;https:\/\/sovittelu.fi\/kymisaimaa\/sovittelualoite-lomake-kymi-saimaa\/&#8221; button_text=&#8221;S\u00e4hk\u00f6inen aloitelomake&#8221; _builder_version=&#8221;4.16&#8243; custom_button=&#8221;on&#8221; button_text_size=&#8221;16px&#8221; button_bg_color=&#8221;#458fcc&#8221; global_colors_info=&#8221;{}&#8221;][\/et_pb_button][et_pb_button button_url=&#8221;https:\/\/sovittelu.fi\/kymisaimaa\/wp-content\/uploads\/sites\/4\/2019\/09\/sovittelualoite-2019-Kymi-Saimaa-1.pdf&#8221; url_new_window=&#8221;on&#8221; button_text=&#8221;Tulostettava aloitelomake&#8221; _builder_version=&#8221;4.16&#8243; custom_button=&#8221;on&#8221; button_text_size=&#8221;16px&#8221; button_bg_color=&#8221;#458fcc&#8221; global_colors_info=&#8221;{}&#8221;][\/et_pb_button][et_pb_text _builder_version=&#8221;4.16&#8243; z_index_tablet=&#8221;500&#8243; text_text_shadow_horizontal_length_tablet=&#8221;0px&#8221; text_text_shadow_vertical_length_tablet=&#8221;0px&#8221; text_text_shadow_blur_strength_tablet=&#8221;1px&#8221; link_text_shadow_horizontal_length_tablet=&#8221;0px&#8221; link_text_shadow_vertical_length_tablet=&#8221;0px&#8221; link_text_shadow_blur_strength_tablet=&#8221;1px&#8221; ul_text_shadow_horizontal_length_tablet=&#8221;0px&#8221; ul_text_shadow_vertical_length_tablet=&#8221;0px&#8221; ul_text_shadow_blur_strength_tablet=&#8221;1px&#8221; ol_text_shadow_horizontal_length_tablet=&#8221;0px&#8221; ol_text_shadow_vertical_length_tablet=&#8221;0px&#8221; ol_text_shadow_blur_strength_tablet=&#8221;1px&#8221; quote_text_shadow_horizontal_length_tablet=&#8221;0px&#8221; quote_text_shadow_vertical_length_tablet=&#8221;0px&#8221; quote_text_shadow_blur_strength_tablet=&#8221;1px&#8221; header_text_shadow_horizontal_length_tablet=&#8221;0px&#8221; header_text_shadow_vertical_length_tablet=&#8221;0px&#8221; header_text_shadow_blur_strength_tablet=&#8221;1px&#8221; header_2_text_shadow_horizontal_length_tablet=&#8221;0px&#8221; header_2_text_shadow_vertical_length_tablet=&#8221;0px&#8221; header_2_text_shadow_blur_strength_tablet=&#8221;1px&#8221; header_3_text_shadow_horizontal_length_tablet=&#8221;0px&#8221; header_3_text_shadow_vertical_length_tablet=&#8221;0px&#8221; header_3_text_shadow_blur_strength_tablet=&#8221;1px&#8221; header_4_text_shadow_horizontal_length_tablet=&#8221;0px&#8221; header_4_text_shadow_vertical_length_tablet=&#8221;0px&#8221; header_4_text_shadow_blur_strength_tablet=&#8221;1px&#8221; header_5_text_shadow_horizontal_length_tablet=&#8221;0px&#8221; header_5_text_shadow_vertical_length_tablet=&#8221;0px&#8221; header_5_text_shadow_blur_strength_tablet=&#8221;1px&#8221; header_6_text_shadow_horizontal_length_tablet=&#8221;0px&#8221; header_6_text_shadow_vertical_length_tablet=&#8221;0px&#8221; header_6_text_shadow_blur_strength_tablet=&#8221;1px&#8221; box_shadow_horizontal_tablet=&#8221;0px&#8221; box_shadow_vertical_tablet=&#8221;0px&#8221; box_shadow_blur_tablet=&#8221;40px&#8221; box_shadow_spread_tablet=&#8221;0px&#8221; global_colors_info=&#8221;{}&#8221;]<\/p>\n<h4>\u00a0<\/h4>\n<h4><strong><span style=\"color: #5191cd;font-size: 14pt\">Sovittelualoitteen voi tehd\u00e4<\/span><\/strong><\/h4>\n<ul>\n<li><span style=\"font-size: 12pt\">riidan tai rikoksen osapuoli itse<\/span><\/li>\n<li><span style=\"font-size: 12pt\">alaik\u00e4isen huoltaja tai muu laillinen edustaja<\/span><\/li>\n<li><span style=\"font-size: 12pt\">t\u00e4ysi-ik\u00e4isen vajaavaltaisen edunvalvoja<\/span><\/li>\n<li><span style=\"font-size: 12pt\">poliisi- tai syytt\u00e4j\u00e4viranomainen<\/span><\/li>\n<li><span style=\"font-size: 12pt\">muu viranomainen<\/span><\/li>\n<\/ul>\n<p>&nbsp;<\/p>\n<p><span style=\"font-size: 12pt\">Sovittelutoimisto selvitt\u00e4\u00e4 asian soveltuvuuden sovitteluun ja ottaa yhteytt\u00e4 asianosaisiin. \u00a0 \u00a0<\/span><\/p>\n<p>[\/et_pb_text][\/et_pb_column][et_pb_column type=&#8221;1_3&#8243; _builder_version=&#8221;4.16&#8243; custom_padding=&#8221;|||&#8221; global_colors_info=&#8221;{}&#8221; custom_padding__hover=&#8221;|||&#8221;][et_pb_image src=&#8221;https:\/\/sovittelu.fi\/kymisaimaa\/wp-content\/uploads\/sites\/4\/2019\/04\/Rakennamme-sovintoa_pystyristikkoA6-1.jpg&#8221; _builder_version=&#8221;4.16&#8243; custom_margin=&#8221;110px||||false|false&#8221; z_index_tablet=&#8221;500&#8243; border_radii=&#8221;on|10px|10px|10px|10px&#8221; box_shadow_horizontal_tablet=&#8221;0px&#8221; box_shadow_vertical_tablet=&#8221;0px&#8221; box_shadow_blur_tablet=&#8221;40px&#8221; box_shadow_spread_tablet=&#8221;0px&#8221; global_colors_info=&#8221;{}&#8221;][\/et_pb_image][\/et_pb_column][\/et_pb_row][\/et_pb_section]<\/p>\n","protected":false},"excerpt":{"rendered":"<p>Sovittelualoite &nbsp; Sovittelualoitteen voit tehd\u00e4 Kymi-Saimaan sovittelutoimistoon s\u00e4hk\u00f6isesti. Vaihtoehtoisesti voit my\u00f6s tulostaa aloitelomakkeen\u00a0ja toimittaa sen osoitteella Kymi-Saimaan sovittelutoimisto, Mikkelin aluetoimisto, Porrassalmenkatu 19 B 32, 50100 Mikkeli.\u00a0 Sovittelualoitteen voi tehd\u00e4 riidan tai rikoksen osapuoli itse alaik\u00e4isen huoltaja tai muu laillinen edustaja t\u00e4ysi-ik\u00e4isen vajaavaltaisen edunvalvoja poliisi- tai syytt\u00e4j\u00e4viranomainen muu viranomainen &nbsp; Sovittelutoimisto selvitt\u00e4\u00e4 asian soveltuvuuden sovitteluun ja [&hellip;]<\/p>\n","protected":false},"author":1,"featured_media":0,"parent":0,"menu_order":0,"comment_status":"closed","ping_status":"closed","template":"","meta":{"_et_pb_use_builder":"on","_et_pb_old_content":"<p>KORVAA T\u00c4H\u00c4N VANHA TEKSTI UUDELLA<\/p><p>Sovittelua koskevan aloitteen rikos- tai riita-asiassa voi tehd\u00e4 t\u00e4ydent\u00e4m\u00e4ll\u00e4 sovittelualoitelomakkeen (pdf) ja toimittamalla sen oman alueen sovittelutoimistoon. Sovittelualoitteella sovitteluasia saadaan vireille.<\/p><h4>Sovittelualoitteen voi tehd\u00e4<\/h4><ul><li>osapuoli<\/li><li>alaik\u00e4isen huoltaja tai muu laillinen edustaja<\/li><li>t\u00e4ysi-ik\u00e4isen vajaavaltaisen edunvalvoja<\/li><li>poliisi- tai syytt\u00e4j\u00e4viranomainen<\/li><li>muu viranomainen.<\/li><\/ul><h5><a title=\"Sovittelualoite, Kymi-Saimaan lomake\" href=\"https:\/\/www.sovittelu.fi\/images\/tiedostot\/Sovittelualoite,%20Kymi-Saimaan%20lomake.pdf\" target=\"_blank\" rel=\"noopener noreferrer\">Sovittelualoite, Kymi-Saimaan lomake.pdf<br \/><\/a><\/h5><p>Tallenna pdf omalle koneellesi, avaa Adobe Reader -ohjelmalla<br \/>ja t\u00e4ydenn\u00e4 lomake. L\u00e4het\u00e4 lomake s\u00e4hk\u00f6postin liitteen\u00e4 sovittelutoimistoon.<\/p><p><strong>Lomakkeen voi my\u00f6s tulostaa ja toimittaa<br \/>t\u00e4ytettyn\u00e4 postitse sovittelutoimistoon.<\/strong><\/p><p><a title=\"Lataa Adobe Reader t\u00e4st\u00e4\" href=\"https:\/\/get.adobe.com\/fi\/reader\/\" target=\"_blank\" rel=\"noopener noreferrer\">Adobe Reader -ohjelman voi ladata t\u00e4st\u00e4.<\/a><\/p>","_et_gb_content_width":"","footnotes":""},"class_list":["post-1538","page","type-page","status-publish","hentry"],"yoast_head":"<!-- This site is optimized with the Yoast SEO plugin v27.3 - https:\/\/yoast.com\/product\/yoast-seo-wordpress\/ -->\n<title>Sovittelualoite Kymi-Saimaa - Kymi-Saimaan sovittelutoimisto<\/title>\n<meta name=\"robots\" content=\"index, follow, max-snippet:-1, max-image-preview:large, max-video-preview:-1\" \/>\n<link rel=\"canonical\" href=\"https:\/\/sovittelu.fi\/kymisaimaa\/sovittelualoite-kymi-saimaa\/\" \/>\n<meta property=\"og:locale\" content=\"fi_FI\" \/>\n<meta property=\"og:type\" content=\"article\" \/>\n<meta property=\"og:title\" content=\"Sovittelualoite Kymi-Saimaa - Kymi-Saimaan sovittelutoimisto\" \/>\n<meta property=\"og:description\" content=\"Sovittelualoite &nbsp; Sovittelualoitteen voit tehd\u00e4 Kymi-Saimaan sovittelutoimistoon s\u00e4hk\u00f6isesti. Vaihtoehtoisesti voit my\u00f6s tulostaa aloitelomakkeen\u00a0ja toimittaa sen osoitteella Kymi-Saimaan sovittelutoimisto, Mikkelin aluetoimisto, Porrassalmenkatu 19 B 32, 50100 Mikkeli.\u00a0 Sovittelualoitteen voi tehd\u00e4 riidan tai rikoksen osapuoli itse alaik\u00e4isen huoltaja tai muu laillinen edustaja t\u00e4ysi-ik\u00e4isen vajaavaltaisen edunvalvoja poliisi- tai syytt\u00e4j\u00e4viranomainen muu viranomainen &nbsp; Sovittelutoimisto selvitt\u00e4\u00e4 asian soveltuvuuden sovitteluun ja [&hellip;]\" \/>\n<meta property=\"og:url\" content=\"https:\/\/sovittelu.fi\/kymisaimaa\/sovittelualoite-kymi-saimaa\/\" \/>\n<meta property=\"og:site_name\" content=\"Kymi-Saimaan sovittelutoimisto\" \/>\n<meta property=\"article:modified_time\" content=\"2026-01-02T11:49:22+00:00\" \/>\n<meta name=\"twitter:card\" content=\"summary_large_image\" \/>\n<meta name=\"twitter:label1\" content=\"Arvioitu lukuaika\" \/>\n\t<meta name=\"twitter:data1\" content=\"1 minuutti\" \/>\n<script type=\"application\/ld+json\" class=\"yoast-schema-graph\">{\"@context\":\"https:\\\/\\\/schema.org\",\"@graph\":[{\"@type\":\"WebPage\",\"@id\":\"https:\\\/\\\/sovittelu.fi\\\/kymisaimaa\\\/sovittelualoite-kymi-saimaa\\\/\",\"url\":\"https:\\\/\\\/sovittelu.fi\\\/kymisaimaa\\\/sovittelualoite-kymi-saimaa\\\/\",\"name\":\"Sovittelualoite Kymi-Saimaa - Kymi-Saimaan sovittelutoimisto\",\"isPartOf\":{\"@id\":\"https:\\\/\\\/sovittelu.fi\\\/kymisaimaa\\\/#website\"},\"datePublished\":\"2019-08-19T14:35:08+00:00\",\"dateModified\":\"2026-01-02T11:49:22+00:00\",\"breadcrumb\":{\"@id\":\"https:\\\/\\\/sovittelu.fi\\\/kymisaimaa\\\/sovittelualoite-kymi-saimaa\\\/#breadcrumb\"},\"inLanguage\":\"fi\",\"potentialAction\":[{\"@type\":\"ReadAction\",\"target\":[\"https:\\\/\\\/sovittelu.fi\\\/kymisaimaa\\\/sovittelualoite-kymi-saimaa\\\/\"]}]},{\"@type\":\"BreadcrumbList\",\"@id\":\"https:\\\/\\\/sovittelu.fi\\\/kymisaimaa\\\/sovittelualoite-kymi-saimaa\\\/#breadcrumb\",\"itemListElement\":[{\"@type\":\"ListItem\",\"position\":1,\"name\":\"Home\",\"item\":\"https:\\\/\\\/sovittelu.fi\\\/kymisaimaa\\\/\"},{\"@type\":\"ListItem\",\"position\":2,\"name\":\"Sovittelualoite Kymi-Saimaa\"}]},{\"@type\":\"WebSite\",\"@id\":\"https:\\\/\\\/sovittelu.fi\\\/kymisaimaa\\\/#website\",\"url\":\"https:\\\/\\\/sovittelu.fi\\\/kymisaimaa\\\/\",\"name\":\"Kymi-Saimaan sovittelutoimisto\",\"description\":\"Kymi-Saimaan sovittelutoimisto\",\"potentialAction\":[{\"@type\":\"SearchAction\",\"target\":{\"@type\":\"EntryPoint\",\"urlTemplate\":\"https:\\\/\\\/sovittelu.fi\\\/kymisaimaa\\\/?s={search_term_string}\"},\"query-input\":{\"@type\":\"PropertyValueSpecification\",\"valueRequired\":true,\"valueName\":\"search_term_string\"}}],\"inLanguage\":\"fi\"}]}<\/script>\n<!-- \/ Yoast SEO plugin. -->","yoast_head_json":{"title":"Sovittelualoite Kymi-Saimaa - Kymi-Saimaan sovittelutoimisto","robots":{"index":"index","follow":"follow","max-snippet":"max-snippet:-1","max-image-preview":"max-image-preview:large","max-video-preview":"max-video-preview:-1"},"canonical":"https:\/\/sovittelu.fi\/kymisaimaa\/sovittelualoite-kymi-saimaa\/","og_locale":"fi_FI","og_type":"article","og_title":"Sovittelualoite Kymi-Saimaa - Kymi-Saimaan sovittelutoimisto","og_description":"Sovittelualoite &nbsp; Sovittelualoitteen voit tehd\u00e4 Kymi-Saimaan sovittelutoimistoon s\u00e4hk\u00f6isesti. Vaihtoehtoisesti voit my\u00f6s tulostaa aloitelomakkeen\u00a0ja toimittaa sen osoitteella Kymi-Saimaan sovittelutoimisto, Mikkelin aluetoimisto, Porrassalmenkatu 19 B 32, 50100 Mikkeli.\u00a0 Sovittelualoitteen voi tehd\u00e4 riidan tai rikoksen osapuoli itse alaik\u00e4isen huoltaja tai muu laillinen edustaja t\u00e4ysi-ik\u00e4isen vajaavaltaisen edunvalvoja poliisi- tai syytt\u00e4j\u00e4viranomainen muu viranomainen &nbsp; Sovittelutoimisto selvitt\u00e4\u00e4 asian soveltuvuuden sovitteluun ja [&hellip;]","og_url":"https:\/\/sovittelu.fi\/kymisaimaa\/sovittelualoite-kymi-saimaa\/","og_site_name":"Kymi-Saimaan sovittelutoimisto","article_modified_time":"2026-01-02T11:49:22+00:00","twitter_card":"summary_large_image","twitter_misc":{"Arvioitu lukuaika":"1 minuutti"},"schema":{"@context":"https:\/\/schema.org","@graph":[{"@type":"WebPage","@id":"https:\/\/sovittelu.fi\/kymisaimaa\/sovittelualoite-kymi-saimaa\/","url":"https:\/\/sovittelu.fi\/kymisaimaa\/sovittelualoite-kymi-saimaa\/","name":"Sovittelualoite Kymi-Saimaa - Kymi-Saimaan sovittelutoimisto","isPartOf":{"@id":"https:\/\/sovittelu.fi\/kymisaimaa\/#website"},"datePublished":"2019-08-19T14:35:08+00:00","dateModified":"2026-01-02T11:49:22+00:00","breadcrumb":{"@id":"https:\/\/sovittelu.fi\/kymisaimaa\/sovittelualoite-kymi-saimaa\/#breadcrumb"},"inLanguage":"fi","potentialAction":[{"@type":"ReadAction","target":["https:\/\/sovittelu.fi\/kymisaimaa\/sovittelualoite-kymi-saimaa\/"]}]},{"@type":"BreadcrumbList","@id":"https:\/\/sovittelu.fi\/kymisaimaa\/sovittelualoite-kymi-saimaa\/#breadcrumb","itemListElement":[{"@type":"ListItem","position":1,"name":"Home","item":"https:\/\/sovittelu.fi\/kymisaimaa\/"},{"@type":"ListItem","position":2,"name":"Sovittelualoite Kymi-Saimaa"}]},{"@type":"WebSite","@id":"https:\/\/sovittelu.fi\/kymisaimaa\/#website","url":"https:\/\/sovittelu.fi\/kymisaimaa\/","name":"Kymi-Saimaan sovittelutoimisto","description":"Kymi-Saimaan sovittelutoimisto","potentialAction":[{"@type":"SearchAction","target":{"@type":"EntryPoint","urlTemplate":"https:\/\/sovittelu.fi\/kymisaimaa\/?s={search_term_string}"},"query-input":{"@type":"PropertyValueSpecification","valueRequired":true,"valueName":"search_term_string"}}],"inLanguage":"fi"}]}},"_links":{"self":[{"href":"https:\/\/sovittelu.fi\/kymisaimaa\/wp-json\/wp\/v2\/pages\/1538","targetHints":{"allow":["GET"]}}],"collection":[{"href":"https:\/\/sovittelu.fi\/kymisaimaa\/wp-json\/wp\/v2\/pages"}],"about":[{"href":"https:\/\/sovittelu.fi\/kymisaimaa\/wp-json\/wp\/v2\/types\/page"}],"author":[{"embeddable":true,"href":"https:\/\/sovittelu.fi\/kymisaimaa\/wp-json\/wp\/v2\/users\/1"}],"replies":[{"embeddable":true,"href":"https:\/\/sovittelu.fi\/kymisaimaa\/wp-json\/wp\/v2\/comments?post=1538"}],"version-history":[{"count":1,"href":"https:\/\/sovittelu.fi\/kymisaimaa\/wp-json\/wp\/v2\/pages\/1538\/revisions"}],"predecessor-version":[{"id":12126,"href":"https:\/\/sovittelu.fi\/kymisaimaa\/wp-json\/wp\/v2\/pages\/1538\/revisions\/12126"}],"wp:attachment":[{"href":"https:\/\/sovittelu.fi\/kymisaimaa\/wp-json\/wp\/v2\/media?parent=1538"}],"curies":[{"name":"wp","href":"https:\/\/api.w.org\/{rel}","templated":true}]}}